{"id":10336,"date":"2018-06-25T09:56:36","date_gmt":"2018-06-25T09:56:36","guid":{"rendered":"http:\/\/www.tiszaparti.hu\/?page_id=10336"},"modified":"2022-09-09T12:30:45","modified_gmt":"2022-09-09T12:30:45","slug":"erasmus2018","status":"publish","type":"page","link":"https:\/\/www.tiszaparti.hu\/index.php\/englishsite\/erasmus2018\/","title":{"rendered":"Erasmus+2018"},"content":{"rendered":"<p>[vc_row][vc_column width=&#8221;3\/4&#8243; css=&#8221;.vc_custom_1453801158124{background-color: #f4ecde !important;}&#8221;][vc_separator style=&#8221;shadow&#8221;][vc_column_text]<\/p>\n<p style=\"text-align: justify;\">Iskol\u00e1nk az 2018-ban sikeresen p\u00e1ly\u00e1zott az Erasmus+ tan\u00e1r tov\u00e1bbk\u00e9pz\u00e9si program keret\u00e9ben bel\u00fcl KA1 mobilit\u00e1si projektek elnyer\u00e9s\u00e9re.<\/p>\n<p style=\"text-align: justify;\">A k\u00e9t \u00e9ves mobilit\u00e1si p\u00e1ly\u00e1zat h\u00e9t koll\u00e9ga angliai tov\u00e1bbk\u00e9pz\u00e9s\u00e9t tartalmazza. 2018 nyar\u00e1n az els\u0151 egy fels\u0151s angol tan\u00e1r angol m\u00f3dszertani tov\u00e1bbk\u00e9pz\u00e9sen lesz Scarborough-ban. Ezt k\u00f6vet\u0151en az angol szakos int\u00e9zm\u00e9nyvezet\u0151-helyettes az angol nyelvoktat\u00e1s szervez\u00e9s\u00e9re ir\u00e1nyul\u00f3 vezet\u0151i tov\u00e1bbk\u00e9pz\u00e9se vesz r\u00e9szt Norwich-ban. A harmadik egy als\u00f3s angol szakos pedag\u00f3gus m\u00f3dszertani tov\u00e1bbk\u00e9pz\u00e9se lesz IKT-eszk\u00f6z\u00f6k tan\u00f3rai felhaszn\u00e1l\u00e1s\u00e1r\u00f3l Canterbury-ben. 2019 nyar\u00e1n el\u0151sz\u00f6r egy angol szakos pedag\u00f3gus egy 21. sz\u00e1zadi oktat\u00e1stechnol\u00f3giai tov\u00e1bbk\u00e9pz\u00e9sen vesz r\u00e9szt Cambridge-ben. Ezut\u00e1n m\u00e1sik angol szakos tan\u00e1runk digit\u00e1lis tananyag tan\u00f3rai felhaszn\u00e1l\u00e1s\u00e1r\u00f3l sz\u00f3l\u00f3 angol m\u00f3dszertani tov\u00e1bbk\u00e9pz\u00e9s\u00e9t tervezz\u00fck Norwich-ban. Az iskola k\u00f6nyvt\u00e1ros pedag\u00f3gusa angol nyelvi k\u00e9szs\u00e9gfejleszt\u0151 tov\u00e1bbk\u00e9pz\u00e9sen vesz r\u00e9szt Oxfordban. Az iskola pedag\u00f3giai asszisztense pedig SNI gyerekek integr\u00e1lt nevel\u00e9s\u00e9nek m\u00f3dszereir\u0151l \u00e9s szervez\u00e9s\u00e9r\u0151l sz\u00f3l\u00f3 tov\u00e1bbk\u00e9pz\u00e9sen vesz r\u00e9szt York-ban.<\/p>\n<p style=\"text-align: justify;\">A tov\u00e1bbk\u00e9pz\u00e9sek c\u00e9lja a r\u00e9sztvev\u0151k m\u00f3dszertani meg\u00fajul\u00e1sa, nyelvi, m\u00f3dszertani, szeml\u00e9letbeli gazdagod\u00e1s \u00e9s nemzetk\u00f6zi kapcsolatok ki\u00e9p\u00edt\u00e9se eTwinning seg\u00edts\u00e9g\u00e9vel.<\/p>\n<p>[\/vc_column_text][vc_column_text]<a href=\"https:\/\/www.tiszaparti.hu\/wp-content\/uploads\/2018\/09\/A-projekt-osszefoglalasa.pdf\" target=\"_blank\" rel=\"noopener noreferrer\"><strong><span style=\"color: #0000ff;\">A projekt \u00f6sszefoglal\u00e1sa<\/span><\/strong><\/a><\/p>\n<p><a href=\"https:\/\/www.tiszaparti.hu\/wp-content\/uploads\/2018\/09\/A-projekt-osszefoglalasa-angolul.pdf\" target=\"_blank\" rel=\"noopener noreferrer\"><strong><span style=\"color: #0000ff;\">Summary of the project<\/span><\/strong><\/a>[\/vc_column_text][vc_separator style=&#8221;shadow&#8221;][vc_column_text]<\/p>\n<p style=\"text-align: justify;\"><strong>V\u00e1rosi disszemin\u00e1ci\u00f3 2020. janu\u00e1r 28.<\/strong><\/p>\n<p style=\"text-align: justify;\"><strong>A 2018. \u00e9vi p\u00e1ly\u00e1zatunk kapcs\u00e1n v\u00e1rosi Erasmus+ disszemin\u00e1ci\u00f3t hajtottunk v\u00e9gre:<\/strong><\/p>\n<p style=\"text-align: justify;\">2020.01.28.<\/p>\n<p style=\"text-align: justify;\">Helysz\u00edn: Tisza-parti v\u00e1rosi angol nyelvi verseny<\/p>\n<p style=\"text-align: justify;\">R\u00e9sztvev\u0151k: a versenyz\u0151 tanul\u00f3kat k\u00eds\u00e9r\u0151 tan\u00e1rok \u00e9s a Tisza-parti \u00c1ltal\u00e1nos Iskola angoltan\u00e1rai<\/p>\n<p style=\"text-align: justify;\">T\u00e9m\u00e1k:<\/p>\n<ul style=\"text-align: justify;\">\n<li>Tapasztalatok a nemzetk\u00f6zi kapcsolatok \u00e9s az Erasmus+ p\u00e1ly\u00e1zatok ter\u00e9n<\/li>\n<li>ny\u00e1ri mobilit\u00e1sr\u00e9sztvev\u0151k besz\u00e1mol\u00f3i \u00e9s tud\u00e1smegoszt\u00e1s\n<ul>\n<li>Szalontai \u00c1gnes: T\u00f6rt\u00e9netmes\u00e9l\u00e9s lehet\u0151s\u00e9gei az angol \u00f3r\u00e1n<\/li>\n<li>Dr. Moln\u00e1r Lajos G\u00e1born\u00e9: Oktat\u00e1si technol\u00f3gi\u00e1k az angol \u00f3r\u00e1n \u2013 hasznos online fel\u00fcletek \u00e9s az internet biztons\u00e1gos haszn\u00e1lat\u00e1ra ir\u00e1nyul\u00f3 m\u00f3dszerek bemutat\u00e1sa<\/li>\n<\/ul>\n<\/li>\n<\/ul>\n<p>[\/vc_column_text][vc_separator style=&#8221;shadow&#8221;][vc_column_text]<strong>Nevel\u0151test\u00fcleti disszemin\u00e1ci\u00f3 2019. november 29.<\/strong><\/p>\n<p>Az iskola munkaterv\u00e9nek megfelel\u0151en, a 2019. november 29-i szakmai napon nevel\u0151test\u00fcleti \u00e9s munkak\u00f6z\u00f6ss\u00e9gi disszemin\u00e1ci\u00f3 val\u00f3sult meg. A nevel\u0151test\u00fclet el\u0151tt a 2019. ny\u00e1ri mobilit\u00e1sok r\u00e9sztvev\u0151i besz\u00e1moltak p\u00e1ly\u00e1zati \u00e9s mobilit\u00e1si tapasztalataikr\u00f3l, megosztott\u00e1k \u00e9lm\u00e9nyeiket \u00e9s a tov\u00e1bbk\u00e9pz\u00e9seken tanultakat.<\/p>\n<p>Besz\u00e1molt<\/p>\n<ul>\n<li>Schaller Gy\u00f6rgyi int\u00e9zm\u00e9nyvezet\u0151 az oxfordi nyelvtanfolyami tapasztalatair\u00f3l,<\/li>\n<li>Dr Moln\u00e1r Lajos G\u00e1born\u00e9 angoltan\u00e1r a cambridge-i IKT kurzus\u00e1n tanultakr\u00f3l,<\/li>\n<li>Katona Gy\u00f6ngyv\u00e9r az SNI-s tanul\u00f3k integr\u00e1lt oktat\u00e1s\u00e1val kapcsolatos tov\u00e1bbk\u00e9pz\u00e9se tapasztalatair\u00f3l \u00e9s<\/li>\n<li>Szalontai \u00c1gnes a \u201eT\u00f6rt\u00e9netmes\u00e9l\u00e9s az angol \u00f3r\u00e1n\u201d c. kurzus\u00e1n tapasztaltakr\u00f3l \u00e9s az utaz\u00e1s kih\u00edv\u00e1sair\u00f3l.<\/li>\n<li>Hajd\u00fa Erzs\u00e9bet a p\u00e1ly\u00e1zati r\u00e9szv\u00e9tellel kapcsolatos feladatokr\u00f3l.<\/li>\n<\/ul>\n<p>A nap m\u00e1sodik fel\u00e9ben, munkak\u00f6z\u00f6ss\u00e9gi workshopon a r\u00e9sztvev\u0151k megosztott\u00e1k a munkak\u00f6z\u00f6ss\u00e9ggel a tov\u00e1bbk\u00e9pz\u00e9seken szerzett tud\u00e1sukat:<\/p>\n<ol>\n<li>T\u00f6rt\u00e9netmes\u00e9l\u00e9s angol \u00f3r\u00e1n \u2013 Szalontai \u00c1gnes<\/li>\n<\/ol>\n<ul>\n<li>Russel Stannad, David Farmer<\/li>\n<\/ul>\n<ol start=\"2\">\n<li>Internetes eszk\u00f6z\u00f6k az angoltan\u00edt\u00e1sban \u2013 Dr. Moln\u00e1r Lajos G\u00e1born\u00e9<\/li>\n<\/ol>\n<ul>\n<li>Aj\u00e1nlott internetes fel\u00fcletetek:<\/li>\n<\/ul>\n<p><a href=\"http:\/\/www.diigo.com\" target=\"_blank\" rel=\"noopener noreferrer\">diigo.com<\/a>, <a href=\"http:\/\/www.answergarden.ch\" target=\"_blank\" rel=\"noopener noreferrer\">Answergarden.ch<\/a>, <a href=\"http:\/\/www.abeya.com\/games\/wordclouds.com\" target=\"_blank\" rel=\"noopener noreferrer\">abeya.com\/games\/wordclouds<\/a>, <a href=\"http:\/\/www.padlet.com\" target=\"_blank\" rel=\"noopener noreferrer\">padlet.com<\/a>, <a href=\"http:\/\/www.dreamreader.net\" target=\"_blank\" rel=\"noopener noreferrer\">dreamreader.net<\/a>[\/vc_column_text][vc_column_text]<a href=\"https:\/\/www.tiszaparti.hu\/wp-content\/uploads\/2020\/02\/IKT-es-online-eszkozok-a-tanitasban.pdf\" target=\"_blank\" rel=\"noopener noreferrer\"><strong><span style=\"color: #0000ff;\">IKT \u00e9s online eszk\u00f6z\u00f6k a tan\u00edt\u00e1sban<\/span><\/strong><\/a>[\/vc_column_text][vc_separator style=&#8221;shadow&#8221;][vc_column_text]<em>2019. ny\u00e1r<\/em><\/p>\n<p><a href=\"https:\/\/www.tiszaparti.hu\/wp-content\/uploads\/2019\/12\/Uti-beszamolo-Katona-Gyongyver-Rozsa.pdf\"><em>\u00dati besz\u00e1mol\u00f3 &#8211; Katona Gy\u00f6ngyv\u00e9r R\u00f3zsa<\/em><\/a><\/p>\n<p><a href=\"https:\/\/www.tiszaparti.hu\/wp-content\/uploads\/2019\/12\/Uti-beszamolo-Molnar-Lajos-Gaborne.pdf\"><em>\u00dati besz\u00e1mol\u00f3 &#8211; Dr. Moln\u00e1r Lajos G\u00e1born\u00e9<\/em><\/a><\/p>\n<p><a href=\"https:\/\/www.tiszaparti.hu\/wp-content\/uploads\/2019\/12\/Uti-beszamolo-Schaller-Gyorgyi.pdf\"><em>\u00dati besz\u00e1mol\u00f3 &#8211; Schaller Gy\u00f6rgyi<\/em><\/a><\/p>\n<p><a href=\"https:\/\/www.tiszaparti.hu\/wp-content\/uploads\/2019\/12\/Uti-beszamolo-Szalontai-Agnes.pdf\"><em>\u00dati besz\u00e1mol\u00f3 &#8211; Szalontai \u00c1gnes<\/em><\/a>[\/vc_column_text][vc_separator style=&#8221;shadow&#8221;][vc_column_text]<strong>Nevel\u0151test\u00fcleti disszemin\u00e1ci\u00f3 2018.december 1.<\/strong><\/p>\n<p style=\"padding-left: 30px;\"><a href=\"https:\/\/www.tiszaparti.hu\/wp-content\/uploads\/2019\/01\/Phototelling.pdf\" target=\"_blank\" rel=\"noopener noreferrer\"><span style=\"color: #0000ff;\"><strong>Phototelling<\/strong><\/span><\/a><\/p>\n<p style=\"padding-left: 30px;\"><a href=\"https:\/\/www.tiszaparti.hu\/wp-content\/uploads\/2018\/12\/Mobil-technologiak.pdf\" target=\"_blank\" rel=\"noopener noreferrer\"><strong><span style=\"color: #0000ff;\">Mobiltechnol\u00f3gi\u00e1k<\/span><\/strong><\/a><\/p>\n<p>[\/vc_column_text][vc_gallery type=&#8221;slick_slider&#8221; images=&#8221;18380,18381,18382&#8243;][vc_separator style=&#8221;shadow&#8221;][vc_column_text]<em>2018. ny\u00e1r<\/em><\/p>\n<p><a href=\"https:\/\/www.tiszaparti.hu\/wp-content\/uploads\/2018\/09\/Uti-beszamolo-Gellen-Dora.pdf\" target=\"_blank\" rel=\"noopener noreferrer\"><em>\u00dati besz\u00e1mol\u00f3 &#8211; Gell\u00e9n D\u00f3ra<\/em><\/a><\/p>\n<p><a href=\"https:\/\/www.tiszaparti.hu\/wp-content\/uploads\/2018\/09\/Uti-beszamolo-Hajdu-Erzsebet.pdf\" target=\"_blank\" rel=\"noopener noreferrer\"><em>\u00dati besz\u00e1mol\u00f3 &#8211; Hajd\u00fa Erzs\u00e9bet<\/em><\/a><\/p>\n<p><a href=\"https:\/\/www.tiszaparti.hu\/wp-content\/uploads\/2018\/09\/Uti-beszamolo-Krizsanne-Meszaros-Erika.pdf\" target=\"_blank\" rel=\"noopener noreferrer\"><em>\u00dati besz\u00e1mol\u00f3 &#8211; Krizs\u00e1nn\u00e9 M\u00e9sz\u00e1ros Erika<\/em><\/a>[\/vc_column_text][vc_separator style=&#8221;shadow&#8221;][\/vc_column][vc_column width=&#8221;1\/4&#8243; css=&#8221;.vc_custom_1453801141453{background-color: #f4f4f4 !important;}&#8221;][vc_widget_sidebar sidebar_id=&#8221;default&#8221;][\/vc_column][\/vc_row][vc_row][vc_column][vc_column_text]<\/p>\n<p>[\/vc_column_text][\/vc_column][\/vc_row]<\/p>\n","protected":false},"excerpt":{"rendered":"<p>[vc_row][vc_column width=&#8221;3\/4&#8243; css=&#8221;.vc_custom_1453801158124{background-color: #f4ecde !important;}&#8221;][vc_separator style=&#8221;shadow&#8221;][vc_column_text] Iskol\u00e1nk az 2018-ban sikeresen p\u00e1ly\u00e1zott az Erasmus+ tan\u00e1r tov\u00e1bbk\u00e9pz\u00e9si program keret\u00e9ben bel\u00fcl KA1 mobilit\u00e1si projektek elnyer\u00e9s\u00e9re. A k\u00e9t \u00e9ves mobilit\u00e1si p\u00e1ly\u00e1zat h\u00e9t koll\u00e9ga angliai tov\u00e1bbk\u00e9pz\u00e9s\u00e9t tartalmazza. 2018 nyar\u00e1n az els\u0151 egy fels\u0151s angol tan\u00e1r angol m\u00f3dszertani tov\u00e1bbk\u00e9pz\u00e9sen lesz Scarborough-ban. Ezt k\u00f6vet\u0151en az angol szakos int\u00e9zm\u00e9nyvezet\u0151-helyettes az angol nyelvoktat\u00e1s szervez\u00e9s\u00e9re [&hellip;]<\/p>\n","protected":false},"author":2,"featured_media":0,"parent":10079,"menu_order":0,"comment_status":"closed","ping_status":"closed","template":"","meta":{"footnotes":""},"class_list":["post-10336","page","type-page","status-publish","hentry"],"_links":{"self":[{"href":"https:\/\/www.tiszaparti.hu\/index.php\/wp-json\/wp\/v2\/pages\/10336","targetHints":{"allow":["GET"]}}],"collection":[{"href":"https:\/\/www.tiszaparti.hu\/index.php\/wp-json\/wp\/v2\/pages"}],"about":[{"href":"https:\/\/www.tiszaparti.hu\/index.php\/wp-json\/wp\/v2\/types\/page"}],"author":[{"embeddable":true,"href":"https:\/\/www.tiszaparti.hu\/index.php\/wp-json\/wp\/v2\/users\/2"}],"replies":[{"embeddable":true,"href":"https:\/\/www.tiszaparti.hu\/index.php\/wp-json\/wp\/v2\/comments?post=10336"}],"version-history":[{"count":0,"href":"https:\/\/www.tiszaparti.hu\/index.php\/wp-json\/wp\/v2\/pages\/10336\/revisions"}],"up":[{"embeddable":true,"href":"https:\/\/www.tiszaparti.hu\/index.php\/wp-json\/wp\/v2\/pages\/10079"}],"wp:attachment":[{"href":"https:\/\/www.tiszaparti.hu\/index.php\/wp-json\/wp\/v2\/media?parent=10336"}],"curies":[{"name":"wp","href":"https:\/\/api.w.org\/{rel}","templated":true}]}}