{"id":13044,"date":"2019-06-06T08:32:30","date_gmt":"2019-06-06T08:32:30","guid":{"rendered":"http:\/\/www.tiszaparti.hu\/?page_id=13044"},"modified":"2019-06-06T09:12:37","modified_gmt":"2019-06-06T09:12:37","slug":"hatartalanul2019","status":"publish","type":"page","link":"https:\/\/www.tiszaparti.hu\/index.php\/hatartalanul2019\/","title":{"rendered":"Hat\u00e1rtalanul 2019"},"content":{"rendered":"<p>[vc_row][vc_column css=&#8221;.vc_custom_1495789505365{background-color: #f4f4f4 !important;}&#8221;][vc_raw_html]JTNDZGl2JTIwc3R5bGUlM0QlMjJ2aXNpYmlsaXR5JTNBaGlkZGVuJTIyJTNFJTBBJTIwJTIwJTIwJTIwJTNDYXVkaW8lMjBhdXRvcGxheSUyMGxvb3AlM0UlMEElMjAlMjAlMjAlMjAlMjAlMjAlMjAlMjAlM0Nzb3VyY2UlMjBzcmMlM0QlMjIlMkZ6ZW5lJTJGS2VyZWtlcyUyMEJhbmQlMjBGbG93ZXIlMjBQYXZhLm1wMyUyMiUzRSUwQSUyMCUyMCUyMCUyMCUzQyUyRmF1ZGlvJTNFJTIwJTBBJTNDJTJGZGl2JTNF[\/vc_raw_html][rev_slider_vc alias=&#8221;hatartalanul2019&#8243;][vc_column_text]<\/p>\n<h6 style=\"text-align: center;\"><em>Zene:<\/em><br \/>\nKerekes Band &#8211; Fl\u00f8wer P\u00e1va (Back to F\u00f8lk album)<br \/>\n<em>forr\u00e1s: youtube.com<\/em><\/h6>\n<p>[\/vc_column_text][\/vc_column][\/vc_row]<\/p>\n","protected":false},"excerpt":{"rendered":"<p>[vc_row][vc_column css=&#8221;.vc_custom_1495789505365{background-color: #f4f4f4 !important;}&#8221;][vc_raw_html]JTNDZGl2JTIwc3R5bGUlM0QlMjJ2aXNpYmlsaXR5JTNBaGlkZGVuJTIyJTNFJTBBJTIwJTIwJTIwJTIwJTNDYXVkaW8lMjBhdXRvcGxheSUyMGxvb3AlM0UlMEElMjAlMjAlMjAlMjAlMjAlMjAlMjAlMjAlM0Nzb3VyY2UlMjBzcmMlM0QlMjIlMkZ6ZW5lJTJGS2VyZWtlcyUyMEJhbmQlMjBGbG93ZXIlMjBQYXZhLm1wMyUyMiUzRSUwQSUyMCUyMCUyMCUyMCUzQyUyRmF1ZGlvJTNFJTIwJTBBJTNDJTJGZGl2JTNF[\/vc_raw_html][rev_slider_vc alias=&#8221;hatartalanul2019&#8243;][vc_column_text] Zene: Kerekes Band &#8211; Fl\u00f8wer P\u00e1va (Back to F\u00f8lk album) forr\u00e1s: youtube.com [\/vc_column_text][\/vc_column][\/vc_row]<\/p>\n","protected":false},"author":2,"featured_media":0,"parent":0,"menu_order":0,"comment_status":"closed","ping_status":"closed","template":"","meta":{"footnotes":""},"class_list":["post-13044","page","type-page","status-publish","hentry"],"_links":{"self":[{"href":"https:\/\/www.tiszaparti.hu\/index.php\/wp-json\/wp\/v2\/pages\/13044","targetHints":{"allow":["GET"]}}],"collection":[{"href":"https:\/\/www.tiszaparti.hu\/index.php\/wp-json\/wp\/v2\/pages"}],"about":[{"href":"https:\/\/www.tiszaparti.hu\/index.php\/wp-json\/wp\/v2\/types\/page"}],"author":[{"embeddable":true,"href":"https:\/\/www.tiszaparti.hu\/index.php\/wp-json\/wp\/v2\/users\/2"}],"replies":[{"embeddable":true,"href":"https:\/\/www.tiszaparti.hu\/index.php\/wp-json\/wp\/v2\/comments?post=13044"}],"version-history":[{"count":0,"href":"https:\/\/www.tiszaparti.hu\/index.php\/wp-json\/wp\/v2\/pages\/13044\/revisions"}],"wp:attachment":[{"href":"https:\/\/www.tiszaparti.hu\/index.php\/wp-json\/wp\/v2\/media?parent=13044"}],"curies":[{"name":"wp","href":"https:\/\/api.w.org\/{rel}","templated":true}]}}