{"id":14499,"date":"2020-02-13T13:44:21","date_gmt":"2020-02-13T13:44:21","guid":{"rendered":"http:\/\/www.tiszaparti.hu\/?page_id=14499"},"modified":"2023-09-14T10:07:34","modified_gmt":"2023-09-14T10:07:34","slug":"egeszsegunkre","status":"publish","type":"page","link":"https:\/\/www.tiszaparti.hu\/index.php\/hirek\/egeszsegunkre\/","title":{"rendered":"Eg\u00e9szs\u00e9g\u00fcnkre"},"content":{"rendered":"<p>[vc_row][vc_column width=&#8221;2\/3&#8243; css=&#8221;.vc_custom_1453811993524{background-color: #f4ecde !important;}&#8221;][vc_single_image image=&#8221;21962&#8243; img_size=&#8221;medium&#8221; alignment=&#8221;center&#8221;][vc_separator style=&#8221;shadow&#8221;][vc_btn title=&#8221;\u00c1ltal\u00e1nos terv&#8221; style=&#8221;3d&#8221; color=&#8221;purple&#8221; align=&#8221;center&#8221; css_animation=&#8221;none&#8221; link=&#8221;url:http%3A%2F%2Fwww.tiszaparti.hu%2Fwp-content%2Fuploads%2F2020%2F02%2FMester-program-altalanos-terv.docx-honlap.pdf||target:%20_blank|&#8221;][vc_separator style=&#8221;shadow&#8221;][vc_single_image image=&#8221;21950&#8243; img_size=&#8221;medium&#8221; alignment=&#8221;center&#8221; onclick=&#8221;custom_link&#8221; link=&#8221;https:\/\/www.tiszaparti.hu\/index.php\/hirek\/egeszsegunkre\/egeszsegunkre20232024\/&#8221;][vc_separator style=&#8221;shadow&#8221;][vc_single_image image=&#8221;18529&#8243; img_size=&#8221;medium&#8221; alignment=&#8221;center&#8221; onclick=&#8221;custom_link&#8221; link=&#8221;https:\/\/www.tiszaparti.hu\/index.php\/hirek\/egeszsegunkre\/egeszsegunkre20222023\/&#8221;][vc_separator style=&#8221;shadow&#8221;][vc_single_image image=&#8221;18528&#8243; img_size=&#8221;medium&#8221; alignment=&#8221;center&#8221; onclick=&#8221;custom_link&#8221; link=&#8221;https:\/\/www.tiszaparti.hu\/index.php\/hirek\/egeszsegunkre\/egeszsegunkre20212022\/&#8221;][vc_separator style=&#8221;shadow&#8221;][vc_single_image image=&#8221;15806&#8243; img_size=&#8221;medium&#8221; alignment=&#8221;center&#8221; onclick=&#8221;custom_link&#8221; link=&#8221;https:\/\/www.tiszaparti.hu\/index.php\/hirek\/egeszsegunkre\/egeszsegunkre20202021\/&#8221;][vc_separator style=&#8221;shadow&#8221;][vc_single_image image=&#8221;15804&#8243; img_size=&#8221;medium&#8221; alignment=&#8221;center&#8221; onclick=&#8221;custom_link&#8221; link=&#8221;https:\/\/www.tiszaparti.hu\/index.php\/hirek\/egeszsegunkre\/egeszsegunkre20192020\/&#8221;][vc_separator style=&#8221;shadow&#8221;][\/vc_column][vc_column width=&#8221;1\/3&#8243; css=&#8221;.vc_custom_1453811982612{background-color: #f4f4f4 !important;}&#8221;][vc_widget_sidebar sidebar_id=&#8221;default&#8221;][\/vc_column][\/vc_row]<\/p>\n","protected":false},"excerpt":{"rendered":"<p>[vc_row][vc_column width=&#8221;2\/3&#8243; css=&#8221;.vc_custom_1453811993524{background-color: #f4ecde !important;}&#8221;][vc_single_image image=&#8221;21962&#8243; img_size=&#8221;medium&#8221; alignment=&#8221;center&#8221;][vc_separator style=&#8221;shadow&#8221;][vc_btn title=&#8221;\u00c1ltal\u00e1nos terv&#8221; style=&#8221;3d&#8221; color=&#8221;purple&#8221; align=&#8221;center&#8221; css_animation=&#8221;none&#8221; link=&#8221;url:http%3A%2F%2Fwww.tiszaparti.hu%2Fwp-content%2Fuploads%2F2020%2F02%2FMester-program-altalanos-terv.docx-honlap.pdf||target:%20_blank|&#8221;][vc_separator style=&#8221;shadow&#8221;][vc_single_image image=&#8221;21950&#8243; img_size=&#8221;medium&#8221; alignment=&#8221;center&#8221; onclick=&#8221;custom_link&#8221; link=&#8221;https:\/\/www.tiszaparti.hu\/index.php\/hirek\/egeszsegunkre\/egeszsegunkre20232024\/&#8221;][vc_separator style=&#8221;shadow&#8221;][vc_single_image image=&#8221;18529&#8243; img_size=&#8221;medium&#8221; alignment=&#8221;center&#8221; onclick=&#8221;custom_link&#8221; link=&#8221;https:\/\/www.tiszaparti.hu\/index.php\/hirek\/egeszsegunkre\/egeszsegunkre20222023\/&#8221;][vc_separator style=&#8221;shadow&#8221;][vc_single_image image=&#8221;18528&#8243; img_size=&#8221;medium&#8221; alignment=&#8221;center&#8221; onclick=&#8221;custom_link&#8221; link=&#8221;https:\/\/www.tiszaparti.hu\/index.php\/hirek\/egeszsegunkre\/egeszsegunkre20212022\/&#8221;][vc_separator style=&#8221;shadow&#8221;][vc_single_image image=&#8221;15806&#8243; img_size=&#8221;medium&#8221; alignment=&#8221;center&#8221; onclick=&#8221;custom_link&#8221; link=&#8221;https:\/\/www.tiszaparti.hu\/index.php\/hirek\/egeszsegunkre\/egeszsegunkre20202021\/&#8221;][vc_separator style=&#8221;shadow&#8221;][vc_single_image image=&#8221;15804&#8243; img_size=&#8221;medium&#8221; alignment=&#8221;center&#8221; onclick=&#8221;custom_link&#8221; link=&#8221;https:\/\/www.tiszaparti.hu\/index.php\/hirek\/egeszsegunkre\/egeszsegunkre20192020\/&#8221;][vc_separator style=&#8221;shadow&#8221;][\/vc_column][vc_column width=&#8221;1\/3&#8243; css=&#8221;.vc_custom_1453811982612{background-color: #f4f4f4 !important;}&#8221;][vc_widget_sidebar sidebar_id=&#8221;default&#8221;][\/vc_column][\/vc_row]<\/p>\n","protected":false},"author":2,"featured_media":0,"parent":1572,"menu_order":0,"comment_status":"closed","ping_status":"closed","template":"","meta":{"footnotes":""},"class_list":["post-14499","page","type-page","status-publish","hentry"],"_links":{"self":[{"href":"https:\/\/www.tiszaparti.hu\/index.php\/wp-json\/wp\/v2\/pages\/14499","targetHints":{"allow":["GET"]}}],"collection":[{"href":"https:\/\/www.tiszaparti.hu\/index.php\/wp-json\/wp\/v2\/pages"}],"about":[{"href":"https:\/\/www.tiszaparti.hu\/index.php\/wp-json\/wp\/v2\/types\/page"}],"author":[{"embeddable":true,"href":"https:\/\/www.tiszaparti.hu\/index.php\/wp-json\/wp\/v2\/users\/2"}],"replies":[{"embeddable":true,"href":"https:\/\/www.tiszaparti.hu\/index.php\/wp-json\/wp\/v2\/comments?post=14499"}],"version-history":[{"count":0,"href":"https:\/\/www.tiszaparti.hu\/index.php\/wp-json\/wp\/v2\/pages\/14499\/revisions"}],"up":[{"embeddable":true,"href":"https:\/\/www.tiszaparti.hu\/index.php\/wp-json\/wp\/v2\/pages\/1572"}],"wp:attachment":[{"href":"https:\/\/www.tiszaparti.hu\/index.php\/wp-json\/wp\/v2\/media?parent=14499"}],"curies":[{"name":"wp","href":"https:\/\/api.w.org\/{rel}","templated":true}]}}