{"id":14899,"date":"2020-07-03T09:45:13","date_gmt":"2020-07-03T09:45:13","guid":{"rendered":"http:\/\/www.tiszaparti.hu\/?page_id=14899"},"modified":"2024-10-10T06:40:20","modified_gmt":"2024-10-10T06:40:20","slug":"penpalproject","status":"publish","type":"page","link":"https:\/\/www.tiszaparti.hu\/index.php\/englishsite\/penpalproject\/","title":{"rendered":"Pen-Pal project"},"content":{"rendered":"<p>[vc_row][vc_column css=&#8221;.vc_custom_1528807530457{background-position: center !important;background-repeat: no-repeat !important;background-size: cover !important;}&#8221;][vc_separator style=&#8221;shadow&#8221;][vc_column_text]<a href=\"https:\/\/www.tiszaparti.hu\/wp-content\/uploads\/2024\/10\/Honlapra-penpal-bemutatas.pdf\" class=\"pdfemb-viewer\" style=\"\" data-width=\"max\" data-height=\"max\" data-toolbar=\"bottom\" data-toolbar-fixed=\"off\">Honlapra penpal bemutatas<\/a>[\/vc_column_text][vc_column_text]<a href=\"https:\/\/www.tiszaparti.hu\/index.php\/englishsite\/penpalproject\/penpalprojectdocuments\/\"><span style=\"text-decoration: underline; color: #000080;\"><strong>Here are some documents we use to ensure quality and data safety.<\/strong><\/span><\/a>[\/vc_column_text][vc_separator style=&#8221;shadow&#8221;][vc_column_text]<strong>2023-2024.<\/strong><\/p>\n<p style=\"text-align: justify;\">In the school year 2023-2024 we corresponded with students from the Czech Republic, Germany and Poland. We exchanged emails about autumn activities and pets, free time activities and national cuisine. Here you can read some students\u2019 presentations about their penpals.<\/p>\n<p>[\/vc_column_text][vc_row_inner][vc_column_inner width=&#8221;1\/3&#8243;][vc_column_text]<\/p>\n<p style=\"text-align: center;\"><a href=\"https:\/\/www.tiszaparti.hu\/wp-content\/uploads\/2024\/10\/Munkacsi-Kata_compressed.pdf\" target=\"_blank\" rel=\"noopener\">Mnk\u00e1csi Kata<\/a><\/p>\n<p>[\/vc_column_text][vc_column_text]<\/p>\n<p style=\"text-align: center;\"><a href=\"https:\/\/www.tiszaparti.hu\/wp-content\/uploads\/2024\/10\/Pap-Akos_compressed.pdf\" target=\"_blank\" rel=\"noopener\">Pap \u00c1kos<\/a><\/p>\n<p>[\/vc_column_text][vc_column_text]<\/p>\n<p style=\"text-align: center;\"><a href=\"https:\/\/www.tiszaparti.hu\/wp-content\/uploads\/2024\/10\/Rik-Veronika_compressed.pdf\" target=\"_blank\" rel=\"noopener\">Rik Veronika<\/a><\/p>\n<p>[\/vc_column_text][vc_column_text]<\/p>\n<p style=\"text-align: center;\"><a href=\"https:\/\/www.tiszaparti.hu\/wp-content\/uploads\/2024\/10\/Sikovanyec-Adam_compressed.pdf\" target=\"_blank\" rel=\"noopener\">Sikovanyec \u00c1d\u00e1m<\/a><\/p>\n<p>[\/vc_column_text][vc_column_text]<\/p>\n<p style=\"text-align: center;\"><a href=\"https:\/\/www.tiszaparti.hu\/wp-content\/uploads\/2024\/10\/Szucs-Zente_compressed.pdf\" target=\"_blank\" rel=\"noopener\">Sz\u0171cs Zente<\/a><\/p>\n<p>[\/vc_column_text][vc_column_text]<\/p>\n<p style=\"text-align: center;\"><a href=\"https:\/\/www.tiszaparti.hu\/wp-content\/uploads\/2024\/10\/Vajas-Laura_compressed.pdf\" target=\"_blank\" rel=\"noopener\">Vajas Laura<\/a><\/p>\n<p>[\/vc_column_text][\/vc_column_inner][vc_column_inner width=&#8221;1\/3&#8243;][vc_column_text]<\/p>\n<p style=\"text-align: center;\"><a href=\"https:\/\/www.tiszaparti.hu\/wp-content\/uploads\/2024\/10\/Nagy-Marton_compressed.pdf\" target=\"_blank\" rel=\"noopener\">Nagy M\u00e1rton<\/a><\/p>\n<p>[\/vc_column_text][vc_column_text]<\/p>\n<p style=\"text-align: center;\"><a href=\"https:\/\/www.tiszaparti.hu\/wp-content\/uploads\/2024\/10\/Pauk-Mate_compressed.pdf\" target=\"_blank\" rel=\"noopener\">Pauk M\u00e1t\u00e9<\/a><\/p>\n<p>[\/vc_column_text][vc_column_text]<\/p>\n<p style=\"text-align: center;\"><a href=\"https:\/\/www.tiszaparti.hu\/wp-content\/uploads\/2024\/10\/Rucz-Kamilla_compressed.pdf\" target=\"_blank\" rel=\"noopener\">Rucz Kamilla<\/a><\/p>\n<p>[\/vc_column_text][vc_column_text]<\/p>\n<p style=\"text-align: center;\"><a href=\"https:\/\/www.tiszaparti.hu\/wp-content\/uploads\/2024\/10\/Sikovanyec-Peter_compressed.pdf\" target=\"_blank\" rel=\"noopener\">Sikovanyec P\u00e9ter<\/a><\/p>\n<p>[\/vc_column_text][vc_column_text]<\/p>\n<p style=\"text-align: center;\"><a href=\"https:\/\/www.tiszaparti.hu\/wp-content\/uploads\/2024\/10\/Terjeki-Aron_compressed.pdf\" target=\"_blank\" rel=\"noopener\">Terj\u00e9ki \u00c1ron<\/a><\/p>\n<p>[\/vc_column_text][vc_column_text][\/vc_column_text][\/vc_column_inner][vc_column_inner width=&#8221;1\/3&#8243;][vc_column_text]<\/p>\n<p style=\"text-align: center;\"><a href=\"https:\/\/www.tiszaparti.hu\/wp-content\/uploads\/2024\/10\/Nagy-Regina_compressed.pdf\" target=\"_blank\" rel=\"noopener\">Nagy Regina<\/a><\/p>\n<p>[\/vc_column_text][vc_column_text]<\/p>\n<p style=\"text-align: center;\"><a href=\"https:\/\/www.tiszaparti.hu\/wp-content\/uploads\/2024\/10\/Racz-Szabo-Tamas_compressed.pdf\" target=\"_blank\" rel=\"noopener\">R\u00e1cz-Szab\u00f3 Tam\u00e1s<\/a><\/p>\n<p>[\/vc_column_text][vc_column_text]<\/p>\n<p style=\"text-align: center;\"><a href=\"https:\/\/www.tiszaparti.hu\/wp-content\/uploads\/2024\/10\/Santa-Johanna_compressed.pdf\" target=\"_blank\" rel=\"noopener\">S\u00e1nta Johanna<\/a><\/p>\n<p>[\/vc_column_text][vc_column_text]<\/p>\n<p style=\"text-align: center;\"><a href=\"https:\/\/www.tiszaparti.hu\/wp-content\/uploads\/2024\/10\/Szekeres-Szilard_compressed.pdf\" target=\"_blank\" rel=\"noopener\">Szekeres Szil\u00e1rd<\/a><\/p>\n<p>[\/vc_column_text][vc_column_text]<\/p>\n<p style=\"text-align: center;\"><a href=\"https:\/\/www.tiszaparti.hu\/wp-content\/uploads\/2024\/10\/Vadkerti-Bori_compressed.pdf\" target=\"_blank\" rel=\"noopener\">Vadkerti Bori<\/a><\/p>\n<p>[\/vc_column_text][vc_column_text]<\/p>\n<p style=\"text-align: center;\"><a href=\"https:\/\/www.tiszaparti.hu\/wp-content\/uploads\/2024\/10\/Varga-Balint_compressed.pdf\" target=\"_blank\" rel=\"noopener\">Varga B\u00e1lint<\/a><\/p>\n<p>[\/vc_column_text][\/vc_column_inner][\/vc_row_inner][vc_separator style=&#8221;shadow&#8221;][vc_column_text]<strong>2022-2023.<\/strong><\/p>\n<p>This year we have had penpals from the Czech Republic, Poland and France. Here are some presentations about the partners.[\/vc_column_text][vc_row_inner][vc_column_inner width=&#8221;1\/3&#8243;][vc_column_text]<\/p>\n<p style=\"text-align: center;\"><a href=\"https:\/\/www.tiszaparti.hu\/wp-content\/uploads\/2024\/05\/baranyaijazmin.pdf\" target=\"_blank\" rel=\"noopener\">Baranyai J\u00e1zmin<\/a><\/p>\n<p>[\/vc_column_text][vc_column_text]<\/p>\n<p style=\"text-align: center;\"><a href=\"https:\/\/www.tiszaparti.hu\/wp-content\/uploads\/2024\/05\/gyombersara.pdf\" target=\"_blank\" rel=\"noopener\">Gy\u00f6mb\u00e9r S\u00e1ra<\/a><\/p>\n<p>[\/vc_column_text][vc_column_text]<\/p>\n<p style=\"text-align: center;\"><a href=\"https:\/\/www.tiszaparti.hu\/wp-content\/uploads\/2024\/05\/kotormanviktor.pdf\" target=\"_blank\" rel=\"noopener\">Kotorm\u00e1n Viktor<\/a><\/p>\n<p>[\/vc_column_text][vc_column_text]<\/p>\n<p style=\"text-align: center;\"><a href=\"https:\/\/www.tiszaparti.hu\/wp-content\/uploads\/2024\/05\/nacsazoltan.pdf\" target=\"_blank\" rel=\"noopener\">Nacsa Zolt\u00e1n<\/a><\/p>\n<p>[\/vc_column_text][vc_column_text]<\/p>\n<p style=\"text-align: center;\"><a href=\"https:\/\/www.tiszaparti.hu\/wp-content\/uploads\/2024\/05\/patakijudit.pdf\" target=\"_blank\" rel=\"noopener\">Pataki Judit<\/a><\/p>\n<p>[\/vc_column_text][vc_column_text]<\/p>\n<p style=\"text-align: center;\"><a href=\"https:\/\/www.tiszaparti.hu\/wp-content\/uploads\/2024\/05\/snejderlaura.pdf\" target=\"_blank\" rel=\"noopener\">Snejder Laura<\/a><\/p>\n<p>[\/vc_column_text][\/vc_column_inner][vc_column_inner width=&#8221;1\/3&#8243;][vc_column_text]<\/p>\n<p style=\"text-align: center;\"><a href=\"https:\/\/www.tiszaparti.hu\/wp-content\/uploads\/2024\/05\/brattkeedgar.pdf\" target=\"_blank\" rel=\"noopener\">Brattke Edg\u00e1r<\/a><\/p>\n<p>[\/vc_column_text][vc_column_text]<\/p>\n<p style=\"text-align: center;\"><a href=\"https:\/\/www.tiszaparti.hu\/wp-content\/uploads\/2024\/05\/hegykozizalan.pdf\" target=\"_blank\" rel=\"noopener\">Hegyk\u00f6zi Zal\u00e1n<\/a><\/p>\n<p>[\/vc_column_text][vc_column_text]<\/p>\n<p style=\"text-align: center;\"><a href=\"https:\/\/www.tiszaparti.hu\/wp-content\/uploads\/2024\/05\/makaiakos.pdf\" target=\"_blank\" rel=\"noopener\">Makai \u00c1kos<\/a><\/p>\n<p>[\/vc_column_text][vc_column_text]<\/p>\n<p style=\"text-align: center;\"><a href=\"https:\/\/www.tiszaparti.hu\/wp-content\/uploads\/2024\/05\/ordogdorka.pdf\" target=\"_blank\" rel=\"noopener\">\u00d6rd\u00f6g Dorka<\/a><\/p>\n<p>[\/vc_column_text][vc_column_text]<\/p>\n<p style=\"text-align: center;\"><a href=\"https:\/\/www.tiszaparti.hu\/wp-content\/uploads\/2024\/05\/persaitsposaadam.pdf\" target=\"_blank\" rel=\"noopener\">Persaits-P\u00f3sa \u00c1d\u00e1m<\/a><\/p>\n<p>[\/vc_column_text][vc_column_text]<\/p>\n<p style=\"text-align: center;\"><a href=\"https:\/\/www.tiszaparti.hu\/wp-content\/uploads\/2024\/05\/toronykoyluca.pdf\" target=\"_blank\" rel=\"noopener\">Toronyk\u0151y Luca S\u00e1ra<\/a><\/p>\n<p>[\/vc_column_text][\/vc_column_inner][vc_column_inner width=&#8221;1\/3&#8243;][vc_column_text]<\/p>\n<p style=\"text-align: center;\"><a href=\"https:\/\/www.tiszaparti.hu\/wp-content\/uploads\/2024\/05\/gomboskata.pdf\" target=\"_blank\" rel=\"noopener\">Gombos Kata<\/a><\/p>\n<p>[\/vc_column_text][vc_column_text]<\/p>\n<p style=\"text-align: center;\"><a href=\"https:\/\/www.tiszaparti.hu\/wp-content\/uploads\/2024\/05\/karmangergely.pdf\" target=\"_blank\" rel=\"noopener\">K\u00e1rm\u00e1n Gergely<\/a><\/p>\n<p>[\/vc_column_text][vc_column_text]<\/p>\n<p style=\"text-align: center;\"><a href=\"https:\/\/www.tiszaparti.hu\/wp-content\/uploads\/2024\/05\/mucsiberecztamas.pdf\" target=\"_blank\" rel=\"noopener\">Mucsi-Berecz Tam\u00e1s<\/a><\/p>\n<p>[\/vc_column_text][vc_column_text]<\/p>\n<p style=\"text-align: center;\"><a href=\"https:\/\/www.tiszaparti.hu\/wp-content\/uploads\/2024\/05\/pappdorottya.pdf\" target=\"_blank\" rel=\"noopener\">Papp Dorottya<\/a><\/p>\n<p>[\/vc_column_text][vc_column_text]<\/p>\n<p style=\"text-align: center;\"><a href=\"https:\/\/www.tiszaparti.hu\/wp-content\/uploads\/2024\/05\/rakoczibartos.pdf\" target=\"_blank\" rel=\"noopener\">R\u00e1k\u00f3czi Bartos<\/a><\/p>\n<p>[\/vc_column_text][vc_column_text]<\/p>\n<p style=\"text-align: center;\"><a href=\"https:\/\/www.tiszaparti.hu\/wp-content\/uploads\/2024\/05\/vargavanda.pdf\" target=\"_blank\" rel=\"noopener\">Varga Vanda<\/a><\/p>\n<p>[\/vc_column_text][\/vc_column_inner][\/vc_row_inner][vc_separator style=&#8221;shadow&#8221;][vc_column_text]<\/p>\n<p style=\"text-align: justify;\"><strong>2021-2022.<\/strong><\/p>\n<p style=\"text-align: justify;\">This year we corresponded with students from the same schools as last year. Our 6th graders made friends with students in France and the Czech Republic. Here&#8217;s what they got to know about their penpals.<\/p>\n<p>[\/vc_column_text][vc_row_inner][vc_column_inner width=&#8221;1\/3&#8243;][vc_column_text]<\/p>\n<p style=\"text-align: center;\"><a href=\"https:\/\/www.tiszaparti.hu\/wp-content\/uploads\/2022\/10\/Aradi-Szabo-Anna-mm_compressed.pdf\" target=\"_blank\" rel=\"noopener noreferrer\">Aradi-Szab\u00f3 Anna<\/a><\/p>\n<p>[\/vc_column_text][vc_column_text]<\/p>\n<p style=\"text-align: center;\"><a href=\"https:\/\/www.tiszaparti.hu\/wp-content\/uploads\/2022\/10\/Kiss-Fanni-mm_compressed.pdf\" target=\"_blank\" rel=\"noopener noreferrer\">Kiss Fanni<\/a><\/p>\n<p>[\/vc_column_text][vc_column_text]<\/p>\n<p style=\"text-align: center;\"><a href=\"https:\/\/www.tiszaparti.hu\/wp-content\/uploads\/2022\/10\/Lato-Loren-mm_compressed.pdf\" target=\"_blank\" rel=\"noopener noreferrer\">L\u00e1t\u00f3 Loren<\/a><\/p>\n<p>[\/vc_column_text][vc_column_text]<\/p>\n<p style=\"text-align: center;\"><a href=\"https:\/\/www.tiszaparti.hu\/wp-content\/uploads\/2022\/10\/Pinter-Ors-mm_compressed.pdf\" target=\"_blank\" rel=\"noopener noreferrer\">Pint\u00e9r \u00d6rs<\/a><\/p>\n<p>[\/vc_column_text][vc_column_text]<\/p>\n<p style=\"text-align: center;\"><a href=\"https:\/\/www.tiszaparti.hu\/wp-content\/uploads\/2022\/10\/Szijjarto-Csanad-mm_compressed.pdf\" target=\"_blank\" rel=\"noopener noreferrer\">Szijj\u00e1rt\u00f3 Csan\u00e1d<\/a><\/p>\n<p>[\/vc_column_text][\/vc_column_inner][vc_column_inner width=&#8221;1\/3&#8243;][vc_column_text]<\/p>\n<p style=\"text-align: center;\"><a href=\"https:\/\/www.tiszaparti.hu\/wp-content\/uploads\/2022\/10\/Bonifert-Blanka-mm_compressed.pdf\" target=\"_blank\" rel=\"noopener noreferrer\">Bonifert Blanka<\/a><\/p>\n<p>[\/vc_column_text][vc_column_text]<\/p>\n<p style=\"text-align: center;\"><a href=\"https:\/\/www.tiszaparti.hu\/wp-content\/uploads\/2022\/10\/Klein-Marcell-mm_compressed.pdf\" target=\"_blank\" rel=\"noopener noreferrer\">Klein Marcell<\/a><\/p>\n<p>[\/vc_column_text][vc_column_text]<\/p>\n<p style=\"text-align: center;\"><a href=\"https:\/\/www.tiszaparti.hu\/wp-content\/uploads\/2022\/10\/Leinweber-Dominik-mm_compressed.pdf\" target=\"_blank\" rel=\"noopener noreferrer\">Leinweber Dominik<\/a><\/p>\n<p>[\/vc_column_text][vc_column_text]<\/p>\n<p style=\"text-align: center;\"><a href=\"https:\/\/www.tiszaparti.hu\/wp-content\/uploads\/2022\/10\/Sasi-Flora-mm_compressed.pdf\" target=\"_blank\" rel=\"noopener noreferrer\">Sasi Fl\u00f3ra<\/a><\/p>\n<p>[\/vc_column_text][vc_column_text]<\/p>\n<p style=\"text-align: center;\"><a href=\"https:\/\/www.tiszaparti.hu\/wp-content\/uploads\/2022\/10\/Toth-Laura-mm_compressed.pdf\" target=\"_blank\" rel=\"noopener noreferrer\">T\u00f3th Laura<\/a><\/p>\n<p>[\/vc_column_text][\/vc_column_inner][vc_column_inner width=&#8221;1\/3&#8243;][vc_column_text]<\/p>\n<p style=\"text-align: center;\"><a href=\"https:\/\/www.tiszaparti.hu\/wp-content\/uploads\/2022\/10\/Cziner-Szofia-mm_compressed.pdf\" target=\"_blank\" rel=\"noopener noreferrer\">Cziner Sz\u00f3fia<\/a><\/p>\n<p>[\/vc_column_text][vc_column_text]<\/p>\n<p style=\"text-align: center;\"><a href=\"https:\/\/www.tiszaparti.hu\/wp-content\/uploads\/2022\/10\/Kovacs-Berton-mm_compressed.pdf\" target=\"_blank\" rel=\"noopener noreferrer\">Kov\u00e1cs Berton<\/a><\/p>\n<p>[\/vc_column_text][vc_column_text]<\/p>\n<p style=\"text-align: center;\"><a href=\"https:\/\/www.tiszaparti.hu\/wp-content\/uploads\/2022\/10\/Molnar-Tekla-mm_compressed.pdf\" target=\"_blank\" rel=\"noopener noreferrer\">Moln\u00e1r Tekla<\/a><\/p>\n<p>[\/vc_column_text][vc_column_text]<\/p>\n<p style=\"text-align: center;\"><a href=\"https:\/\/www.tiszaparti.hu\/wp-content\/uploads\/2022\/10\/Szalma-Zeno-mm_compressed.pdf\" target=\"_blank\" rel=\"noopener noreferrer\">Szalma Z\u00e9n\u00f3<\/a><\/p>\n<p>[\/vc_column_text][vc_column_text]<\/p>\n<p style=\"text-align: center;\"><a href=\"https:\/\/www.tiszaparti.hu\/wp-content\/uploads\/2022\/10\/Virag-Hanna-mm_compressed.pdf\" target=\"_blank\" rel=\"noopener noreferrer\">Vir\u00e1g Hanna<\/a><\/p>\n<p>[\/vc_column_text][\/vc_column_inner][\/vc_row_inner][vc_separator style=&#8221;shadow&#8221;][vc_column_text]<\/p>\n<p style=\"text-align: justify;\"><strong>2020-2021.<\/strong><\/p>\n<p>This year, 6th graders exchanged emails with pupils from the Czech Republic, France or Switzerland. Here are the presentations they made about their penpals.[\/vc_column_text][vc_row_inner][vc_column_inner width=&#8221;1\/3&#8243;][vc_column_text]<\/p>\n<p style=\"text-align: center;\"><a href=\"https:\/\/www.tiszaparti.hu\/wp-content\/uploads\/2021\/10\/Illes-Dora.pdf\" target=\"_blank\" rel=\"noopener noreferrer\">Ill\u00e9s D\u00f3ra 6.b<\/a><\/p>\n<p>[\/vc_column_text][vc_column_text]<\/p>\n<p style=\"text-align: center;\"><a href=\"https:\/\/www.tiszaparti.hu\/wp-content\/uploads\/2021\/10\/Nagy-Nikolett.pdf\" target=\"_blank\" rel=\"noopener noreferrer\">Nagy Nikolett 6.c<\/a><\/p>\n<p>[\/vc_column_text][vc_column_text]<\/p>\n<p style=\"text-align: center;\"><a href=\"https:\/\/www.tiszaparti.hu\/wp-content\/uploads\/2021\/10\/Szabados-Zoltan.pdf\" target=\"_blank\" rel=\"noopener noreferrer\">Szabados Zolt\u00e1n 6.a<\/a><\/p>\n<p>[\/vc_column_text][vc_column_text]<\/p>\n<p style=\"text-align: center;\"><a href=\"https:\/\/www.tiszaparti.hu\/wp-content\/uploads\/2021\/10\/Szekacs-Eszter.pdf\" target=\"_blank\" rel=\"noopener noreferrer\">Sz\u00e9k\u00e1cs Eszter 6.b<\/a><\/p>\n<p>[\/vc_column_text][\/vc_column_inner][vc_column_inner width=&#8221;1\/3&#8243;][vc_column_text]<\/p>\n<p style=\"text-align: center;\"><a href=\"https:\/\/www.tiszaparti.hu\/wp-content\/uploads\/2021\/10\/Illes-Kinga.pdf\" target=\"_blank\" rel=\"noopener noreferrer\">Ill\u00e9s Kinga 6.b<\/a><\/p>\n<p>[\/vc_column_text][vc_column_text]<\/p>\n<p style=\"text-align: center;\"><a href=\"https:\/\/www.tiszaparti.hu\/wp-content\/uploads\/2021\/10\/Pukler-Nora.pdf\" target=\"_blank\" rel=\"noopener noreferrer\">Pukler N\u00f3ra 6.b<\/a><\/p>\n<p>[\/vc_column_text][vc_column_text]<\/p>\n<p style=\"text-align: center;\"><a href=\"https:\/\/www.tiszaparti.hu\/wp-content\/uploads\/2021\/10\/Szabo-Blanka.pdf\" target=\"_blank\" rel=\"noopener noreferrer\">Szab\u00f3 Blanka 6.b<\/a><\/p>\n<p>[\/vc_column_text][vc_column_text]<\/p>\n<p style=\"text-align: center;\"><a href=\"https:\/\/www.tiszaparti.hu\/wp-content\/uploads\/2021\/10\/Toth-Alexandra.pdf\" target=\"_blank\" rel=\"noopener noreferrer\">T\u00f3th Alexandra 6.c<\/a><\/p>\n<p>[\/vc_column_text][\/vc_column_inner][vc_column_inner width=&#8221;1\/3&#8243;][vc_column_text]<\/p>\n<p style=\"text-align: center;\"><a href=\"https:\/\/www.tiszaparti.hu\/wp-content\/uploads\/2021\/10\/Kovecs-Renata.pdf\" target=\"_blank\" rel=\"noopener noreferrer\">K\u00f6vecs Ren\u00e1ta 6.c<\/a><\/p>\n<p>[\/vc_column_text][vc_column_text]<\/p>\n<p style=\"text-align: center;\"><a href=\"https:\/\/www.tiszaparti.hu\/wp-content\/uploads\/2021\/10\/Romhanyi-Dorian.pdf\" target=\"_blank\" rel=\"noopener noreferrer\">Romh\u00e1nyi Dori\u00e1n 6.b<\/a><\/p>\n<p>[\/vc_column_text][vc_column_text]<\/p>\n<p style=\"text-align: center;\"><a href=\"https:\/\/www.tiszaparti.hu\/wp-content\/uploads\/2021\/10\/Szarka-Violetta.pdf\" target=\"_blank\" rel=\"noopener noreferrer\">Szarka Violetta 6.b<\/a><\/p>\n<p>[\/vc_column_text][vc_column_text]<\/p>\n<p style=\"text-align: center;\"><a href=\"https:\/\/www.tiszaparti.hu\/wp-content\/uploads\/2021\/10\/Vecsernyes-Vivien.pdf\" target=\"_blank\" rel=\"noopener noreferrer\">Vecserny\u00e9s Vivien 6.b<\/a><\/p>\n<p>[\/vc_column_text][\/vc_column_inner][\/vc_row_inner][vc_separator style=&#8221;shadow&#8221;][vc_column_text]<\/p>\n<p style=\"text-align: justify;\"><strong>2019-2020.<\/strong><\/p>\n<p style=\"text-align: justify;\">This year we have done a pen-pal project with students from two countries. Eighteen 6th grader pupils volunteered to correspond in English from our school. Their partners were students from the Czech Republic and ones from the Ukraine. Besides writing letters they have made presentations to introduce their pen-pals. Here are some of the best ppts.<\/p>\n<p>[\/vc_column_text][vc_row_inner][vc_column_inner width=&#8221;1\/3&#8243;][vc_column_text]<\/p>\n<p style=\"text-align: center;\"><a href=\"https:\/\/www.tiszaparti.hu\/wp-content\/uploads\/2024\/05\/hajduedua.pdf\" target=\"_blank\" rel=\"noopener noreferrer\">Hajd\u00fa \u00c9dua 6.a<\/a><\/p>\n<p>[\/vc_column_text][vc_column_text]<\/p>\n<p style=\"text-align: center;\"><a href=\"https:\/\/www.tiszaparti.hu\/wp-content\/uploads\/2024\/05\/ludmanjhanna.pdf\" target=\"_blank\" rel=\"noopener noreferrer\">Ludman-J\u00e1nv\u00e1ri Hanna 6.a<\/a><\/p>\n<p>[\/vc_column_text][\/vc_column_inner][vc_column_inner width=&#8221;1\/3&#8243;][vc_column_text]<\/p>\n<p style=\"text-align: center;\"><a href=\"https:\/\/www.tiszaparti.hu\/wp-content\/uploads\/2024\/05\/pinterhanna.pdf\" target=\"_blank\" rel=\"noopener noreferrer\">Pint\u00e9r Hanna 6.a<\/a><\/p>\n<p>[\/vc_column_text][vc_column_text]<\/p>\n<p style=\"text-align: center;\"><a href=\"https:\/\/www.tiszaparti.hu\/wp-content\/uploads\/2024\/05\/szabolenke.pdf\" target=\"_blank\" rel=\"noopener noreferrer\">Szab\u00f3 Lenke 6.a<\/a><\/p>\n<p>[\/vc_column_text][\/vc_column_inner][vc_column_inner width=&#8221;1\/3&#8243;][vc_column_text]<\/p>\n<p style=\"text-align: center;\"><a href=\"https:\/\/www.tiszaparti.hu\/wp-content\/uploads\/2024\/05\/szabobotond.pdf\" target=\"_blank\" rel=\"noopener noreferrer\">Szab\u00f3 Botond 6.a<\/a><\/p>\n<p>[\/vc_column_text][\/vc_column_inner][\/vc_row_inner][vc_separator style=&#8221;shadow&#8221;][vc_column_text]<\/p>\n<p style=\"text-align: justify;\"><strong>2018-2019.<\/strong><\/p>\n<p style=\"text-align: justify;\">This year we have started a pen-pal project with a group of Austrian students from Linz. Eighteen 6th grader pupils volunteered to correspond in English from our school. Besides writing letters they make a journal introducing their pen-pals. Here are some of the best journals.<\/p>\n<p>[\/vc_column_text][vc_row_inner][vc_column_inner width=&#8221;1\/3&#8243;][vc_column_text]<\/p>\n<p style=\"text-align: center;\"><a href=\"https:\/\/www.tiszaparti.hu\/wp-content\/uploads\/2024\/05\/brcanfrida.pdf\" target=\"_blank\" rel=\"noopener noreferrer\">Brc\u00e1n Frida 6.a<\/a><\/p>\n<p>[\/vc_column_text][\/vc_column_inner][vc_column_inner width=&#8221;1\/3&#8243;][vc_column_text]<\/p>\n<p style=\"text-align: center;\"><a href=\"https:\/\/www.tiszaparti.hu\/wp-content\/uploads\/2024\/05\/gyomberblanka.pdf\" target=\"_blank\" rel=\"noopener noreferrer\">Gy\u00f6mb\u00e9r Blanka 6.b<\/a><\/p>\n<p>[\/vc_column_text][\/vc_column_inner][vc_column_inner width=&#8221;1\/3&#8243;][vc_column_text]<\/p>\n<p style=\"text-align: center;\"><a href=\"https:\/\/www.tiszaparti.hu\/wp-content\/uploads\/2024\/05\/torokeszter.pdf\" target=\"_blank\" rel=\"noopener noreferrer\">T\u00f6r\u00f6k Eszter 6.a<\/a><\/p>\n<p>[\/vc_column_text][\/vc_column_inner][\/vc_row_inner][vc_separator style=&#8221;shadow&#8221;][\/vc_column][\/vc_row]<\/p>\n","protected":false},"excerpt":{"rendered":"<p>[vc_row][vc_column css=&#8221;.vc_custom_1528807530457{background-position: center !important;background-repeat: no-repeat !important;background-size: cover !important;}&#8221;][vc_separator style=&#8221;shadow&#8221;][vc_column_text][\/vc_column_text][vc_column_text]Here are some documents we use to ensure quality and data safety.[\/vc_column_text][vc_separator style=&#8221;shadow&#8221;][vc_column_text]2023-2024. In the school year 2023-2024 we corresponded with students from the Czech Republic, Germany and Poland. We exchanged emails about autumn activities and pets, free time activities and national cuisine. Here you can read [&hellip;]<\/p>\n","protected":false},"author":2,"featured_media":0,"parent":10079,"menu_order":0,"comment_status":"closed","ping_status":"closed","template":"","meta":{"footnotes":""},"class_list":["post-14899","page","type-page","status-publish","hentry"],"_links":{"self":[{"href":"https:\/\/www.tiszaparti.hu\/index.php\/wp-json\/wp\/v2\/pages\/14899","targetHints":{"allow":["GET"]}}],"collection":[{"href":"https:\/\/www.tiszaparti.hu\/index.php\/wp-json\/wp\/v2\/pages"}],"about":[{"href":"https:\/\/www.tiszaparti.hu\/index.php\/wp-json\/wp\/v2\/types\/page"}],"author":[{"embeddable":true,"href":"https:\/\/www.tiszaparti.hu\/index.php\/wp-json\/wp\/v2\/users\/2"}],"replies":[{"embeddable":true,"href":"https:\/\/www.tiszaparti.hu\/index.php\/wp-json\/wp\/v2\/comments?post=14899"}],"version-history":[{"count":0,"href":"https:\/\/www.tiszaparti.hu\/index.php\/wp-json\/wp\/v2\/pages\/14899\/revisions"}],"up":[{"embeddable":true,"href":"https:\/\/www.tiszaparti.hu\/index.php\/wp-json\/wp\/v2\/pages\/10079"}],"wp:attachment":[{"href":"https:\/\/www.tiszaparti.hu\/index.php\/wp-json\/wp\/v2\/media?parent=14899"}],"curies":[{"name":"wp","href":"https:\/\/api.w.org\/{rel}","templated":true}]}}