{"id":1513,"date":"2015-05-20T11:45:57","date_gmt":"2015-05-20T11:45:57","guid":{"rendered":"http:\/\/masterstudy.stylemixthemes.com\/demo\/?page_id=8"},"modified":"2025-04-01T06:54:01","modified_gmt":"2025-04-01T05:54:01","slug":"front-page","status":"publish","type":"page","link":"https:\/\/www.tiszaparti.hu\/","title":{"rendered":"F\u0151oldal"},"content":{"rendered":"<p>[vc_row full_width=&#8221;stretch_row_content_no_spaces&#8221; css=&#8221;.vc_custom_1432531325225{margin-bottom: 0px !important;}&#8221;][vc_column][vc_column_text][\/vc_column_text][\/vc_column][\/vc_row][vc_row equal_height=&#8221;yes&#8221; content_placement=&#8221;middle&#8221; css=&#8221;.vc_custom_1480662572006{margin-top: 0px !important;margin-right: 0px !important;margin-bottom: 0px !important;margin-left: 0px !important;}&#8221; el_class=&#8221;overflowed_content&#8221;][vc_column width=&#8221;1\/4&#8243; css=&#8221;.vc_custom_1434610589736{margin-top: -148px !important;padding-right: 0px !important;padding-left: 0px !important;}&#8221;][stm_icon_box icon=&#8221;fa fa-globe&#8221; icon_size=&#8221;61&#8243; icon_height=&#8221;69&#8243; icon_color=&#8221;&#8221; title=&#8221;Aktualit\u00e1sok&#8221; box_bg_color=&#8221;#408082&#8243; box_text_color=&#8221;#ffffff&#8221; css=&#8221;.vc_custom_1676300265508{padding-top: 30px !important;padding-right: 32px !important;padding-bottom: 50px !important;padding-left: 80px !important;}&#8221; link=&#8221;url:https%3A%2F%2Fwww.tiszaparti.hu%2Findex.php%2Fcategory%2Fhirek%2F|||&#8221;][\/stm_icon_box][\/vc_column][vc_column width=&#8221;1\/4&#8243; css=&#8221;.vc_custom_1434610598979{margin-top: -148px !important;padding-right: 0px !important;padding-left: 0px !important;}&#8221;][stm_icon_box icon=&#8221;fa-icon-stm_icon_mountain_biking&#8221; icon_size=&#8221;61&#8243; icon_height=&#8221;69&#8243; icon_color=&#8221;#ffffff&#8221; title=&#8221;Versenyeredm\u00e9nyeink&#8221; box_bg_color=&#8221;#14a79f&#8221; box_text_color=&#8221;#ffffff&#8221; css=&#8221;.vc_custom_1676300319228{padding-top: 30px !important;padding-right: 32px !important;padding-bottom: 50px !important;padding-left: 80px !important;}&#8221; link=&#8221;url:https%3A%2F%2Fwww.tiszaparti.hu%2Findex.php%2Fhirek%2Fversenyeredmenyeink%2F|||&#8221;][\/stm_icon_box][\/vc_column][vc_column width=&#8221;1\/4&#8243; css=&#8221;.vc_custom_1434610604765{margin-top: -148px !important;padding-right: 0px !important;padding-left: 0px !important;}&#8221;][stm_icon_box icon=&#8221;fa-icon-stm_icon_brain&#8221; icon_size=&#8221;61&#8243; icon_height=&#8221;69&#8243; icon_color=&#8221;#ffffff&#8221; title=&#8221;KR\u00c9TA &#8211; E-NAPL\u00d3&#8221; box_bg_color=&#8221;#11384a&#8221; box_text_color=&#8221;#ffffff&#8221; link=&#8221;url:https%3A%2F%2Fwww.tiszaparti.hu%2Findex.php%2Fekreta%2F|||&#8221; css=&#8221;.vc_custom_1678259739177{padding-top: 30px !important;padding-right: 32px !important;padding-bottom: 50px !important;padding-left: 80px !important;}&#8221;][\/stm_icon_box][\/vc_column][vc_column width=&#8221;1\/4&#8243; css=&#8221;.vc_custom_1434610618578{margin-top: -148px !important;padding-right: 0px !important;padding-left: 0px !important;}&#8221;][stm_icon_box icon=&#8221;fa fa-bars&#8221; icon_size=&#8221;61&#8243; icon_height=&#8221;69&#8243; icon_color=&#8221;#ffffff&#8221; title=&#8221;Esem\u00e9nynapt\u00e1r&#8221; box_bg_color=&#8221;#56b7cc&#8221; box_text_color=&#8221;#ffffff&#8221; link=&#8221;url:https%3A%2F%2Fwww.tiszaparti.hu%2Findex.php%2Fesemenynaptar%2F|||&#8221; css=&#8221;.vc_custom_1664279677085{padding-top: 30px !important;padding-right: 32px !important;padding-bottom: 50px !important;padding-left: 80px !important;}&#8221;][\/stm_icon_box][\/vc_column][\/vc_row][vc_row css=&#8221;.vc_custom_1449824862178{margin-bottom: 28px !important;background-color: #ffffff !important;}&#8221;][vc_column width=&#8221;3\/4&#8243; css=&#8221;.vc_custom_1452084413594{background-color: #f4ecde !important;}&#8221;][vc_custom_heading text=&#8221;AKTU\u00c1LIS&#8221; font_container=&#8221;tag:h3|font_size:30|text_align:center|color:%2333446b|line_height:48px&#8221; google_fonts=&#8221;font_family:Montserrat%3Aregular%2C700|font_style:700%20bold%20regular%3A700%3Anormal&#8221; css=&#8221;.vc_custom_1697021422563{margin-top: -50px !important;}&#8221;][stm_color_separator css=&#8221;.vc_custom_1448982378042{margin-top: 7px !important;margin-bottom: 0px !important;}&#8221; color=&#8221;#1e73be&#8221;][vc_column_text]<div class=\"pt-cv-wrapper\"><div class=\"pt-cv-view pt-cv-grid pt-cv-colsys\" id=\"pt-cv-view-72f2d0a1c8\"><div data-id=\"pt-cv-page-1\" class=\"pt-cv-page\" data-cvc=\"3\"><div class=\"col-md-4 col-sm-6 col-xs-12 pt-cv-content-item pt-cv-1-col\" ><div class='pt-cv-ifield'><a href=\"https:\/\/www.tiszaparti.hu\/index.php\/2026\/04\/28\/muveszeteknapja2026\/\" class=\"_self pt-cv-href-thumbnail pt-cv-thumb-default\" target=\"_self\" ><img loading=\"lazy\" decoding=\"async\" width=\"270\" height=\"180\" src=\"https:\/\/www.tiszaparti.hu\/wp-content\/uploads\/2026\/04\/muvnap2026_016-zipp-270x180.jpg\" class=\"pt-cv-thumbnail\" alt=\"\" \/><\/a>\n<h4 class=\"pt-cv-title\"><a href=\"https:\/\/www.tiszaparti.hu\/index.php\/2026\/04\/28\/muveszeteknapja2026\/\" class=\"_self\" target=\"_self\" >M\u0171v\u00e9szetek napja 2026.<\/a><\/h4><\/div><\/div>\n<div class=\"col-md-4 col-sm-6 col-xs-12 pt-cv-content-item pt-cv-1-col\" ><div class='pt-cv-ifield'><a href=\"https:\/\/www.tiszaparti.hu\/index.php\/2026\/04\/28\/vadasparkiora\/\" class=\"_self pt-cv-href-thumbnail pt-cv-thumb-default\" target=\"_self\" ><img loading=\"lazy\" decoding=\"async\" width=\"270\" height=\"180\" src=\"https:\/\/www.tiszaparti.hu\/wp-content\/uploads\/2026\/04\/vadas3efv_006-270x180.jpg\" class=\"pt-cv-thumbnail\" alt=\"\" \/><\/a>\n<h4 class=\"pt-cv-title\"><a href=\"https:\/\/www.tiszaparti.hu\/index.php\/2026\/04\/28\/vadasparkiora\/\" class=\"_self\" target=\"_self\" >Vadasparki \u00f3ra<\/a><\/h4><\/div><\/div>\n<div class=\"col-md-4 col-sm-6 col-xs-12 pt-cv-content-item pt-cv-1-col\" ><div class='pt-cv-ifield'><a href=\"https:\/\/www.tiszaparti.hu\/index.php\/2026\/04\/28\/angolmesemondo\/\" class=\"_self pt-cv-href-thumbnail pt-cv-thumb-default\" target=\"_self\" ><img loading=\"lazy\" decoding=\"async\" width=\"270\" height=\"180\" src=\"https:\/\/www.tiszaparti.hu\/wp-content\/uploads\/2026\/02\/angolzaszlo-270x180.png\" class=\"pt-cv-thumbnail\" alt=\"\" \/><\/a>\n<h4 class=\"pt-cv-title\"><a href=\"https:\/\/www.tiszaparti.hu\/index.php\/2026\/04\/28\/angolmesemondo\/\" class=\"_self\" target=\"_self\" >Angol mesemond\u00f3verseny<\/a><\/h4><\/div><\/div>\n<div class=\"col-md-4 col-sm-6 col-xs-12 pt-cv-content-item pt-cv-1-col\" ><div class='pt-cv-ifield'><a href=\"https:\/\/www.tiszaparti.hu\/index.php\/2026\/04\/28\/janikovszky100\/\" class=\"_self pt-cv-href-thumbnail pt-cv-thumb-default\" target=\"_self\" ><img loading=\"lazy\" decoding=\"async\" width=\"270\" height=\"180\" src=\"https:\/\/www.tiszaparti.hu\/wp-content\/uploads\/2026\/04\/jefokep.jpg\" class=\"pt-cv-thumbnail\" alt=\"\" \/><\/a>\n<h4 class=\"pt-cv-title\"><a href=\"https:\/\/www.tiszaparti.hu\/index.php\/2026\/04\/28\/janikovszky100\/\" class=\"_self\" target=\"_self\" >Janikovszky 100<\/a><\/h4><\/div><\/div>\n<div class=\"col-md-4 col-sm-6 col-xs-12 pt-cv-content-item pt-cv-1-col\" ><div class='pt-cv-ifield'><a href=\"https:\/\/www.tiszaparti.hu\/index.php\/2026\/04\/28\/rendhagyoirodalomora\/\" class=\"_self pt-cv-href-thumbnail pt-cv-thumb-default\" target=\"_self\" ><img loading=\"lazy\" decoding=\"async\" width=\"270\" height=\"180\" src=\"https:\/\/www.tiszaparti.hu\/wp-content\/uploads\/2026\/04\/JENaplom-270x180.jpg\" class=\"pt-cv-thumbnail\" alt=\"\" \/><\/a>\n<h4 class=\"pt-cv-title\"><a href=\"https:\/\/www.tiszaparti.hu\/index.php\/2026\/04\/28\/rendhagyoirodalomora\/\" class=\"_self\" target=\"_self\" >Rendhagy\u00f3 irodalom\u00f3ra<\/a><\/h4><\/div><\/div>\n<div class=\"col-md-4 col-sm-6 col-xs-12 pt-cv-content-item pt-cv-1-col\" ><div class='pt-cv-ifield'><a href=\"https:\/\/www.tiszaparti.hu\/index.php\/2026\/04\/28\/holokausztemleknap-2026\/\" class=\"_self pt-cv-href-thumbnail pt-cv-thumb-default\" target=\"_self\" ><img loading=\"lazy\" decoding=\"async\" width=\"270\" height=\"180\" src=\"https:\/\/www.tiszaparti.hu\/wp-content\/uploads\/2026\/04\/holo3-zipp-270x180.jpg\" class=\"pt-cv-thumbnail\" alt=\"\" \/><\/a>\n<h4 class=\"pt-cv-title\"><a href=\"https:\/\/www.tiszaparti.hu\/index.php\/2026\/04\/28\/holokausztemleknap-2026\/\" class=\"_self\" target=\"_self\" >Megeml\u00e9kez\u00e9s a magyar holokauszt \u00e1ldozatainak eml\u00e9knapj\u00e1n<\/a><\/h4><\/div><\/div>\n<div class=\"col-md-4 col-sm-6 col-xs-12 pt-cv-content-item pt-cv-1-col\" ><div class='pt-cv-ifield'><a href=\"https:\/\/www.tiszaparti.hu\/index.php\/2026\/04\/24\/varmegyeiversmondo\/\" class=\"_self pt-cv-href-thumbnail pt-cv-thumb-default\" target=\"_self\" ><img loading=\"lazy\" decoding=\"async\" width=\"270\" height=\"180\" src=\"https:\/\/www.tiszaparti.hu\/wp-content\/uploads\/2026\/04\/2026-04-Lados-Benedek-megyei-2-zipp-270x180.jpg\" class=\"pt-cv-thumbnail\" alt=\"\" \/><\/a>\n<h4 class=\"pt-cv-title\"><a href=\"https:\/\/www.tiszaparti.hu\/index.php\/2026\/04\/24\/varmegyeiversmondo\/\" class=\"_self\" target=\"_self\" >V\u00e1rmegyei versmond\u00f3 verseny<\/a><\/h4><\/div><\/div>\n<div class=\"col-md-4 col-sm-6 col-xs-12 pt-cv-content-item pt-cv-1-col\" ><div class='pt-cv-ifield'><a href=\"https:\/\/www.tiszaparti.hu\/index.php\/2026\/04\/24\/letschant-2\/\" class=\"_self pt-cv-href-thumbnail pt-cv-thumb-default\" target=\"_self\" ><img loading=\"lazy\" decoding=\"async\" width=\"270\" height=\"180\" src=\"https:\/\/www.tiszaparti.hu\/wp-content\/uploads\/2025\/12\/letschantfokep.jpg\" class=\"pt-cv-thumbnail\" alt=\"\" \/><\/a>\n<h4 class=\"pt-cv-title\"><a href=\"https:\/\/www.tiszaparti.hu\/index.php\/2026\/04\/24\/letschant-2\/\" class=\"_self\" target=\"_self\" >Let&#8217;s Chant! #2<\/a><\/h4><\/div><\/div>\n<div class=\"col-md-4 col-sm-6 col-xs-12 pt-cv-content-item pt-cv-1-col\" ><div class='pt-cv-ifield'><a href=\"https:\/\/www.tiszaparti.hu\/index.php\/2026\/04\/23\/kolteszetnapjatiszapartiban\/\" class=\"_self pt-cv-href-thumbnail pt-cv-thumb-default\" target=\"_self\" ><img loading=\"lazy\" decoding=\"async\" width=\"270\" height=\"180\" src=\"https:\/\/www.tiszaparti.hu\/wp-content\/uploads\/2026\/04\/koltnap2026_010-270x180.jpeg\" class=\"pt-cv-thumbnail\" alt=\"\" \/><\/a>\n<h4 class=\"pt-cv-title\"><a href=\"https:\/\/www.tiszaparti.hu\/index.php\/2026\/04\/23\/kolteszetnapjatiszapartiban\/\" class=\"_self\" target=\"_self\" >A k\u00f6lt\u00e9szet napja a Tisza-partiban<\/a><\/h4><\/div><\/div>\n<div class=\"col-md-4 col-sm-6 col-xs-12 pt-cv-content-item pt-cv-1-col\" ><div class='pt-cv-ifield'><a href=\"https:\/\/www.tiszaparti.hu\/index.php\/2026\/04\/21\/alapitvanyiretroest\/\" class=\"_self pt-cv-href-thumbnail pt-cv-thumb-default\" target=\"_self\" ><img loading=\"lazy\" decoding=\"async\" width=\"270\" height=\"180\" src=\"https:\/\/www.tiszaparti.hu\/wp-content\/uploads\/2026\/03\/retrofb-270x180.jpg\" class=\"pt-cv-thumbnail\" alt=\"\" \/><\/a>\n<h4 class=\"pt-cv-title\"><a href=\"https:\/\/www.tiszaparti.hu\/index.php\/2026\/04\/21\/alapitvanyiretroest\/\" class=\"_self\" target=\"_self\" >ALAP\u00cdTV\u00c1NYI retro est<\/a><\/h4><\/div><\/div>\n<div class=\"col-md-4 col-sm-6 col-xs-12 pt-cv-content-item pt-cv-1-col\" ><div class='pt-cv-ifield'><a href=\"https:\/\/www.tiszaparti.hu\/index.php\/2026\/04\/20\/kiemelkedoversenyeredmeny\/\" class=\"_self pt-cv-href-thumbnail pt-cv-thumb-default\" target=\"_self\" ><img loading=\"lazy\" decoding=\"async\" width=\"270\" height=\"180\" src=\"https:\/\/www.tiszaparti.hu\/wp-content\/uploads\/2026\/04\/RCsani2026-270x180.jpg\" class=\"pt-cv-thumbnail\" alt=\"\" \/><\/a>\n<h4 class=\"pt-cv-title\"><a href=\"https:\/\/www.tiszaparti.hu\/index.php\/2026\/04\/20\/kiemelkedoversenyeredmeny\/\" class=\"_self\" target=\"_self\" >Kiemelked\u0151 versenyeredm\u00e9ny<\/a><\/h4><\/div><\/div>\n<div class=\"col-md-4 col-sm-6 col-xs-12 pt-cv-content-item pt-cv-1-col\" ><div class='pt-cv-ifield'><a href=\"https:\/\/www.tiszaparti.hu\/index.php\/2026\/04\/17\/muveszeteknapjameghivo-2026\/\" class=\"_self pt-cv-href-thumbnail pt-cv-thumb-default\" target=\"_self\" ><img loading=\"lazy\" decoding=\"async\" width=\"270\" height=\"180\" src=\"https:\/\/www.tiszaparti.hu\/wp-content\/uploads\/2026\/04\/mnfokep2026.jpg\" class=\"pt-cv-thumbnail\" alt=\"\" \/><\/a>\n<h4 class=\"pt-cv-title\"><a href=\"https:\/\/www.tiszaparti.hu\/index.php\/2026\/04\/17\/muveszeteknapjameghivo-2026\/\" class=\"_self\" target=\"_self\" >M\u0171v\u00e9szetek napja &#8211; megh\u00edv\u00f3<\/a><\/h4><\/div><\/div>\n<div class=\"col-md-4 col-sm-6 col-xs-12 pt-cv-content-item pt-cv-1-col\" ><div class='pt-cv-ifield'><a href=\"https:\/\/www.tiszaparti.hu\/index.php\/2026\/04\/17\/labdarugodiakolimpia\/\" class=\"_self pt-cv-href-thumbnail pt-cv-thumb-default\" target=\"_self\" ><img loading=\"lazy\" decoding=\"async\" width=\"270\" height=\"180\" src=\"https:\/\/www.tiszaparti.hu\/wp-content\/uploads\/2026\/04\/IMG_5219-zipp-270x180.jpeg\" class=\"pt-cv-thumbnail\" alt=\"\" \/><\/a>\n<h4 class=\"pt-cv-title\"><a href=\"https:\/\/www.tiszaparti.hu\/index.php\/2026\/04\/17\/labdarugodiakolimpia\/\" class=\"_self\" target=\"_self\" >Labdar\u00fag\u00f3 di\u00e1kolimpia<\/a><\/h4><\/div><\/div>\n<div class=\"col-md-4 col-sm-6 col-xs-12 pt-cv-content-item pt-cv-1-col\" ><div class='pt-cv-ifield'><a href=\"https:\/\/www.tiszaparti.hu\/index.php\/2026\/04\/02\/beiskolazas\/\" class=\"_self pt-cv-href-thumbnail pt-cv-thumb-default\" target=\"_self\" ><img loading=\"lazy\" decoding=\"async\" width=\"270\" height=\"180\" src=\"https:\/\/www.tiszaparti.hu\/wp-content\/uploads\/2025\/09\/barbeiskfokep.jpg\" class=\"pt-cv-thumbnail\" alt=\"\" \/><\/a>\n<h4 class=\"pt-cv-title\"><a href=\"https:\/\/www.tiszaparti.hu\/index.php\/2026\/04\/02\/beiskolazas\/\" class=\"_self\" target=\"_self\" >Beiskol\u00e1z\u00e1s &#8211; beiratkoz\u00e1s<\/a><\/h4><\/div><\/div>\n<div class=\"col-md-4 col-sm-6 col-xs-12 pt-cv-content-item pt-cv-1-col\" ><div class='pt-cv-ifield'><a href=\"https:\/\/www.tiszaparti.hu\/index.php\/2026\/04\/01\/ajandekkoncertkkpzami\/\" class=\"_self pt-cv-href-thumbnail pt-cv-thumb-default\" target=\"_self\" ><img loading=\"lazy\" decoding=\"async\" width=\"270\" height=\"180\" src=\"https:\/\/www.tiszaparti.hu\/wp-content\/uploads\/2026\/04\/ajandekkoncert01-270x180.jpeg\" class=\"pt-cv-thumbnail\" alt=\"\" \/><\/a>\n<h4 class=\"pt-cv-title\"><a href=\"https:\/\/www.tiszaparti.hu\/index.php\/2026\/04\/01\/ajandekkoncertkkpzami\/\" class=\"_self\" target=\"_self\" >Aj\u00e1nd\u00e9kkoncert az \u00e9nekkarosoknak a Kir\u00e1ly &#8211; K\u00f6nig P\u00e9ter Zenei AMI von\u00f3s tanszak\u00e1nak el\u0151ad\u00e1s\u00e1ban<\/a><\/h4><\/div><\/div>\n<div class=\"col-md-4 col-sm-6 col-xs-12 pt-cv-content-item pt-cv-1-col\" ><div class='pt-cv-ifield'><a href=\"https:\/\/www.tiszaparti.hu\/index.php\/2026\/03\/31\/ifjutehetsegertdij\/\" class=\"_self pt-cv-href-thumbnail pt-cv-thumb-default\" target=\"_self\" ><img loading=\"lazy\" decoding=\"async\" width=\"270\" height=\"180\" src=\"https:\/\/www.tiszaparti.hu\/wp-content\/uploads\/2026\/03\/hzsiteh-270x180.jpg\" class=\"pt-cv-thumbnail\" alt=\"\" \/><\/a>\n<h4 class=\"pt-cv-title\"><a href=\"https:\/\/www.tiszaparti.hu\/index.php\/2026\/03\/31\/ifjutehetsegertdij\/\" class=\"_self\" target=\"_self\" >Szeged Ifj\u00fa Tehets\u00e9g\u00e9\u00e9rt d\u00edj<\/a><\/h4><\/div><\/div>\n<div class=\"col-md-4 col-sm-6 col-xs-12 pt-cv-content-item pt-cv-1-col\" ><div class='pt-cv-ifield'><a href=\"https:\/\/www.tiszaparti.hu\/index.php\/2026\/03\/31\/kispalyaslabdarugodiakolimpia-2\/\" class=\"_self pt-cv-href-thumbnail pt-cv-thumb-default\" target=\"_self\" ><img loading=\"lazy\" decoding=\"async\" width=\"270\" height=\"180\" src=\"https:\/\/www.tiszaparti.hu\/wp-content\/uploads\/2026\/03\/IMG_5187-zipp-270x180.jpeg\" class=\"pt-cv-thumbnail\" alt=\"\" \/><\/a>\n<h4 class=\"pt-cv-title\"><a href=\"https:\/\/www.tiszaparti.hu\/index.php\/2026\/03\/31\/kispalyaslabdarugodiakolimpia-2\/\" class=\"_self\" target=\"_self\" >Kisp\u00e1ly\u00e1s labdar\u00fag\u00f3 di\u00e1kolimpia<\/a><\/h4><\/div><\/div>\n<div class=\"col-md-4 col-sm-6 col-xs-12 pt-cv-content-item pt-cv-1-col\" ><div class='pt-cv-ifield'><a href=\"https:\/\/www.tiszaparti.hu\/index.php\/2026\/03\/31\/tajfutodiakolimpia\/\" class=\"_self pt-cv-href-thumbnail pt-cv-thumb-default\" target=\"_self\" ><img loading=\"lazy\" decoding=\"async\" width=\"270\" height=\"180\" src=\"https:\/\/www.tiszaparti.hu\/wp-content\/uploads\/2026\/03\/IMG_1875-zipp-270x180.jpeg\" class=\"pt-cv-thumbnail\" alt=\"\" \/><\/a>\n<h4 class=\"pt-cv-title\"><a href=\"https:\/\/www.tiszaparti.hu\/index.php\/2026\/03\/31\/tajfutodiakolimpia\/\" class=\"_self\" target=\"_self\" >T\u00e1jfut\u00f3 Di\u00e1kolimpia<\/a><\/h4><\/div><\/div>\n<div class=\"col-md-4 col-sm-6 col-xs-12 pt-cv-content-item pt-cv-1-col\" ><div class='pt-cv-ifield'><a href=\"https:\/\/www.tiszaparti.hu\/index.php\/2026\/03\/27\/orszagostortenelemverseny\/\" class=\"_self pt-cv-href-thumbnail pt-cv-thumb-default\" target=\"_self\" ><img loading=\"lazy\" decoding=\"async\" width=\"270\" height=\"180\" src=\"https:\/\/www.tiszaparti.hu\/wp-content\/uploads\/2026\/03\/papakos01-270x180.jpg\" class=\"pt-cv-thumbnail\" alt=\"\" \/><\/a>\n<h4 class=\"pt-cv-title\"><a href=\"https:\/\/www.tiszaparti.hu\/index.php\/2026\/03\/27\/orszagostortenelemverseny\/\" class=\"_self\" target=\"_self\" >Orsz\u00e1gos T\u00f6rt\u00e9nelemverseny<\/a><\/h4><\/div><\/div>\n<div class=\"col-md-4 col-sm-6 col-xs-12 pt-cv-content-item pt-cv-1-col\" ><div class='pt-cv-ifield'><a href=\"https:\/\/www.tiszaparti.hu\/index.php\/2026\/03\/27\/vizvilagnapjaiskolankban\/\" class=\"_self pt-cv-href-thumbnail pt-cv-thumb-default\" target=\"_self\" ><img loading=\"lazy\" decoding=\"async\" width=\"270\" height=\"180\" src=\"https:\/\/www.tiszaparti.hu\/wp-content\/uploads\/2026\/03\/vvnap01-270x180.jpg\" class=\"pt-cv-thumbnail\" alt=\"\" srcset=\"https:\/\/www.tiszaparti.hu\/wp-content\/uploads\/2026\/03\/vvnap01-270x180.jpg 270w, https:\/\/www.tiszaparti.hu\/wp-content\/uploads\/2026\/03\/vvnap01-745x500.jpg 745w\" sizes=\"auto, (max-width: 270px) 100vw, 270px\" \/><\/a>\n<h4 class=\"pt-cv-title\"><a href=\"https:\/\/www.tiszaparti.hu\/index.php\/2026\/03\/27\/vizvilagnapjaiskolankban\/\" class=\"_self\" target=\"_self\" >A v\u00edz vil\u00e1gnapja iskol\u00e1nkban<\/a><\/h4><\/div><\/div>\n<div class=\"col-md-4 col-sm-6 col-xs-12 pt-cv-content-item pt-cv-1-col\" ><div class='pt-cv-ifield'><a href=\"https:\/\/www.tiszaparti.hu\/index.php\/2026\/03\/25\/onkormanyzatinyarinapkozistabor\/\" class=\"_self pt-cv-href-thumbnail pt-cv-thumb-default\" target=\"_self\" ><img loading=\"lazy\" decoding=\"async\" width=\"270\" height=\"180\" src=\"https:\/\/www.tiszaparti.hu\/wp-content\/uploads\/2023\/04\/agora.jpg\" class=\"pt-cv-thumbnail\" alt=\"\" \/><\/a>\n<h4 class=\"pt-cv-title\"><a href=\"https:\/\/www.tiszaparti.hu\/index.php\/2026\/03\/25\/onkormanyzatinyarinapkozistabor\/\" class=\"_self\" target=\"_self\" >\u00d6nkorm\u00e1nyzati Ny\u00e1ri Napk\u00f6zis T\u00e1bor<\/a><\/h4><\/div><\/div><\/div><\/div><\/div>[\/vc_column_text][vc_btn title=&#8221;Az \u00f6sszes h\u00edr\u00fcnk megtekint\u00e9s\u00e9hez kattintson ide!&#8221; style=&#8221;classic&#8221; shape=&#8221;square&#8221; color=&#8221;primary&#8221; align=&#8221;center&#8221; css_animation=&#8221;left-to-right&#8221; button_block=&#8221;true&#8221; link=&#8221;url:https%3A%2F%2Ftiszaparti.hu%2Findex.php%2Fcategory%2Fhirek%2F|||&#8221;][\/vc_column][vc_column width=&#8221;1\/4&#8243; css=&#8221;.vc_custom_1518420290055{background-color: #f4f4f4 !important;}&#8221;][vc_widget_sidebar sidebar_id=&#8221;default&#8221;][\/vc_column][\/vc_row]<\/p>\n","protected":false},"excerpt":{"rendered":"<p>[vc_row full_width=&#8221;stretch_row_content_no_spaces&#8221; css=&#8221;.vc_custom_1432531325225{margin-bottom: 0px !important;}&#8221;][vc_column][vc_column_text][\/vc_column_text][\/vc_column][\/vc_row][vc_row equal_height=&#8221;yes&#8221; content_placement=&#8221;middle&#8221; css=&#8221;.vc_custom_1480662572006{margin-top: 0px !important;margin-right: 0px !important;margin-bottom: 0px !important;margin-left: 0px !important;}&#8221; el_class=&#8221;overflowed_content&#8221;][vc_column width=&#8221;1\/4&#8243; css=&#8221;.vc_custom_1434610589736{margin-top: -148px !important;padding-right: 0px !important;padding-left: 0px !important;}&#8221;][stm_icon_box icon=&#8221;fa fa-globe&#8221; icon_size=&#8221;61&#8243; icon_height=&#8221;69&#8243; icon_color=&#8221;&#8221; title=&#8221;Aktualit\u00e1sok&#8221; box_bg_color=&#8221;#408082&#8243; box_text_color=&#8221;#ffffff&#8221; css=&#8221;.vc_custom_1676300265508{padding-top: 30px !important;padding-right: 32px !important;padding-bottom: 50px !important;padding-left: 80px !important;}&#8221; link=&#8221;url:https%3A%2F%2Fwww.tiszaparti.hu%2Findex.php%2Fcategory%2Fhirek%2F|||&#8221;][\/stm_icon_box][\/vc_column][vc_column width=&#8221;1\/4&#8243; css=&#8221;.vc_custom_1434610598979{margin-top: -148px !important;padding-right: 0px !important;padding-left: 0px !important;}&#8221;][stm_icon_box icon=&#8221;fa-icon-stm_icon_mountain_biking&#8221; icon_size=&#8221;61&#8243; icon_height=&#8221;69&#8243; icon_color=&#8221;#ffffff&#8221; [&hellip;]<\/p>\n","protected":false},"author":1,"featured_media":0,"parent":0,"menu_order":0,"comment_status":"closed","ping_status":"closed","template":"","meta":{"footnotes":""},"class_list":["post-1513","page","type-page","status-publish","hentry"],"_links":{"self":[{"href":"https:\/\/www.tiszaparti.hu\/index.php\/wp-json\/wp\/v2\/pages\/1513","targetHints":{"allow":["GET"]}}],"collection":[{"href":"https:\/\/www.tiszaparti.hu\/index.php\/wp-json\/wp\/v2\/pages"}],"about":[{"href":"https:\/\/www.tiszaparti.hu\/index.php\/wp-json\/wp\/v2\/types\/page"}],"author":[{"embeddable":true,"href":"https:\/\/www.tiszaparti.hu\/index.php\/wp-json\/wp\/v2\/users\/1"}],"replies":[{"embeddable":true,"href":"https:\/\/www.tiszaparti.hu\/index.php\/wp-json\/wp\/v2\/comments?post=1513"}],"version-history":[{"count":1,"href":"https:\/\/www.tiszaparti.hu\/index.php\/wp-json\/wp\/v2\/pages\/1513\/revisions"}],"predecessor-version":[{"id":24532,"href":"https:\/\/www.tiszaparti.hu\/index.php\/wp-json\/wp\/v2\/pages\/1513\/revisions\/24532"}],"wp:attachment":[{"href":"https:\/\/www.tiszaparti.hu\/index.php\/wp-json\/wp\/v2\/media?parent=1513"}],"curies":[{"name":"wp","href":"https:\/\/api.w.org\/{rel}","templated":true}]}}