{"id":1678,"date":"2015-12-01T12:24:19","date_gmt":"2015-12-01T12:24:19","guid":{"rendered":"http:\/\/new.tiszaparti.hu\/?page_id=1678"},"modified":"2025-09-04T08:05:44","modified_gmt":"2025-09-04T07:05:44","slug":"osztalyaink","status":"publish","type":"page","link":"https:\/\/www.tiszaparti.hu\/index.php\/iskolankrol\/osztalyaink\/","title":{"rendered":"Oszt\u00e1lyaink"},"content":{"rendered":"<p>[vc_row][vc_column width=&#8221;2\/3&#8243; css=&#8221;.vc_custom_1453793393551{background-color: #f4ecde !important;}&#8221;][vc_separator style=&#8221;shadow&#8221;][vc_column_text]<\/p>\n<p style=\"text-align: center;\"><strong>2025-2026. tan\u00e9v<\/strong><\/p>\n<p>[\/vc_column_text][vc_separator style=&#8221;shadow&#8221;][vc_column_text]<strong>1.a<\/strong><\/p>\n<p><strong>Csord\u00e1s Krisztina oszt\u00e1lyf\u0151n\u00f6k<\/strong><\/p>\n<p><strong>1.b<\/strong><\/p>\n<p><strong>K\u0151szegin\u00e9 Sz\u0171cs Gabriella oszt\u00e1lyf\u0151n\u00f6k<\/strong><\/p>\n<p><strong>2.a<\/strong><\/p>\n<p><strong>Domokosn\u00e9 Jegercsik Erika oszt\u00e1lyf\u0151n\u00f6k<\/strong><\/p>\n<p><strong>2.b<\/strong><\/p>\n<p><strong>V\u00e9ber Krisztina oszt\u00e1lyf\u0151n\u00f6k<\/strong><\/p>\n<p><strong>3.a<\/strong><\/p>\n<p><strong>Franczia Be\u00e1ta oszt\u00e1lyf\u0151n\u00f6k<\/strong><\/p>\n<p><strong>3.b<\/strong><\/p>\n<p><strong>Vincze Szilvia oszt\u00e1lyf\u0151n\u00f6k<\/strong><\/p>\n<p><strong>4.a<\/strong><\/p>\n<p><strong>Martonosi M\u00edra oszt\u00e1lyf\u0151n\u00f6k<\/strong><\/p>\n<p><strong>4.b<\/strong><\/p>\n<p><strong>Hal\u00e1szn\u00e9 Blutman Gy\u00f6ngyi oszt\u00e1lyf\u0151n\u00f6k<\/strong><\/p>\n<p><strong>4.c<\/strong><\/p>\n<p><strong>Fekete Di\u00e1na oszt\u00e1lyf\u0151n\u00f6k<\/strong><\/p>\n<p><strong>5.a<\/strong><\/p>\n<p><strong>Zolt\u00e1n Gabriella oszt\u00e1lyf\u0151n\u00f6k<\/strong><\/p>\n<p><strong>5.b<\/strong><\/p>\n<p><strong>Kr\u00e9kityn\u00e9 Dancs\u00f3 \u00c1gnes oszt\u00e1lyf\u0151n\u00f6k<\/strong><\/p>\n<p><strong>5.c<\/strong><\/p>\n<p><strong> Terhesn\u00e9 Rozik Edit oszt\u00e1lyf\u0151n\u00f6k<\/strong><\/p>\n<p><strong>6.a<\/strong><\/p>\n<p><strong>Bazs\u00f3n\u00e9 Lakatos Zsanett oszt\u00e1lyf\u0151n\u00f6k<\/strong><\/p>\n<p><strong>6.b<\/strong><\/p>\n<p><strong>Vincz\u00e9n\u00e9 Farag\u00f3 Anik\u00f3 oszt\u00e1lyf\u0151n\u00f6k<\/strong><\/p>\n<p><strong>6.c<\/strong><\/p>\n<p><strong>Varga Andrea oszt\u00e1lyf\u0151n\u00f6k<\/strong><\/p>\n<p><strong>7.a<\/strong><\/p>\n<p><strong>Papp-Szab\u00f3 Zsuzsanna oszt\u00e1lyf\u0151n\u00f6k<\/strong><\/p>\n<p><strong>7.b<\/strong><\/p>\n<p><strong>Bal\u00e1zsn\u00e9 Szelezs\u00e1n M\u00e1ria oszt\u00e1lyf\u0151n\u00f6k<\/strong><\/p>\n<p><strong>8.a<\/strong><\/p>\n<p><strong>Szil\u00e1gyi N\u00f3ra oszt\u00e1lyf\u0151n\u00f6k<\/strong><\/p>\n<p><strong>8.b<\/strong><\/p>\n<p><strong>Szil\u00e1gyi Katalin oszt\u00e1lyf\u0151n\u00f6k<\/strong>[\/vc_column_text][vc_separator style=&#8221;shadow&#8221;][\/vc_column][vc_column width=&#8221;1\/3&#8243; css=&#8221;.vc_custom_1453793410162{background-color: #f4f4f4 !important;}&#8221;][vc_widget_sidebar sidebar_id=&#8221;default&#8221;][\/vc_column][\/vc_row]<\/p>\n","protected":false},"excerpt":{"rendered":"<p>[vc_row][vc_column width=&#8221;2\/3&#8243; css=&#8221;.vc_custom_1453793393551{background-color: #f4ecde !important;}&#8221;][vc_separator style=&#8221;shadow&#8221;][vc_column_text] 2025-2026. tan\u00e9v [\/vc_column_text][vc_separator style=&#8221;shadow&#8221;][vc_column_text]1.a Csord\u00e1s Krisztina oszt\u00e1lyf\u0151n\u00f6k 1.b K\u0151szegin\u00e9 Sz\u0171cs Gabriella oszt\u00e1lyf\u0151n\u00f6k 2.a Domokosn\u00e9 Jegercsik Erika oszt\u00e1lyf\u0151n\u00f6k 2.b V\u00e9ber Krisztina oszt\u00e1lyf\u0151n\u00f6k 3.a Franczia Be\u00e1ta oszt\u00e1lyf\u0151n\u00f6k 3.b Vincze Szilvia oszt\u00e1lyf\u0151n\u00f6k 4.a Martonosi M\u00edra oszt\u00e1lyf\u0151n\u00f6k 4.b Hal\u00e1szn\u00e9 Blutman Gy\u00f6ngyi oszt\u00e1lyf\u0151n\u00f6k 4.c Fekete Di\u00e1na oszt\u00e1lyf\u0151n\u00f6k 5.a Zolt\u00e1n Gabriella oszt\u00e1lyf\u0151n\u00f6k 5.b Kr\u00e9kityn\u00e9 Dancs\u00f3 [&hellip;]<\/p>\n","protected":false},"author":1,"featured_media":0,"parent":1570,"menu_order":0,"comment_status":"closed","ping_status":"closed","template":"","meta":{"footnotes":""},"class_list":["post-1678","page","type-page","status-publish","hentry"],"_links":{"self":[{"href":"https:\/\/www.tiszaparti.hu\/index.php\/wp-json\/wp\/v2\/pages\/1678","targetHints":{"allow":["GET"]}}],"collection":[{"href":"https:\/\/www.tiszaparti.hu\/index.php\/wp-json\/wp\/v2\/pages"}],"about":[{"href":"https:\/\/www.tiszaparti.hu\/index.php\/wp-json\/wp\/v2\/types\/page"}],"author":[{"embeddable":true,"href":"https:\/\/www.tiszaparti.hu\/index.php\/wp-json\/wp\/v2\/users\/1"}],"replies":[{"embeddable":true,"href":"https:\/\/www.tiszaparti.hu\/index.php\/wp-json\/wp\/v2\/comments?post=1678"}],"version-history":[{"count":3,"href":"https:\/\/www.tiszaparti.hu\/index.php\/wp-json\/wp\/v2\/pages\/1678\/revisions"}],"predecessor-version":[{"id":24933,"href":"https:\/\/www.tiszaparti.hu\/index.php\/wp-json\/wp\/v2\/pages\/1678\/revisions\/24933"}],"up":[{"embeddable":true,"href":"https:\/\/www.tiszaparti.hu\/index.php\/wp-json\/wp\/v2\/pages\/1570"}],"wp:attachment":[{"href":"https:\/\/www.tiszaparti.hu\/index.php\/wp-json\/wp\/v2\/media?parent=1678"}],"curies":[{"name":"wp","href":"https:\/\/api.w.org\/{rel}","templated":true}]}}