{"id":1680,"date":"2015-12-01T12:24:38","date_gmt":"2015-12-01T12:24:38","guid":{"rendered":"http:\/\/new.tiszaparti.hu\/?page_id=1680"},"modified":"2025-09-11T07:28:06","modified_gmt":"2025-09-11T06:28:06","slug":"alapitvanyunk","status":"publish","type":"page","link":"https:\/\/www.tiszaparti.hu\/index.php\/iskolankrol\/alapitvanyunk\/","title":{"rendered":"Alap\u00edtv\u00e1nyunk"},"content":{"rendered":"<p>[vc_row][vc_column width=&#8221;2\/3&#8243; css=&#8221;.vc_custom_1453124163699{background-color: #f4ecde !important;}&#8221;][vc_separator style=&#8221;shadow&#8221;][vc_column_text]<\/p>\n<h2 style=\"text-align: center;\"><strong>Tisza-parti \u00c1ltal\u00e1nos Iskol\u00e1\u00e9rt Alap\u00edtv\u00e1ny<\/strong><\/h2>\n<p>[\/vc_column_text][vc_column_text]<\/p>\n<h3 style=\"text-align: center;\">Banksz\u00e1mlasz\u00e1m:<br \/>\n<strong>11606002-05645800-06000000<\/strong><\/h3>\n<h3 style=\"text-align: center;\">Ad\u00f3sz\u00e1m:<br \/>\n<strong>18457720-1-06<\/strong><\/h3>\n<p>[\/vc_column_text][vc_separator style=&#8221;shadow&#8221;][vc_btn title=&#8221;Ad\u00f3 1%&#8221; style=&#8221;3d&#8221; color=&#8221;success&#8221; align=&#8221;center&#8221; css_animation=&#8221;left-to-right&#8221; link=&#8221;url:https%3A%2F%2Fwww.tiszaparti.hu%2Fwp-content%2Fuploads%2F2025%2F02%2F1sza2024.pdf||target:%20_blank|&#8221;][vc_btn title=&#8221;P\u00e9nz\u00fcgyi besz\u00e1mol\u00f3&#8221; style=&#8221;3d&#8221; color=&#8221;success&#8221; align=&#8221;center&#8221; css_animation=&#8221;left-to-right&#8221; link=&#8221;url:https%3A%2F%2Fwww.tiszaparti.hu%2Fwp-content%2Fuploads%2F2025%2F02%2Fpenzugyi-beszamolo.pdf||target:%20_blank|&#8221;][vc_btn title=&#8221;A Tisza-parti \u00c1ltal\u00e1nos Iskol\u00e1\u00e9rt Alap\u00edtv\u00e1nyr\u00f3l&#8221; style=&#8221;3d&#8221; color=&#8221;success&#8221; align=&#8221;center&#8221; css_animation=&#8221;left-to-right&#8221; link=&#8221;url:https%3A%2F%2Fwww.tiszaparti.hu%2Fwp-content%2Fuploads%2F2025%2F09%2FAlapitvanyrol-2025.pdf||target:%20_blank|&#8221;][vc_btn title=&#8221;Oszt\u00e1lykir\u00e1ndul\u00e1sok t\u00e1mogat\u00e1sa&#8221; style=&#8221;3d&#8221; color=&#8221;success&#8221; align=&#8221;center&#8221; css_animation=&#8221;left-to-right&#8221; link=&#8221;url:http%3A%2F%2Fwww.tiszaparti.hu%2Fwp-content%2Fuploads%2F2016%2F01%2FOsztalykirandulas.pdf||target:%20_blank|&#8221;][vc_separator style=&#8221;shadow&#8221;][vc_column_text][\/vc_column_text][\/vc_column][vc_column width=&#8221;1\/3&#8243; css=&#8221;.vc_custom_1453124177374{background-color: #f4f4f4 !important;}&#8221;][vc_widget_sidebar sidebar_id=&#8221;default&#8221;][\/vc_column][\/vc_row]<\/p>\n","protected":false},"excerpt":{"rendered":"<p>[vc_row][vc_column width=&#8221;2\/3&#8243; css=&#8221;.vc_custom_1453124163699{background-color: #f4ecde !important;}&#8221;][vc_separator style=&#8221;shadow&#8221;][vc_column_text] Tisza-parti \u00c1ltal\u00e1nos Iskol\u00e1\u00e9rt Alap\u00edtv\u00e1ny [\/vc_column_text][vc_column_text] Banksz\u00e1mlasz\u00e1m: 11606002-05645800-06000000 Ad\u00f3sz\u00e1m: 18457720-1-06 [\/vc_column_text][vc_separator style=&#8221;shadow&#8221;][vc_btn title=&#8221;Ad\u00f3 1%&#8221; style=&#8221;3d&#8221; color=&#8221;success&#8221; align=&#8221;center&#8221; css_animation=&#8221;left-to-right&#8221; link=&#8221;url:https%3A%2F%2Fwww.tiszaparti.hu%2Fwp-content%2Fuploads%2F2025%2F02%2F1sza2024.pdf||target:%20_blank|&#8221;][vc_btn title=&#8221;P\u00e9nz\u00fcgyi besz\u00e1mol\u00f3&#8221; style=&#8221;3d&#8221; color=&#8221;success&#8221; align=&#8221;center&#8221; css_animation=&#8221;left-to-right&#8221; link=&#8221;url:https%3A%2F%2Fwww.tiszaparti.hu%2Fwp-content%2Fuploads%2F2025%2F02%2Fpenzugyi-beszamolo.pdf||target:%20_blank|&#8221;][vc_btn title=&#8221;A Tisza-parti \u00c1ltal\u00e1nos Iskol\u00e1\u00e9rt Alap\u00edtv\u00e1nyr\u00f3l&#8221; style=&#8221;3d&#8221; color=&#8221;success&#8221; align=&#8221;center&#8221; css_animation=&#8221;left-to-right&#8221; link=&#8221;url:https%3A%2F%2Fwww.tiszaparti.hu%2Fwp-content%2Fuploads%2F2025%2F09%2FAlapitvanyrol-2025.pdf||target:%20_blank|&#8221;][vc_btn title=&#8221;Oszt\u00e1lykir\u00e1ndul\u00e1sok t\u00e1mogat\u00e1sa&#8221; style=&#8221;3d&#8221; color=&#8221;success&#8221; align=&#8221;center&#8221; css_animation=&#8221;left-to-right&#8221; link=&#8221;url:http%3A%2F%2Fwww.tiszaparti.hu%2Fwp-content%2Fuploads%2F2016%2F01%2FOsztalykirandulas.pdf||target:%20_blank|&#8221;][vc_separator style=&#8221;shadow&#8221;][vc_column_text][\/vc_column_text][\/vc_column][vc_column width=&#8221;1\/3&#8243; css=&#8221;.vc_custom_1453124177374{background-color: #f4f4f4 !important;}&#8221;][vc_widget_sidebar sidebar_id=&#8221;default&#8221;][\/vc_column][\/vc_row]<\/p>\n","protected":false},"author":1,"featured_media":0,"parent":1570,"menu_order":0,"comment_status":"closed","ping_status":"closed","template":"","meta":{"footnotes":""},"class_list":["post-1680","page","type-page","status-publish","hentry"],"_links":{"self":[{"href":"https:\/\/www.tiszaparti.hu\/index.php\/wp-json\/wp\/v2\/pages\/1680","targetHints":{"allow":["GET"]}}],"collection":[{"href":"https:\/\/www.tiszaparti.hu\/index.php\/wp-json\/wp\/v2\/pages"}],"about":[{"href":"https:\/\/www.tiszaparti.hu\/index.php\/wp-json\/wp\/v2\/types\/page"}],"author":[{"embeddable":true,"href":"https:\/\/www.tiszaparti.hu\/index.php\/wp-json\/wp\/v2\/users\/1"}],"replies":[{"embeddable":true,"href":"https:\/\/www.tiszaparti.hu\/index.php\/wp-json\/wp\/v2\/comments?post=1680"}],"version-history":[{"count":1,"href":"https:\/\/www.tiszaparti.hu\/index.php\/wp-json\/wp\/v2\/pages\/1680\/revisions"}],"predecessor-version":[{"id":25012,"href":"https:\/\/www.tiszaparti.hu\/index.php\/wp-json\/wp\/v2\/pages\/1680\/revisions\/25012"}],"up":[{"embeddable":true,"href":"https:\/\/www.tiszaparti.hu\/index.php\/wp-json\/wp\/v2\/pages\/1570"}],"wp:attachment":[{"href":"https:\/\/www.tiszaparti.hu\/index.php\/wp-json\/wp\/v2\/media?parent=1680"}],"curies":[{"name":"wp","href":"https:\/\/api.w.org\/{rel}","templated":true}]}}