{"id":1708,"date":"2015-12-01T12:28:40","date_gmt":"2015-12-01T12:28:40","guid":{"rendered":"http:\/\/new.tiszaparti.hu\/?page_id=1708"},"modified":"2025-11-20T13:00:04","modified_gmt":"2025-11-20T12:00:04","slug":"kozzeteteli-lista","status":"publish","type":"page","link":"https:\/\/www.tiszaparti.hu\/index.php\/iskolankrol\/kozzeteteli-lista\/","title":{"rendered":"K\u00f6zz\u00e9t\u00e9teli lista"},"content":{"rendered":"<p>[vc_row][vc_column width=&#8221;3\/4&#8243; css=&#8221;.vc_custom_1453806063267{background-color: #f4ecde !important;}&#8221;][vc_separator style=&#8221;shadow&#8221;][vc_column_text css_animation=&#8221;none&#8221;]<\/p>\n<h3 style=\"text-align: center;\">K\u00d6ZZ\u00c9T\u00c9TELI LISTA<\/h3>\n<p>[\/vc_column_text][vc_btn title=&#8221;1. A felv\u00e9teli lehet\u0151s\u00e9gr\u0151l sz\u00f3l\u00f3 t\u00e1j\u00e9koztat\u00e1s&#8221; style=&#8221;3d&#8221; color=&#8221;blue&#8221; align=&#8221;center&#8221; css_animation=&#8221;none&#8221; link=&#8221;url:http%3A%2F%2Fwww.tiszaparti.hu%2Fwp-content%2Fuploads%2F2016%2F01%2F1.-A-felveteli-lehetosegrol-szolo-tajekoztatas.pdf||target:%20_blank|&#8221;][vc_btn title=&#8221;2. A beiratkoz\u00e1sra meghat\u00e1rozott id\u0151, a fenntart\u00f3 \u00e1ltal enged\u00e9lyezett oszt\u00e1lyok, csoportok sz\u00e1ma&#8221; style=&#8221;3d&#8221; color=&#8221;turquoise&#8221; align=&#8221;center&#8221; css_animation=&#8221;none&#8221; link=&#8221;url:https%3A%2F%2Fwww.tiszaparti.hu%2Fwp-content%2Fuploads%2F2025%2F09%2F2.-A-beiratkozas-osztalyok.pdf||target:%20_blank|&#8221;][vc_btn title=&#8221;3. A t\u00e9r\u00edt\u00e9si d\u00edj, egy\u00e9b d\u00edjfizet\u00e9si k\u00f6telezetts\u00e9gi jogc\u00edme \u00e9s m\u00e9rt\u00e9ke&#8221; style=&#8221;3d&#8221; color=&#8221;blue&#8221; align=&#8221;center&#8221; css_animation=&#8221;none&#8221; link=&#8221;url:https%3A%2F%2Fngsz.hu%2Fwp-content%2Fuploads%2F20250708-Tajekoztato-a-2025.-augusztus-10.-napjatol-ervenyes-etkezesi-teritesi-dijakrol.pdf||target:%20_blank|&#8221;][vc_btn title=&#8221;4. A fenntart\u00f3 nevel\u00e9si-oktat\u00e1si int\u00e9zm\u00e9ny munk\u00e1j\u00e1val \u00f6sszef\u00fcgg\u0151 \u00e9rt\u00e9kel\u00e9s\u00e9nek nyilv\u00e1nos meg\u00e1llap\u00edt\u00e1sai&#8221; style=&#8221;3d&#8221; color=&#8221;turquoise&#8221; align=&#8221;center&#8221; css_animation=&#8221;none&#8221; link=&#8221;url:http%3A%2F%2Fwww.tiszaparti.hu%2Fwp-content%2Fuploads%2F2018%2F02%2F4.-A-fenntarto-nevelesi-oktatasi-intezmeny-munkajaval-osszefuggo-ertekelesenek-nyilvanos-megallapitasai.pdf||target:%20_blank|&#8221;][vc_btn title=&#8221;5. A nyitva tart\u00e1s rendje, tan\u00e9vben tervezett jelent\u0151sebb esem\u00e9nyek, rendezv\u00e9nyek&#8221; style=&#8221;3d&#8221; color=&#8221;blue&#8221; align=&#8221;center&#8221; css_animation=&#8221;none&#8221; link=&#8221;url:https%3A%2F%2Fwww.tiszaparti.hu%2Fwp-content%2Fuploads%2F2025%2F09%2F5.-A-nyitvatartas-rendje-2025-002.pdf||target:%20_blank|&#8221;][vc_btn title=&#8221;6. A pedag\u00f3giai-szakmai ellen\u0151rz\u00e9s meg\u00e1llap\u00edt\u00e1sai&#8221; style=&#8221;3d&#8221; color=&#8221;turquoise&#8221; align=&#8221;center&#8221; css_animation=&#8221;none&#8221; link=&#8221;url:http%3A%2F%2Fwww.tiszaparti.hu%2Fwp-content%2Fuploads%2F2018%2F04%2F6.-A-pedagogiai-szakmai-ellenorzes-megallapitasai_2018.pdf||target:%20_blank|&#8221;][vc_btn title=&#8221;7. SzMSz, H\u00e1zirend, Pedag\u00f3giai Program&#8221; style=&#8221;3d&#8221; color=&#8221;blue&#8221; align=&#8221;center&#8221; css_animation=&#8221;none&#8221; link=&#8221;url:http%3A%2F%2Fwww.tiszaparti.hu%2Findex.php%2Fiskolankrol%2Fdokumentumaink%2F|||&#8221;][vc_btn title=&#8221;8. A pedag\u00f3gusok iskolai v\u00e9gzetts\u00e9ge \u00e9s szakk\u00e9pzetts\u00e9ge&#8221; style=&#8221;3d&#8221; color=&#8221;turquoise&#8221; align=&#8221;center&#8221; css_animation=&#8221;none&#8221; link=&#8221;url:http%3A%2F%2Fwww.tiszaparti.hu%2Findex.php%2Fiskolankrol%2Fdolgozoink%2Ftanaraink%2F|||&#8221;][vc_btn title=&#8221;9. A nevel\u0151 \u00e9s oktat\u00f3 munk\u00e1t seg\u00edt\u0151k sz\u00e1ma, feladatk\u00f6re, iskolai v\u00e9gzetts\u00e9ge \u00e9s szakk\u00e9pzetts\u00e9ge&#8221; style=&#8221;3d&#8221; color=&#8221;blue&#8221; align=&#8221;center&#8221; css_animation=&#8221;none&#8221; link=&#8221;url:http%3A%2F%2Fwww.tiszaparti.hu%2Findex.php%2Fiskolankrol%2Fdolgozoink%2Faz-iskola-alkalmazottai%2F||target:%20_blank|&#8221;][vc_btn title=&#8221;10. Orsz\u00e1gos m\u00e9r\u00e9s-\u00e9rt\u00e9kel\u00e9s \u00e9venk\u00e9nti eredm\u00e9nyei&#8221; style=&#8221;3d&#8221; color=&#8221;turquoise&#8221; align=&#8221;center&#8221; css_animation=&#8221;none&#8221; link=&#8221;url:https%3A%2F%2Fwww.tiszaparti.hu%2Fwp-content%2Fuploads%2F2025%2F09%2F10.-Orszagos-meres-ertekeles-2025.pdf||target:%20_blank|&#8221;][vc_btn title=&#8221;11. A tanul\u00f3k le- \u00e9s kimarad\u00e1s\u00e1val, \u00e9vfolyamism\u00e9tl\u00e9s\u00e9vel kapcsolatos adatok&#8221; style=&#8221;3d&#8221; color=&#8221;blue&#8221; align=&#8221;center&#8221; css_animation=&#8221;none&#8221; link=&#8221;url:https%3A%2F%2Fwww.tiszaparti.hu%2Fwp-content%2Fuploads%2F2025%2F09%2F11_tanulok-le-es-kimaradas-2025.pdf||target:%20_blank|&#8221;][vc_btn title=&#8221;12. A tan\u00f3r\u00e1n k\u00edv\u00fcli egy\u00e9b lehet\u0151s\u00e9gek ig\u00e9nybev\u00e9tel\u00e9nek lehet\u0151s\u00e9gei&#8221; style=&#8221;3d&#8221; color=&#8221;turquoise&#8221; align=&#8221;center&#8221; css_animation=&#8221;none&#8221; link=&#8221;url:https%3A%2F%2Fwww.tiszaparti.hu%2Fwp-content%2Fuploads%2F2025%2F09%2Ftankiv-25-26.pdf||target:%20_blank|&#8221;][vc_btn title=&#8221;13. A h\u00e9tv\u00e9gi h\u00e1zi feladatok \u00e9s az iskolai dolgozatok szab\u00e1lyai&#8221; style=&#8221;3d&#8221; color=&#8221;blue&#8221; align=&#8221;center&#8221; css_animation=&#8221;none&#8221; link=&#8221;url:https%3A%2F%2Fwww.tiszaparti.hu%2Fwp-content%2Fuploads%2F2025%2F11%2F13.-A-hetvegi-hazi-feladatok-2025.pdf||target:%20_blank|&#8221;][vc_btn title=&#8221;14. A tanulm\u00e1nyok alatti vizsg\u00e1k szab\u00e1lyzata&#8221; style=&#8221;3d&#8221; color=&#8221;turquoise&#8221; align=&#8221;center&#8221; css_animation=&#8221;none&#8221; link=&#8221;url:http%3A%2F%2Fwww.tiszaparti.hu%2Fwp-content%2Fuploads%2F2020%2F09%2F14_tanulmanyok-alatti-vizsga-2020.pdf||target:%20_blank|&#8221;][vc_btn title=&#8221;15. Iskolai oszt\u00e1lyok sz\u00e1ma, \u00e9s az egyes oszt\u00e1lyokban tanul\u00f3k l\u00e9tsz\u00e1ma&#8221; style=&#8221;3d&#8221; color=&#8221;blue&#8221; align=&#8221;center&#8221; css_animation=&#8221;none&#8221; link=&#8221;url:https%3A%2F%2Fwww.tiszaparti.hu%2Fwp-content%2Fuploads%2F2025%2F09%2F15-Iskolai-osztalyok-szama-2025-2026.pdf||target:%20_blank|&#8221;][vc_btn title=&#8221;16. 9-10. \u00e9vfolyam v\u00e9gi eredm\u00e9nyek&#8221; style=&#8221;3d&#8221; color=&#8221;turquoise&#8221; align=&#8221;center&#8221; css_animation=&#8221;none&#8221; link=&#8221;url:https%3A%2F%2Fwww.tiszaparti.hu%2Fwp-content%2Fuploads%2F2025%2F01%2F9-10-evfolyam-vegi-eredmenyek-2023-2024.pdf||target:%20_blank|&#8221;][vc_btn title=&#8221;17. Helysz\u00edni fenntart\u00f3i ellen\u0151rz\u00e9s&#8221; style=&#8221;3d&#8221; color=&#8221;blue&#8221; align=&#8221;center&#8221; css_animation=&#8221;none&#8221; link=&#8221;url:http%3A%2F%2Fwww.tiszaparti.hu%2Fwp-content%2Fuploads%2F2019%2F12%2FHelyszini-fenntartoi-ellenorzes.pdf||target:%20_blank|&#8221;][vc_separator style=&#8221;shadow&#8221;][\/vc_column][vc_column width=&#8221;1\/4&#8243; css=&#8221;.vc_custom_1453806095811{background-color: #f4f4f4 !important;}&#8221;][vc_widget_sidebar sidebar_id=&#8221;default&#8221;][\/vc_column][\/vc_row]<\/p>\n","protected":false},"excerpt":{"rendered":"<p>[vc_row][vc_column width=&#8221;3\/4&#8243; css=&#8221;.vc_custom_1453806063267{background-color: #f4ecde !important;}&#8221;][vc_separator style=&#8221;shadow&#8221;][vc_column_text css_animation=&#8221;none&#8221;] K\u00d6ZZ\u00c9T\u00c9TELI LISTA [\/vc_column_text][vc_btn title=&#8221;1. A felv\u00e9teli lehet\u0151s\u00e9gr\u0151l sz\u00f3l\u00f3 t\u00e1j\u00e9koztat\u00e1s&#8221; style=&#8221;3d&#8221; color=&#8221;blue&#8221; align=&#8221;center&#8221; css_animation=&#8221;none&#8221; link=&#8221;url:http%3A%2F%2Fwww.tiszaparti.hu%2Fwp-content%2Fuploads%2F2016%2F01%2F1.-A-felveteli-lehetosegrol-szolo-tajekoztatas.pdf||target:%20_blank|&#8221;][vc_btn title=&#8221;2. A beiratkoz\u00e1sra meghat\u00e1rozott id\u0151, a fenntart\u00f3 \u00e1ltal enged\u00e9lyezett oszt\u00e1lyok, csoportok sz\u00e1ma&#8221; style=&#8221;3d&#8221; color=&#8221;turquoise&#8221; align=&#8221;center&#8221; css_animation=&#8221;none&#8221; link=&#8221;url:https%3A%2F%2Fwww.tiszaparti.hu%2Fwp-content%2Fuploads%2F2025%2F09%2F2.-A-beiratkozas-osztalyok.pdf||target:%20_blank|&#8221;][vc_btn title=&#8221;3. A t\u00e9r\u00edt\u00e9si d\u00edj, egy\u00e9b d\u00edjfizet\u00e9si k\u00f6telezetts\u00e9gi jogc\u00edme \u00e9s m\u00e9rt\u00e9ke&#8221; style=&#8221;3d&#8221; color=&#8221;blue&#8221; align=&#8221;center&#8221; css_animation=&#8221;none&#8221; link=&#8221;url:https%3A%2F%2Fngsz.hu%2Fwp-content%2Fuploads%2F20250708-Tajekoztato-a-2025.-augusztus-10.-napjatol-ervenyes-etkezesi-teritesi-dijakrol.pdf||target:%20_blank|&#8221;][vc_btn title=&#8221;4. A [&hellip;]<\/p>\n","protected":false},"author":1,"featured_media":0,"parent":1570,"menu_order":0,"comment_status":"closed","ping_status":"closed","template":"","meta":{"footnotes":""},"class_list":["post-1708","page","type-page","status-publish","hentry"],"_links":{"self":[{"href":"https:\/\/www.tiszaparti.hu\/index.php\/wp-json\/wp\/v2\/pages\/1708","targetHints":{"allow":["GET"]}}],"collection":[{"href":"https:\/\/www.tiszaparti.hu\/index.php\/wp-json\/wp\/v2\/pages"}],"about":[{"href":"https:\/\/www.tiszaparti.hu\/index.php\/wp-json\/wp\/v2\/types\/page"}],"author":[{"embeddable":true,"href":"https:\/\/www.tiszaparti.hu\/index.php\/wp-json\/wp\/v2\/users\/1"}],"replies":[{"embeddable":true,"href":"https:\/\/www.tiszaparti.hu\/index.php\/wp-json\/wp\/v2\/comments?post=1708"}],"version-history":[{"count":11,"href":"https:\/\/www.tiszaparti.hu\/index.php\/wp-json\/wp\/v2\/pages\/1708\/revisions"}],"predecessor-version":[{"id":25467,"href":"https:\/\/www.tiszaparti.hu\/index.php\/wp-json\/wp\/v2\/pages\/1708\/revisions\/25467"}],"up":[{"embeddable":true,"href":"https:\/\/www.tiszaparti.hu\/index.php\/wp-json\/wp\/v2\/pages\/1570"}],"wp:attachment":[{"href":"https:\/\/www.tiszaparti.hu\/index.php\/wp-json\/wp\/v2\/media?parent=1708"}],"curies":[{"name":"wp","href":"https:\/\/api.w.org\/{rel}","templated":true}]}}