{"id":1711,"date":"2015-12-01T12:32:01","date_gmt":"2015-12-01T12:32:01","guid":{"rendered":"http:\/\/new.tiszaparti.hu\/?page_id=1711"},"modified":"2025-09-04T07:21:43","modified_gmt":"2025-09-04T06:21:43","slug":"intezmenyvezetes","status":"publish","type":"page","link":"https:\/\/www.tiszaparti.hu\/index.php\/iskolankrol\/dolgozoink\/intezmenyvezetes\/","title":{"rendered":"Int\u00e9zm\u00e9nyvezet\u00e9s"},"content":{"rendered":"<p>[vc_row][vc_column width=&#8221;1\/4&#8243; css=&#8221;.vc_custom_1453717253024{background-color: #f4ecde !important;}&#8221;][vc_separator style=&#8221;shadow&#8221;][vc_column_text][\/vc_column_text][vc_column_text]<\/p>\n<p>&nbsp;<\/p>\n<p>&nbsp;<\/p>\n<p>[\/vc_column_text][vc_column_text]<\/p>\n<p style=\"text-align: center;\"><strong>F\u00fczesyn\u00e9 Bozs\u00f3 \u00c9va<\/strong><br \/>\nigazgat\u00f3helyettes<br \/>\nemail: igh-fbe@tiszaparti.hu,<br \/>\ntel: 62\/547-130<\/p>\n<p>[\/vc_column_text][vc_separator style=&#8221;shadow&#8221;][\/vc_column][vc_column width=&#8221;1\/4&#8243; css=&#8221;.vc_custom_1453717270330{background-color: #f4ecde !important;}&#8221;][vc_separator style=&#8221;shadow&#8221;][vc_column_text]<\/p>\n<p style=\"text-align: center;\"><strong>Simon Ildik\u00f3 Katalin<\/strong><br \/>\nigazgat\u00f3<br \/>\nemail: igazgato@tiszaparti.hu,<br \/>\ntel: 62\/547-130<\/p>\n<p>[\/vc_column_text][vc_column_text]<\/p>\n<p>&nbsp;<\/p>\n<p>&nbsp;<\/p>\n<p>[\/vc_column_text][vc_separator style=&#8221;shadow&#8221;][\/vc_column][vc_column width=&#8221;1\/4&#8243; css=&#8221;.vc_custom_1453717288651{background-color: #f4ecde !important;}&#8221;][vc_separator style=&#8221;shadow&#8221;][vc_column_text][\/vc_column_text][vc_column_text]<\/p>\n<p>&nbsp;<\/p>\n<p>&nbsp;<\/p>\n<p>[\/vc_column_text][vc_column_text]<\/p>\n<p style=\"text-align: center;\"><strong>Hajd\u00fa Erzs\u00e9bet<\/strong><br \/>\nigazgat\u00f3helyettes<br \/>\nemail: igh2@tiszaparti.hu,<br \/>\ntel: 62\/547-130<\/p>\n<p>[\/vc_column_text][vc_separator style=&#8221;shadow&#8221;][\/vc_column][vc_column width=&#8221;1\/4&#8243; css=&#8221;.vc_custom_1453717313300{background-color: #f4f4f4 !important;}&#8221;][vc_widget_sidebar sidebar_id=&#8221;default&#8221;][\/vc_column][\/vc_row]<\/p>\n","protected":false},"excerpt":{"rendered":"<p>[vc_row][vc_column width=&#8221;1\/4&#8243; css=&#8221;.vc_custom_1453717253024{background-color: #f4ecde !important;}&#8221;][vc_separator style=&#8221;shadow&#8221;][vc_column_text][\/vc_column_text][vc_column_text] &nbsp; &nbsp; [\/vc_column_text][vc_column_text] F\u00fczesyn\u00e9 Bozs\u00f3 \u00c9va igazgat\u00f3helyettes email: igh-fbe@tiszaparti.hu, tel: 62\/547-130 [\/vc_column_text][vc_separator style=&#8221;shadow&#8221;][\/vc_column][vc_column width=&#8221;1\/4&#8243; css=&#8221;.vc_custom_1453717270330{background-color: #f4ecde !important;}&#8221;][vc_separator style=&#8221;shadow&#8221;][vc_column_text] Simon Ildik\u00f3 Katalin igazgat\u00f3 email: igazgato@tiszaparti.hu, tel: 62\/547-130 [\/vc_column_text][vc_column_text] &nbsp; &nbsp; [\/vc_column_text][vc_separator style=&#8221;shadow&#8221;][\/vc_column][vc_column width=&#8221;1\/4&#8243; css=&#8221;.vc_custom_1453717288651{background-color: #f4ecde !important;}&#8221;][vc_separator style=&#8221;shadow&#8221;][vc_column_text][\/vc_column_text][vc_column_text] &nbsp; &nbsp; [\/vc_column_text][vc_column_text] Hajd\u00fa Erzs\u00e9bet igazgat\u00f3helyettes email: igh2@tiszaparti.hu, tel: 62\/547-130 [\/vc_column_text][vc_separator style=&#8221;shadow&#8221;][\/vc_column][vc_column width=&#8221;1\/4&#8243; [&hellip;]<\/p>\n","protected":false},"author":1,"featured_media":0,"parent":1675,"menu_order":0,"comment_status":"closed","ping_status":"closed","template":"","meta":{"footnotes":""},"class_list":["post-1711","page","type-page","status-publish","hentry"],"_links":{"self":[{"href":"https:\/\/www.tiszaparti.hu\/index.php\/wp-json\/wp\/v2\/pages\/1711","targetHints":{"allow":["GET"]}}],"collection":[{"href":"https:\/\/www.tiszaparti.hu\/index.php\/wp-json\/wp\/v2\/pages"}],"about":[{"href":"https:\/\/www.tiszaparti.hu\/index.php\/wp-json\/wp\/v2\/types\/page"}],"author":[{"embeddable":true,"href":"https:\/\/www.tiszaparti.hu\/index.php\/wp-json\/wp\/v2\/users\/1"}],"replies":[{"embeddable":true,"href":"https:\/\/www.tiszaparti.hu\/index.php\/wp-json\/wp\/v2\/comments?post=1711"}],"version-history":[{"count":1,"href":"https:\/\/www.tiszaparti.hu\/index.php\/wp-json\/wp\/v2\/pages\/1711\/revisions"}],"predecessor-version":[{"id":24930,"href":"https:\/\/www.tiszaparti.hu\/index.php\/wp-json\/wp\/v2\/pages\/1711\/revisions\/24930"}],"up":[{"embeddable":true,"href":"https:\/\/www.tiszaparti.hu\/index.php\/wp-json\/wp\/v2\/pages\/1675"}],"wp:attachment":[{"href":"https:\/\/www.tiszaparti.hu\/index.php\/wp-json\/wp\/v2\/media?parent=1711"}],"curies":[{"name":"wp","href":"https:\/\/api.w.org\/{rel}","templated":true}]}}