{"id":1717,"date":"2015-12-01T12:32:55","date_gmt":"2015-12-01T12:32:55","guid":{"rendered":"http:\/\/new.tiszaparti.hu\/?page_id=1717"},"modified":"2024-10-17T11:51:18","modified_gmt":"2024-10-17T11:51:18","slug":"az-iskola-alkalmazottai","status":"publish","type":"page","link":"https:\/\/www.tiszaparti.hu\/index.php\/iskolankrol\/dolgozoink\/az-iskola-alkalmazottai\/","title":{"rendered":"Az iskola alkalmazottai"},"content":{"rendered":"<p>[vc_row][vc_column width=&#8221;3\/4&#8243; css=&#8221;.vc_custom_1453793060252{background-color: #f4ecde !important;}&#8221;][vc_separator style=&#8221;shadow&#8221;][vc_column_text]<\/p>\n<table width=\"873\">\n<tbody>\n<tr>\n<td style=\"text-align: center;\" colspan=\"3\" width=\"584\"><strong>Pedag\u00f3giai munk\u00e1t seg\u00edt\u0151k:<\/strong><\/td>\n<td style=\"text-align: center;\" width=\"289\"><strong>email<\/strong><\/td>\n<\/tr>\n<tr>\n<td width=\"224\">Fejes \u00c9va<\/td>\n<td width=\"134\">\u00e9retts\u00e9gi<\/td>\n<td width=\"226\">iskolatitk\u00e1r<\/td>\n<td width=\"289\">iskola@tiszaparti.hu<\/td>\n<\/tr>\n<tr>\n<td width=\"224\">Veszelovszki Bal\u00e1zs<\/td>\n<td width=\"134\">\u00e9retts\u00e9gi<\/td>\n<td width=\"226\">rendszergazda<\/td>\n<td width=\"289\">rendszergazda@tiszaparti.hu<\/td>\n<\/tr>\n<tr>\n<td width=\"224\">Papp Tibor<\/td>\n<td width=\"134\">\u00e9retts\u00e9gi<\/td>\n<td width=\"226\">pedag\u00f3giai aszisztens<\/td>\n<td width=\"289\">papptibor@tiszaparti.hu<\/td>\n<\/tr>\n<tr>\n<td width=\"224\"><\/td>\n<td width=\"134\"><\/td>\n<td width=\"226\"><\/td>\n<td width=\"289\"><\/td>\n<\/tr>\n<tr>\n<td style=\"text-align: center;\" colspan=\"3\" width=\"584\"><strong>Technikai \u00e9s kiseg\u00edt\u0151 szem\u00e9lyzet:<\/strong><\/td>\n<td width=\"289\"><\/td>\n<\/tr>\n<tr>\n<td width=\"224\">Fut\u00f3 Sabina<\/td>\n<td width=\"134\">egyetem<\/td>\n<td width=\"226\">gazdas\u00e1gi \u00fcgyint\u00e9z\u0151<\/td>\n<td width=\"289\">iroda@tiszaparti.hu<\/td>\n<\/tr>\n<tr>\n<td width=\"224\">Tan\u00e1csn\u00e9 Lakatos \u00c9va<\/td>\n<td width=\"134\">\u00e9retts\u00e9gi<\/td>\n<td width=\"226\">gondnok<\/td>\n<td width=\"289\">iroda@tiszaparti.hu<\/td>\n<\/tr>\n<tr>\n<td width=\"224\">S\u00e1nta Dezs\u0151<\/td>\n<td width=\"134\">szakmunk\u00e1s bizony\u00edtv\u00e1ny<\/td>\n<td width=\"226\">karbantart\u00f3-port\u00e1s<\/td>\n<td width=\"289\"><\/td>\n<\/tr>\n<tr>\n<td width=\"224\">\u00dcrm\u00e9nyi S\u00e1ndor<\/td>\n<td width=\"134\">\u00e9retts\u00e9gi<\/td>\n<td width=\"226\">port\u00e1s<\/td>\n<td width=\"289\"><\/td>\n<\/tr>\n<tr>\n<td width=\"224\">Hev\u00e9r Kiss T\u00fcnde<\/td>\n<td width=\"134\">\u00e9retts\u00e9gi<\/td>\n<td width=\"226\">takar\u00edt\u00f3n\u0151<\/td>\n<td width=\"289\"><\/td>\n<\/tr>\n<tr>\n<td width=\"224\">\u0150ze L\u00e1szl\u00f3n\u00e9 Urb\u00e1n T\u00edmea<\/td>\n<td width=\"134\">\u00e9retts\u00e9gi<\/td>\n<td width=\"226\">takar\u00edt\u00f3n\u0151<\/td>\n<td width=\"289\"><\/td>\n<\/tr>\n<tr>\n<td width=\"224\">Sz\u00e9lln\u00e9 S\u00e1ndor T\u00fcnde<\/td>\n<td width=\"134\">\u00e9retts\u00e9gi<\/td>\n<td width=\"226\">takar\u00edt\u00f3n\u0151<\/td>\n<td width=\"289\"><\/td>\n<\/tr>\n<tr>\n<td width=\"224\">Horesnyi Dominika<\/td>\n<td width=\"134\">\u00e9retts\u00e9gi<\/td>\n<td width=\"226\">takar\u00edt\u00f3n\u0151<\/td>\n<td width=\"289\"><\/td>\n<\/tr>\n<tr>\n<td width=\"224\">Kerest\u00e9ly Ida<\/td>\n<td width=\"134\">\u00e9retts\u00e9gi<\/td>\n<td width=\"226\">takar\u00edt\u00f3n\u0151<\/td>\n<td width=\"289\"><\/td>\n<\/tr>\n<\/tbody>\n<\/table>\n<p>[\/vc_column_text][vc_separator style=&#8221;shadow&#8221;][\/vc_column][vc_column width=&#8221;1\/4&#8243; css=&#8221;.vc_custom_1453793042659{background-color: #f4f4f4 !important;}&#8221;][vc_widget_sidebar sidebar_id=&#8221;default&#8221;][\/vc_column][\/vc_row]<\/p>\n","protected":false},"excerpt":{"rendered":"<p>[vc_row][vc_column width=&#8221;3\/4&#8243; css=&#8221;.vc_custom_1453793060252{background-color: #f4ecde !important;}&#8221;][vc_separator style=&#8221;shadow&#8221;][vc_column_text] Pedag\u00f3giai munk\u00e1t seg\u00edt\u0151k: email Fejes \u00c9va \u00e9retts\u00e9gi iskolatitk\u00e1r iskola@tiszaparti.hu Veszelovszki Bal\u00e1zs \u00e9retts\u00e9gi rendszergazda rendszergazda@tiszaparti.hu Papp Tibor \u00e9retts\u00e9gi pedag\u00f3giai aszisztens papptibor@tiszaparti.hu Technikai \u00e9s kiseg\u00edt\u0151 szem\u00e9lyzet: Fut\u00f3 Sabina egyetem gazdas\u00e1gi \u00fcgyint\u00e9z\u0151 iroda@tiszaparti.hu Tan\u00e1csn\u00e9 Lakatos \u00c9va \u00e9retts\u00e9gi gondnok iroda@tiszaparti.hu S\u00e1nta Dezs\u0151 szakmunk\u00e1s bizony\u00edtv\u00e1ny karbantart\u00f3-port\u00e1s \u00dcrm\u00e9nyi S\u00e1ndor \u00e9retts\u00e9gi port\u00e1s Hev\u00e9r Kiss T\u00fcnde \u00e9retts\u00e9gi [&hellip;]<\/p>\n","protected":false},"author":1,"featured_media":0,"parent":1675,"menu_order":0,"comment_status":"closed","ping_status":"closed","template":"","meta":{"footnotes":""},"class_list":["post-1717","page","type-page","status-publish","hentry"],"_links":{"self":[{"href":"https:\/\/www.tiszaparti.hu\/index.php\/wp-json\/wp\/v2\/pages\/1717","targetHints":{"allow":["GET"]}}],"collection":[{"href":"https:\/\/www.tiszaparti.hu\/index.php\/wp-json\/wp\/v2\/pages"}],"about":[{"href":"https:\/\/www.tiszaparti.hu\/index.php\/wp-json\/wp\/v2\/types\/page"}],"author":[{"embeddable":true,"href":"https:\/\/www.tiszaparti.hu\/index.php\/wp-json\/wp\/v2\/users\/1"}],"replies":[{"embeddable":true,"href":"https:\/\/www.tiszaparti.hu\/index.php\/wp-json\/wp\/v2\/comments?post=1717"}],"version-history":[{"count":0,"href":"https:\/\/www.tiszaparti.hu\/index.php\/wp-json\/wp\/v2\/pages\/1717\/revisions"}],"up":[{"embeddable":true,"href":"https:\/\/www.tiszaparti.hu\/index.php\/wp-json\/wp\/v2\/pages\/1675"}],"wp:attachment":[{"href":"https:\/\/www.tiszaparti.hu\/index.php\/wp-json\/wp\/v2\/media?parent=1717"}],"curies":[{"name":"wp","href":"https:\/\/api.w.org\/{rel}","templated":true}]}}