{"id":1873,"date":"2015-12-14T10:56:58","date_gmt":"2015-12-14T10:56:58","guid":{"rendered":"http:\/\/new.tiszaparti.hu\/?page_id=1873"},"modified":"2025-09-09T07:35:54","modified_gmt":"2025-09-09T06:35:54","slug":"versenyeredmenyeink","status":"publish","type":"page","link":"https:\/\/www.tiszaparti.hu\/index.php\/hirek\/versenyeredmenyeink\/","title":{"rendered":"Versenyeredm\u00e9nyeink"},"content":{"rendered":"<p>[vc_row][vc_column width=&#8221;2\/3&#8243; css=&#8221;.vc_custom_1453808723728{background-color: #f4ecde !important;}&#8221;][vc_separator style=&#8221;shadow&#8221;][vc_column_text]<\/p>\n<h2 style=\"text-align: center;\"><strong>Versenyeredm\u00e9nyek<\/strong><\/h2>\n<p>[\/vc_column_text][vc_separator style=&#8221;shadow&#8221;][vc_column_text]<\/p>\n<h2><strong>2024-2025.<\/strong><\/h2>\n<p>[\/vc_column_text][vc_btn title=&#8221;Tan\u00e9v \u00f6sszes\u00edtett eredm\u00e9nyei&#8221; style=&#8221;3d&#8221; color=&#8221;turquoise&#8221; align=&#8221;left&#8221; link=&#8221;url:https%3A%2F%2Fwww.tiszaparti.hu%2Fwp-content%2Fuploads%2F2025%2F09%2Fvrserdm_24-25.pdf||target:%20_blank|&#8221;][vc_separator style=&#8221;shadow&#8221;][vc_column_text]<\/p>\n<h2><strong>2023-2024.<\/strong><\/h2>\n<p>[\/vc_column_text][vc_btn title=&#8221;Tan\u00e9v \u00f6sszes\u00edtett eredm\u00e9nyei&#8221; style=&#8221;3d&#8221; color=&#8221;violet&#8221; align=&#8221;left&#8221; link=&#8221;url:https%3A%2F%2Fwww.tiszaparti.hu%2Fwp-content%2Fuploads%2F2024%2F08%2FVersenyek_2023-24.xlsxhonlapra.pdf||target:%20_blank|&#8221;][vc_separator style=&#8221;shadow&#8221;][vc_column_text]<\/p>\n<h2><strong>2022-2023.<\/strong><\/h2>\n<p>&nbsp;<\/p>\n<p><a href=\"https:\/\/www.tiszaparti.hu\/index.php\/2023\/03\/20\/csongradcsanadvarmegyecsapatsakkdiakolimpia\/\">CSONGR\u00c1D-CSAN\u00c1D V\u00c1RMEGYEI CSAPAT SAKK DI\u00c1KOLIMPIA 2023-03-20<\/a><\/p>\n<p><a href=\"https:\/\/www.tiszaparti.hu\/index.php\/2023\/03\/09\/varmegyeiegyenisakkdiakolimpia\/\">Csongr\u00e1d-Csan\u00e1d V\u00e1rmegyei egy\u00e9ni sakk di\u00e1kolimpia eredm\u00e9nyei 2023-03-09<\/a><\/p>\n<p><a href=\"https:\/\/www.tiszaparti.hu\/index.php\/2023\/03\/08\/tiszapartissikervarosiangolverseny\/\">Tisza-partis siker v\u00e1rosi angol versenyen 2023-03-08<\/a><\/p>\n<p><a href=\"https:\/\/www.tiszaparti.hu\/index.php\/2023\/03\/01\/dijesoirodalmipalyazaton\/\">D\u00edjes\u0151 irodalmi p\u00e1ly\u00e1zaton 2023-03-01<\/a><\/p>\n<p><a href=\"https:\/\/www.tiszaparti.hu\/index.php\/2023\/02\/23\/varosiangolverseny\/\">V\u00e1rosi angol verseny 2023-02-23<\/a><\/p>\n<p><a href=\"https:\/\/www.tiszaparti.hu\/index.php\/2023\/02\/09\/kivalofeladatmegoldo\/\">\u201eKiv\u00e1l\u00f3 feladatmegold\u00f3\u201d di\u00e1kjaink 2023-02-09<\/a><\/p>\n<p><a href=\"https:\/\/www.tiszaparti.hu\/index.php\/2023\/02\/09\/uszasdiakolimpia\/\">\u00dasz\u00e1s Di\u00e1kolimpia 2023-02-09<\/a><\/p>\n<p><a href=\"https:\/\/www.tiszaparti.hu\/index.php\/2022\/12\/06\/mikulaskupa2022\/\">Mikul\u00e1s-Kupa Tisza-partis Sz\u00fcl\u0151 \u2013 Gyermek Sakkverseny 2022-12-06<\/a><\/p>\n<p><a href=\"https:\/\/www.tiszaparti.hu\/index.php\/2022\/11\/28\/gedoisakkversenyeredmenyek\/\">Ged\u00f3i sakkverseny \u2013 eredm\u00e9nyek 2022-11-28<\/a><\/p>\n<p><a href=\"https:\/\/www.tiszaparti.hu\/index.php\/2022\/11\/28\/alsosszavaloverseny2022\/\">Als\u00f3s szaval\u00f3verseny 2022-11-28<\/a><\/p>\n<p><a href=\"https:\/\/www.tiszaparti.hu\/index.php\/2022\/11\/02\/mesemondo2022\/\">Als\u00f3s mesemond\u00f3 verseny 2022-11-02<\/a><\/p>\n<p><a href=\"https:\/\/www.tiszaparti.hu\/index.php\/2022\/10\/28\/matekverseny2022oktober\/\">Matematikai csapatverseny 2022-10-28<\/a>[\/vc_column_text][vc_btn title=&#8221;Tan\u00e9v \u00f6sszes\u00edtett eredm\u00e9nyei&#8221; style=&#8221;3d&#8221; color=&#8221;danger&#8221; align=&#8221;left&#8221; link=&#8221;url:https%3A%2F%2Fwww.tiszaparti.hu%2Fwp-content%2Fuploads%2F2023%2F09%2Fverseredm20222023.pdf||target:%20_blank|&#8221;][vc_separator style=&#8221;shadow&#8221;][vc_column_text]<\/p>\n<h2><strong>2021-2022.<\/strong><\/h2>\n<p>&nbsp;<\/p>\n<p><a href=\"https:\/\/www.tiszaparti.hu\/wp-content\/uploads\/2022\/09\/2021-2022-versenyeredmenyek.pdf\" target=\"_blank\" rel=\"noopener\"><strong>A tan\u00e9v \u00f6sszes\u00edtett eredm\u00e9nyei <\/strong><\/a><em>(friss\u00edtve: 2022.09.16. )<\/em>[\/vc_column_text][vc_separator style=&#8221;shadow&#8221;][vc_column_text]<\/p>\n<h2><strong>2020-2021.<\/strong><\/h2>\n<p>&nbsp;<\/p>\n<p><strong><a href=\"https:\/\/www.tiszaparti.hu\/wp-content\/uploads\/2021\/07\/2020-2021-versenyeredmenyek.pdf\" target=\"_blank\" rel=\"noopener noreferrer\">A tan\u00e9v \u00f6sszes\u00edtett eredm\u00e9nyei<\/a> <\/strong><em>(friss\u00edtve: 2021.07.01)<\/em>[\/vc_column_text][vc_separator style=&#8221;shadow&#8221;][vc_column_text]<\/p>\n<h2><strong>2019-2020.<\/strong><\/h2>\n<p>&nbsp;<\/p>\n<p><strong><a href=\"https:\/\/www.tiszaparti.hu\/wp-content\/uploads\/2020\/01\/Versenyeredm\u00e9nyek-2019-2020_janu\u00e1r30.pdf\" target=\"_blank\" rel=\"noopener noreferrer\">A tan\u00e9v \u00f6sszes\u00edtett eredm\u00e9nyei<\/a> <\/strong><em>(friss\u00edtve: 2020.01.30)<\/em>[\/vc_column_text][vc_separator style=&#8221;shadow&#8221;][vc_column_text]<\/p>\n<h2><strong>2018-2019.<\/strong><\/h2>\n<p>&nbsp;<\/p>\n<p><a href=\"https:\/\/www.tiszaparti.hu\/wp-content\/uploads\/2019\/05\/Versenyeredm\u00e9nyek-2018-2019_20190502.pdf\" target=\"_blank\" rel=\"noopener noreferrer\"><strong>A tan\u00e9v \u00f6sszes\u00edtett eredm\u00e9nyei<\/strong><\/a> <em>(friss\u00edtve: 2019.05.02)<\/em>[\/vc_column_text][vc_separator style=&#8221;shadow&#8221;][vc_column_text]<\/p>\n<h2><strong>2017-2018.<\/strong><\/h2>\n<p>&nbsp;<\/p>\n<p><a href=\"https:\/\/www.tiszaparti.hu\/wp-content\/uploads\/2018\/05\/Versenyeredm\u00e9nyek-2017-2018_0523.pdf\" target=\"_blank\" rel=\"noopener noreferrer\"><strong>A tan\u00e9v \u00f6sszes\u00edtett eredm\u00e9nyei<\/strong><\/a> <em>(friss\u00edtve: 2018.05.23)<\/em>[\/vc_column_text][vc_separator style=&#8221;shadow&#8221;][vc_column_text]<\/p>\n<h2 style=\"text-align: left;\"><strong>2016-2017.<\/strong><\/h2>\n<p>&nbsp;<\/p>\n<p><a href=\"https:\/\/www.tiszaparti.hu\/wp-content\/uploads\/2017\/06\/Versenyeredm\u00e9nyek-2016-2017_v2_honlapra.pdf\" target=\"_blank\" rel=\"noopener noreferrer\"><strong>A 2016\/2017-ES TAN\u00c9V \u00d6SSZES\u00cdTETT VERSENYEREDM\u00c9NYEI<\/strong><\/a>[\/vc_column_text][vc_separator style=&#8221;shadow&#8221;][vc_column_text]<\/p>\n<h2 style=\"text-align: left;\"><strong>2015-2016.<\/strong><\/h2>\n<p>&nbsp;<\/p>\n<p><a href=\"https:\/\/www.tiszaparti.hu\/wp-content\/uploads\/2016\/06\/Term\u00e9szettudom\u00e1nyos-versenyek-eredm\u00e9nyei_2.pdf\" target=\"_blank\" rel=\"noopener noreferrer\">A tem\u00e9szettudom\u00e1nyos munkak\u00f6z\u00f6ss\u00e9g tehets\u00e9ggondoz\u00e1s\u00e1nak eredm\u00e9nyei<\/a><\/p>\n<p><span style=\"color: #0000ff;\"><strong><a href=\"https:\/\/www.tiszaparti.hu\/wp-content\/uploads\/2016\/06\/Versenyeredm\u00e9nyek2015-2016.pdf\" target=\"_blank\" rel=\"noopener noreferrer\">A 2015\/2016-OS TAN\u00c9V \u00d6SSZES\u00cdTETT VERSENYEREDM\u00c9NYEI<\/a><\/strong><\/span><\/p>\n<p><a href=\"https:\/\/www.tiszaparti.hu\/index.php\/urkutatasi-diakpalyazat\/\">\u0170rkutat\u00e1si di\u00e1kp\u00e1ly\u00e1zat<\/a><\/p>\n<p><a href=\"https:\/\/www.tiszaparti.hu\/index.php\/hirek\/versenyeredmenyeink\/kemia-versenyeredmenyek-2016\/\">K\u00e9mia versenyeredm\u00e9nyek<\/a><\/p>\n<p><a href=\"https:\/\/www.tiszaparti.hu\/index.php\/atletika-diakolimpia-2016\/\">Atl\u00e9tika &#8211; di\u00e1kolimpia eredm\u00e9nyek<\/a><\/p>\n<p><a href=\"https:\/\/www.tiszaparti.hu\/index.php\/roplabda-diakolimpia-2016\/\">R\u00f6plabda &#8211; di\u00e1kolimpia eredm\u00e9nyek<\/a><\/p>\n<p><a href=\"https:\/\/www.tiszaparti.hu\/index.php\/matematika-versenyek-2016\/\">Matematika versenyeredm\u00e9nyek<\/a><\/p>\n<p><a href=\"https:\/\/www.tiszaparti.hu\/index.php\/4-c-versenyeredmenyek\/\">4.c versenyeredm\u00e9nyek<\/a><\/p>\n<p><a href=\"https:\/\/www.tiszaparti.hu\/index.php\/3382-2\/\">RAJZ &#8211; v\u00e1rosi versenyek<\/a><\/p>\n<p><a href=\"https:\/\/www.tiszaparti.hu\/index.php\/grimm-orszagos-szotarhasznalati-verseny\/\">Grimm Orsz\u00e1gos Sz\u00f3t\u00e1rhaszn\u00e1lati Verseny &#8211; region\u00e1lis fordul\u00f3<\/a><\/p>\n<p><a href=\"https:\/\/www.tiszaparti.hu\/index.php\/simonyi-zsigmond-helyesirasi-verseny-2016-marcius-19\/\">Simonyi Zsigmond helyes\u00edr\u00e1si verseny, 2016. m\u00e1rcius 19.<\/a><\/p>\n<p><a href=\"https:\/\/www.tiszaparti.hu\/index.php\/iskolai-szavaloverseny-2016-marcius\/\">Iskolai szaval\u00f3verseny, m\u00e1rcius<\/a><\/p>\n<p><a href=\"https:\/\/www.tiszaparti.hu\/index.php\/iskolai-tortenelemverseny-2016-marcius\/\">Iskolai t\u00f6rt\u00e9nelemverseny, m\u00e1rcius<\/a><\/p>\n<p><a href=\"https:\/\/www.tiszaparti.hu\/wp-content\/uploads\/2016\/03\/Hum\u00e1n-versenyeredm\u00e9nyek_febru\u00e1r.pdf\" target=\"_blank\" rel=\"noopener noreferrer\">Hum\u00e1n versenyeredm\u00e9nyek, febru\u00e1r<\/a><\/p>\n<p><a href=\"https:\/\/www.tiszaparti.hu\/wp-content\/uploads\/2016\/03\/FALM\u00c1SZ\u00d3-DI\u00c1KOLIMPIA.pdf\" target=\"_blank\" rel=\"noopener noreferrer\">Orsz\u00e1gos Falm\u00e1sz\u00f3 Di\u00e1kolimpia<\/a><\/p>\n<p><a href=\"https:\/\/www.tiszaparti.hu\/wp-content\/uploads\/2016\/03\/Re\u00e1l-eredm\u00e9nyek-2016.pdf\" target=\"_blank\" rel=\"noopener noreferrer\">Sakk, matematika, term\u00e9szettudom\u00e1ny versenyek (2016. FEBRU\u00c1R)<\/a><\/p>\n<p><a href=\"https:\/\/www.tiszaparti.hu\/wp-content\/uploads\/2016\/02\/Teleki-P\u00e1l-f\u00f6ldrajz-h\u00e1ziverseny.pdf\" target=\"_blank\" rel=\"noopener noreferrer\">Teleki P\u00e1l f\u00f6ldrajz h\u00e1ziverseny (2016.01.28)<\/a><\/p>\n<p><a href=\"https:\/\/www.tiszaparti.hu\/wp-content\/uploads\/2015\/12\/SZ\u00c9CSI-SZILVESZTER-TEHETS\u00c9GKUTAT\u00d3-BIOL\u00d3GIAVERSENY.pdf\" target=\"_blank\" rel=\"noopener noreferrer\">Sz\u00e9csi Szilveszter Tehets\u00e9gkutat\u00f3 Biol\u00f3giaverseny eredm\u00e9nye (2016.01.25)<\/a><\/p>\n<p><a href=\"https:\/\/www.tiszaparti.hu\/index.php\/2016\/01\/13\/tanuloink-nemzetkozi-vizilabdatorna-sikerei\/\">Tanul\u00f3ink nemzetk\u00f6zi v\u00edzilabdatorna sikere (2016.01.08)<\/a><\/p>\n<p><a href=\"https:\/\/www.tiszaparti.hu\/wp-content\/uploads\/2015\/12\/Versenyeredm\u00e9nyek-legjobbjai-2015.pdf\" target=\"_blank\" rel=\"noopener noreferrer\">Versenyeredm\u00e9nyek 2015. I. f\u00e9l\u00e9v_1<\/a><\/p>\n<p><a href=\"https:\/\/www.tiszaparti.hu\/wp-content\/uploads\/2015\/12\/2015_sport_okt-nov.pdf\" target=\"_blank\" rel=\"noopener noreferrer\">\u0150szi sporteredm\u00e9nyek<\/a>[\/vc_column_text][vc_separator style=&#8221;shadow&#8221;][\/vc_column][vc_column width=&#8221;1\/3&#8243; css=&#8221;.vc_custom_1453808754862{background-color: #f4f4f4 !important;}&#8221;][vc_widget_sidebar sidebar_id=&#8221;default&#8221;][\/vc_column][\/vc_row]<\/p>\n","protected":false},"excerpt":{"rendered":"<p>[vc_row][vc_column width=&#8221;2\/3&#8243; css=&#8221;.vc_custom_1453808723728{background-color: #f4ecde !important;}&#8221;][vc_separator style=&#8221;shadow&#8221;][vc_column_text] Versenyeredm\u00e9nyek [\/vc_column_text][vc_separator style=&#8221;shadow&#8221;][vc_column_text] 2024-2025. [\/vc_column_text][vc_btn title=&#8221;Tan\u00e9v \u00f6sszes\u00edtett eredm\u00e9nyei&#8221; style=&#8221;3d&#8221; color=&#8221;turquoise&#8221; align=&#8221;left&#8221; link=&#8221;url:https%3A%2F%2Fwww.tiszaparti.hu%2Fwp-content%2Fuploads%2F2025%2F09%2Fvrserdm_24-25.pdf||target:%20_blank|&#8221;][vc_separator style=&#8221;shadow&#8221;][vc_column_text] 2023-2024. [\/vc_column_text][vc_btn title=&#8221;Tan\u00e9v \u00f6sszes\u00edtett eredm\u00e9nyei&#8221; style=&#8221;3d&#8221; color=&#8221;violet&#8221; align=&#8221;left&#8221; link=&#8221;url:https%3A%2F%2Fwww.tiszaparti.hu%2Fwp-content%2Fuploads%2F2024%2F08%2FVersenyek_2023-24.xlsxhonlapra.pdf||target:%20_blank|&#8221;][vc_separator style=&#8221;shadow&#8221;][vc_column_text] 2022-2023. &nbsp; CSONGR\u00c1D-CSAN\u00c1D V\u00c1RMEGYEI CSAPAT SAKK DI\u00c1KOLIMPIA 2023-03-20 Csongr\u00e1d-Csan\u00e1d V\u00e1rmegyei egy\u00e9ni sakk di\u00e1kolimpia eredm\u00e9nyei 2023-03-09 Tisza-partis siker v\u00e1rosi angol versenyen 2023-03-08 D\u00edjes\u0151 irodalmi p\u00e1ly\u00e1zaton 2023-03-01 V\u00e1rosi [&hellip;]<\/p>\n","protected":false},"author":1,"featured_media":0,"parent":1572,"menu_order":0,"comment_status":"closed","ping_status":"closed","template":"","meta":{"footnotes":""},"class_list":["post-1873","page","type-page","status-publish","hentry"],"_links":{"self":[{"href":"https:\/\/www.tiszaparti.hu\/index.php\/wp-json\/wp\/v2\/pages\/1873","targetHints":{"allow":["GET"]}}],"collection":[{"href":"https:\/\/www.tiszaparti.hu\/index.php\/wp-json\/wp\/v2\/pages"}],"about":[{"href":"https:\/\/www.tiszaparti.hu\/index.php\/wp-json\/wp\/v2\/types\/page"}],"author":[{"embeddable":true,"href":"https:\/\/www.tiszaparti.hu\/index.php\/wp-json\/wp\/v2\/users\/1"}],"replies":[{"embeddable":true,"href":"https:\/\/www.tiszaparti.hu\/index.php\/wp-json\/wp\/v2\/comments?post=1873"}],"version-history":[{"count":2,"href":"https:\/\/www.tiszaparti.hu\/index.php\/wp-json\/wp\/v2\/pages\/1873\/revisions"}],"predecessor-version":[{"id":24946,"href":"https:\/\/www.tiszaparti.hu\/index.php\/wp-json\/wp\/v2\/pages\/1873\/revisions\/24946"}],"up":[{"embeddable":true,"href":"https:\/\/www.tiszaparti.hu\/index.php\/wp-json\/wp\/v2\/pages\/1572"}],"wp:attachment":[{"href":"https:\/\/www.tiszaparti.hu\/index.php\/wp-json\/wp\/v2\/media?parent=1873"}],"curies":[{"name":"wp","href":"https:\/\/api.w.org\/{rel}","templated":true}]}}