{"id":1878,"date":"2015-12-14T11:04:00","date_gmt":"2015-12-14T11:04:00","guid":{"rendered":"http:\/\/new.tiszaparti.hu\/?page_id=1878"},"modified":"2025-09-10T08:39:16","modified_gmt":"2025-09-10T07:39:16","slug":"az-osztalyok-tanulmanyi-atlagai","status":"publish","type":"page","link":"https:\/\/www.tiszaparti.hu\/index.php\/hirek\/az-osztalyok-tanulmanyi-atlagai\/","title":{"rendered":"Az oszt\u00e1lyok tanulm\u00e1nyi \u00e1tlagai"},"content":{"rendered":"<p>[vc_row][vc_column width=&#8221;2\/3&#8243; css=&#8221;.vc_custom_1453811993524{background-color: #f4ecde !important;}&#8221;][vc_separator style=&#8221;shadow&#8221;][vc_btn title=&#8221;Az oszt\u00e1lyok tanulm\u00e1nyi \u00e1tlagai 2024-2025. tan\u00e9vben&#8221; style=&#8221;3d&#8221; color=&#8221;orange&#8221; align=&#8221;center&#8221; css_animation=&#8221;left-to-right&#8221; link=&#8221;url:https%3A%2F%2Fwww.tiszaparti.hu%2Fwp-content%2Fuploads%2F2025%2F09%2FOsztalyokTantargyiStatisztikaEvvege_2024-2025.pdf||target:%20_blank|&#8221;][vc_separator style=&#8221;shadow&#8221;][vc_btn title=&#8221;Az oszt\u00e1lyok tanulm\u00e1nyi \u00e1tlagai 2023-2024. tan\u00e9vben&#8221; style=&#8221;3d&#8221; color=&#8221;vista-blue&#8221; align=&#8221;center&#8221; css_animation=&#8221;left-to-right&#8221; link=&#8221;url:https%3A%2F%2Fwww.tiszaparti.hu%2Fwp-content%2Fuploads%2F2024%2F09%2Ftanev-stat-eredm-23-24.pdf||target:%20_blank|&#8221;][vc_separator style=&#8221;shadow&#8221;][vc_btn title=&#8221;Az oszt\u00e1lyok tanulm\u00e1nyi \u00e1tlagai 2022-2023. tan\u00e9vben&#8221; style=&#8221;3d&#8221; color=&#8221;inverse&#8221; align=&#8221;center&#8221; css_animation=&#8221;left-to-right&#8221; link=&#8221;url:https%3A%2F%2Fwww.tiszaparti.hu%2Fwp-content%2Fuploads%2F2023%2F09%2F2022-2023-oszt-atl.pdf||target:%20_blank|&#8221;][vc_separator style=&#8221;shadow&#8221;][vc_btn title=&#8221;Az oszt\u00e1lyok tanulm\u00e1nyi \u00e1tlagai 2021-2022. tan\u00e9vben&#8221; style=&#8221;3d&#8221; color=&#8221;turquoise&#8221; align=&#8221;center&#8221; css_animation=&#8221;left-to-right&#8221; link=&#8221;url:http%3A%2F%2Fwww.tiszaparti.hu%2Fwp-content%2Fuploads%2F2022%2F09%2FOsztalyokTantargyiStatisztikaEvvege_2021_2022_2022.-09.-16..pdf||target:%20_blank|&#8221;][vc_separator style=&#8221;shadow&#8221;][vc_btn title=&#8221;Az oszt\u00e1lyok tanulm\u00e1nyi \u00e1tlagai 2020-2021. tan\u00e9vben&#8221; style=&#8221;3d&#8221; color=&#8221;chino&#8221; align=&#8221;center&#8221; css_animation=&#8221;left-to-right&#8221; link=&#8221;url:http%3A%2F%2Fwww.tiszaparti.hu%2Fwp-content%2Fuploads%2F2021%2F09%2FOsztalyokTantargyiStatisztikaEvvege_20202021_20210908.pdf||target:%20_blank|&#8221;][vc_separator style=&#8221;shadow&#8221;][vc_btn title=&#8221;Az oszt\u00e1lyok tanulm\u00e1nyi \u00e1tlagai 2019-2020. tan\u00e9vben&#8221; style=&#8221;3d&#8221; color=&#8221;blue&#8221; align=&#8221;center&#8221; css_animation=&#8221;left-to-right&#8221; link=&#8221;url:http%3A%2F%2Fwww.tiszaparti.hu%2Fwp-content%2Fuploads%2F2020%2F09%2FOsztalyokTantargyiStatisztikaEvvege_20192020_20200914.pdf||target:%20_blank|&#8221;][vc_separator style=&#8221;shadow&#8221;][vc_btn title=&#8221;Az oszt\u00e1lyok tanulm\u00e1nyi \u00e1tlagai 2018-2019. tan\u00e9vben&#8221; style=&#8221;3d&#8221; color=&#8221;orange&#8221; align=&#8221;center&#8221; css_animation=&#8221;left-to-right&#8221; link=&#8221;url:http%3A%2F%2Fwww.tiszaparti.hu%2Fwp-content%2Fuploads%2F2019%2F09%2FOsztalyokTantargyiStatisztikaEvvege_2018_2019.pdf||target:%20_blank|&#8221;][vc_separator style=&#8221;shadow&#8221;][vc_btn title=&#8221;Az oszt\u00e1lyok tanulm\u00e1nyi \u00e1tlagai 2017-2018. tan\u00e9vben&#8221; style=&#8221;3d&#8221; color=&#8221;pink&#8221; align=&#8221;center&#8221; css_animation=&#8221;left-to-right&#8221; link=&#8221;url:http%3A%2F%2Fwww.tiszaparti.hu%2Fwp-content%2Fuploads%2F2018%2F09%2FTanulm%C3%A1nyi-statisztika_2017_2018.pdf||target:%20_blank|&#8221;][vc_separator style=&#8221;shadow&#8221;][vc_btn title=&#8221;Az oszt\u00e1lyok tanulm\u00e1nyi \u00e1tlagai 2016-2017. tan\u00e9vben&#8221; style=&#8221;3d&#8221; color=&#8221;blue&#8221; align=&#8221;center&#8221; css_animation=&#8221;left-to-right&#8221; link=&#8221;url:http%3A%2F%2Fwww.tiszaparti.hu%2Fwp-content%2Fuploads%2F2017%2F09%2FTanulm%C3%A1nyi-statisztika1617.pdf||target:%20_blank|&#8221;][vc_separator style=&#8221;shadow&#8221;][vc_btn title=&#8221;Az oszt\u00e1lyok tanulm\u00e1nyi \u00e1tlagai 2015-2016. tan\u00e9vben&#8221; style=&#8221;3d&#8221; color=&#8221;success&#8221; align=&#8221;center&#8221; css_animation=&#8221;left-to-right&#8221; link=&#8221;url:http%3A%2F%2Fwww.tiszaparti.hu%2Fwp-content%2Fuploads%2F2016%2F09%2Foszt%C3%A1lyok-tanulm%C3%A1nyi-%C3%A1tlagai_2015-2016.pdf||target:%20_blank&#8221;][vc_separator style=&#8221;shadow&#8221;][\/vc_column][vc_column width=&#8221;1\/3&#8243; css=&#8221;.vc_custom_1453811982612{background-color: #f4f4f4 !important;}&#8221;][vc_widget_sidebar sidebar_id=&#8221;default&#8221;][\/vc_column][\/vc_row]<\/p>\n","protected":false},"excerpt":{"rendered":"<p>[vc_row][vc_column width=&#8221;2\/3&#8243; css=&#8221;.vc_custom_1453811993524{background-color: #f4ecde !important;}&#8221;][vc_separator style=&#8221;shadow&#8221;][vc_btn title=&#8221;Az oszt\u00e1lyok tanulm\u00e1nyi \u00e1tlagai 2024-2025. tan\u00e9vben&#8221; style=&#8221;3d&#8221; color=&#8221;orange&#8221; align=&#8221;center&#8221; css_animation=&#8221;left-to-right&#8221; link=&#8221;url:https%3A%2F%2Fwww.tiszaparti.hu%2Fwp-content%2Fuploads%2F2025%2F09%2FOsztalyokTantargyiStatisztikaEvvege_2024-2025.pdf||target:%20_blank|&#8221;][vc_separator style=&#8221;shadow&#8221;][vc_btn title=&#8221;Az oszt\u00e1lyok tanulm\u00e1nyi \u00e1tlagai 2023-2024. tan\u00e9vben&#8221; style=&#8221;3d&#8221; color=&#8221;vista-blue&#8221; align=&#8221;center&#8221; css_animation=&#8221;left-to-right&#8221; link=&#8221;url:https%3A%2F%2Fwww.tiszaparti.hu%2Fwp-content%2Fuploads%2F2024%2F09%2Ftanev-stat-eredm-23-24.pdf||target:%20_blank|&#8221;][vc_separator style=&#8221;shadow&#8221;][vc_btn title=&#8221;Az oszt\u00e1lyok tanulm\u00e1nyi \u00e1tlagai 2022-2023. tan\u00e9vben&#8221; style=&#8221;3d&#8221; color=&#8221;inverse&#8221; align=&#8221;center&#8221; css_animation=&#8221;left-to-right&#8221; link=&#8221;url:https%3A%2F%2Fwww.tiszaparti.hu%2Fwp-content%2Fuploads%2F2023%2F09%2F2022-2023-oszt-atl.pdf||target:%20_blank|&#8221;][vc_separator style=&#8221;shadow&#8221;][vc_btn title=&#8221;Az oszt\u00e1lyok tanulm\u00e1nyi \u00e1tlagai 2021-2022. tan\u00e9vben&#8221; style=&#8221;3d&#8221; color=&#8221;turquoise&#8221; align=&#8221;center&#8221; css_animation=&#8221;left-to-right&#8221; link=&#8221;url:http%3A%2F%2Fwww.tiszaparti.hu%2Fwp-content%2Fuploads%2F2022%2F09%2FOsztalyokTantargyiStatisztikaEvvege_2021_2022_2022.-09.-16..pdf||target:%20_blank|&#8221;][vc_separator style=&#8221;shadow&#8221;][vc_btn title=&#8221;Az [&hellip;]<\/p>\n","protected":false},"author":1,"featured_media":0,"parent":1572,"menu_order":0,"comment_status":"closed","ping_status":"closed","template":"","meta":{"footnotes":""},"class_list":["post-1878","page","type-page","status-publish","hentry"],"_links":{"self":[{"href":"https:\/\/www.tiszaparti.hu\/index.php\/wp-json\/wp\/v2\/pages\/1878","targetHints":{"allow":["GET"]}}],"collection":[{"href":"https:\/\/www.tiszaparti.hu\/index.php\/wp-json\/wp\/v2\/pages"}],"about":[{"href":"https:\/\/www.tiszaparti.hu\/index.php\/wp-json\/wp\/v2\/types\/page"}],"author":[{"embeddable":true,"href":"https:\/\/www.tiszaparti.hu\/index.php\/wp-json\/wp\/v2\/users\/1"}],"replies":[{"embeddable":true,"href":"https:\/\/www.tiszaparti.hu\/index.php\/wp-json\/wp\/v2\/comments?post=1878"}],"version-history":[{"count":1,"href":"https:\/\/www.tiszaparti.hu\/index.php\/wp-json\/wp\/v2\/pages\/1878\/revisions"}],"predecessor-version":[{"id":24986,"href":"https:\/\/www.tiszaparti.hu\/index.php\/wp-json\/wp\/v2\/pages\/1878\/revisions\/24986"}],"up":[{"embeddable":true,"href":"https:\/\/www.tiszaparti.hu\/index.php\/wp-json\/wp\/v2\/pages\/1572"}],"wp:attachment":[{"href":"https:\/\/www.tiszaparti.hu\/index.php\/wp-json\/wp\/v2\/media?parent=1878"}],"curies":[{"name":"wp","href":"https:\/\/api.w.org\/{rel}","templated":true}]}}