{"id":1887,"date":"2015-12-14T11:07:39","date_gmt":"2015-12-14T11:07:39","guid":{"rendered":"http:\/\/new.tiszaparti.hu\/?page_id=1887"},"modified":"2024-09-13T06:18:18","modified_gmt":"2024-09-13T06:18:18","slug":"palyazatok","status":"publish","type":"page","link":"https:\/\/www.tiszaparti.hu\/index.php\/hirek\/palyazatok\/","title":{"rendered":"P\u00e1ly\u00e1zatok"},"content":{"rendered":"<p>[vc_row][vc_column width=&#8221;3\/4&#8243; css=&#8221;.vc_custom_1453811882556{background-color: #f4ecde !important;}&#8221;][vc_separator style=&#8221;shadow&#8221;][vc_btn title=&#8221;2024-2025-as tan\u00e9v p\u00e1ly\u00e1zati \u00fctemtervezete&#8221; style=&#8221;gradient-custom&#8221; gradient_custom_color_1=&#8221;#16000d&#8221; gradient_custom_color_2=&#8221;#330f9e&#8221; gradient_text_color=&#8221;#f2f2f2&#8243; align=&#8221;center&#8221; css_animation=&#8221;left-to-right&#8221; link=&#8221;url:https%3A%2F%2Fwww.tiszaparti.hu%2Fwp-content%2Fuploads%2F2024%2F09%2Fpalyazati-munkaterv-24-25.pdf||target:%20_blank|&#8221;][vc_separator style=&#8221;shadow&#8221; border_width=&#8221;2&#8243;][\/vc_column][vc_column width=&#8221;1\/4&#8243; css=&#8221;.vc_custom_1453811896314{background-color: #f4f4f4 !important;}&#8221;][vc_widget_sidebar sidebar_id=&#8221;default&#8221;][\/vc_column][\/vc_row]<\/p>\n","protected":false},"excerpt":{"rendered":"<p>[vc_row][vc_column width=&#8221;3\/4&#8243; css=&#8221;.vc_custom_1453811882556{background-color: #f4ecde !important;}&#8221;][vc_separator style=&#8221;shadow&#8221;][vc_btn title=&#8221;2024-2025-as tan\u00e9v p\u00e1ly\u00e1zati \u00fctemtervezete&#8221; style=&#8221;gradient-custom&#8221; gradient_custom_color_1=&#8221;#16000d&#8221; gradient_custom_color_2=&#8221;#330f9e&#8221; gradient_text_color=&#8221;#f2f2f2&#8243; align=&#8221;center&#8221; css_animation=&#8221;left-to-right&#8221; link=&#8221;url:https%3A%2F%2Fwww.tiszaparti.hu%2Fwp-content%2Fuploads%2F2024%2F09%2Fpalyazati-munkaterv-24-25.pdf||target:%20_blank|&#8221;][vc_separator style=&#8221;shadow&#8221; border_width=&#8221;2&#8243;][\/vc_column][vc_column width=&#8221;1\/4&#8243; css=&#8221;.vc_custom_1453811896314{background-color: #f4f4f4 !important;}&#8221;][vc_widget_sidebar sidebar_id=&#8221;default&#8221;][\/vc_column][\/vc_row]<\/p>\n","protected":false},"author":1,"featured_media":0,"parent":1572,"menu_order":0,"comment_status":"closed","ping_status":"closed","template":"","meta":{"footnotes":""},"class_list":["post-1887","page","type-page","status-publish","hentry"],"_links":{"self":[{"href":"https:\/\/www.tiszaparti.hu\/index.php\/wp-json\/wp\/v2\/pages\/1887","targetHints":{"allow":["GET"]}}],"collection":[{"href":"https:\/\/www.tiszaparti.hu\/index.php\/wp-json\/wp\/v2\/pages"}],"about":[{"href":"https:\/\/www.tiszaparti.hu\/index.php\/wp-json\/wp\/v2\/types\/page"}],"author":[{"embeddable":true,"href":"https:\/\/www.tiszaparti.hu\/index.php\/wp-json\/wp\/v2\/users\/1"}],"replies":[{"embeddable":true,"href":"https:\/\/www.tiszaparti.hu\/index.php\/wp-json\/wp\/v2\/comments?post=1887"}],"version-history":[{"count":0,"href":"https:\/\/www.tiszaparti.hu\/index.php\/wp-json\/wp\/v2\/pages\/1887\/revisions"}],"up":[{"embeddable":true,"href":"https:\/\/www.tiszaparti.hu\/index.php\/wp-json\/wp\/v2\/pages\/1572"}],"wp:attachment":[{"href":"https:\/\/www.tiszaparti.hu\/index.php\/wp-json\/wp\/v2\/media?parent=1887"}],"curies":[{"name":"wp","href":"https:\/\/api.w.org\/{rel}","templated":true}]}}