{"id":1913,"date":"2015-12-14T12:38:36","date_gmt":"2015-12-14T12:38:36","guid":{"rendered":"http:\/\/new.tiszaparti.hu\/?page_id=1913"},"modified":"2025-09-11T12:28:12","modified_gmt":"2025-09-11T11:28:12","slug":"diakonkormanyzat","status":"publish","type":"page","link":"https:\/\/www.tiszaparti.hu\/index.php\/diakelet\/diakonkormanyzat\/","title":{"rendered":"Di\u00e1k\u00f6nkorm\u00e1nyzat"},"content":{"rendered":"<p>[vc_row][vc_column width=&#8221;2\/3&#8243; css=&#8221;.vc_custom_1453296853365{background-color: #f4ecde !important;}&#8221;][vc_separator style=&#8221;shadow&#8221;][vc_btn title=&#8221;D\u00d6K munkaterv, 2025-2026. tan\u00e9v&#8221; color=&#8221;warning&#8221; align=&#8221;center&#8221; i_type=&#8221;material&#8221; i_icon_material=&#8221;vc-material vc-material-sentiment_satisfied&#8221; add_icon=&#8221;true&#8221; link=&#8221;url:https%3A%2F%2Fwww.tiszaparti.hu%2Fwp-content%2Fuploads%2F2025%2F09%2FDOK2025-26terv.pdf||target:%20_blank|&#8221;][vc_separator style=&#8221;shadow&#8221;][vc_btn title=&#8221;D\u00d6K munkaterv, 2024-2025. tan\u00e9v&#8221; color=&#8221;turquoise&#8221; align=&#8221;center&#8221; i_type=&#8221;material&#8221; i_icon_material=&#8221;vc-material vc-material-sentiment_satisfied&#8221; add_icon=&#8221;true&#8221; link=&#8221;url:https%3A%2F%2Fwww.tiszaparti.hu%2Fwp-content%2Fuploads%2F2024%2F09%2FDOK2024-25terv.pdf||target:%20_blank|&#8221;][vc_separator style=&#8221;shadow&#8221;][vc_btn title=&#8221;D\u00d6K munkaterv, 2023-2024. tan\u00e9v&#8221; color=&#8221;success&#8221; align=&#8221;center&#8221; i_type=&#8221;material&#8221; i_icon_material=&#8221;vc-material vc-material-sentiment_satisfied&#8221; add_icon=&#8221;true&#8221; link=&#8221;url:https%3A%2F%2Fwww.tiszaparti.hu%2Fwp-content%2Fuploads%2F2023%2F09%2FDOK2023-24terv.pdf||target:%20_blank|&#8221;][vc_separator style=&#8221;shadow&#8221;][vc_btn title=&#8221;D\u00d6K munkaterv, 2022-2023. tan\u00e9v&#8221; color=&#8221;primary&#8221; align=&#8221;center&#8221; i_type=&#8221;material&#8221; i_icon_material=&#8221;vc-material vc-material-sentiment_satisfied&#8221; add_icon=&#8221;true&#8221; link=&#8221;url:http%3A%2F%2Fwww.tiszaparti.hu%2Fwp-content%2Fuploads%2F2022%2F09%2FA-diakonkormanyzat-munkaterve-a.pdf||target:%20_blank|&#8221;][vc_separator style=&#8221;shadow&#8221;][vc_btn title=&#8221;D\u00d6K munkaterv, 2021-2022. tan\u00e9v&#8221; color=&#8221;danger&#8221; align=&#8221;center&#8221; i_type=&#8221;material&#8221; i_icon_material=&#8221;vc-material vc-material-sentiment_satisfied&#8221; add_icon=&#8221;true&#8221; link=&#8221;url:http%3A%2F%2Fwww.tiszaparti.hu%2Fwp-content%2Fuploads%2F2021%2F09%2FDOK2021-2022.pdf||target:%20_blank|&#8221;][vc_separator style=&#8221;shadow&#8221;][vc_btn title=&#8221;D\u00d6K munkaterv, 2020-2021. tan\u00e9v&#8221; color=&#8221;warning&#8221; align=&#8221;center&#8221; i_type=&#8221;material&#8221; i_icon_material=&#8221;vc-material vc-material-sentiment_satisfied&#8221; add_icon=&#8221;true&#8221; link=&#8221;url:http%3A%2F%2Fwww.tiszaparti.hu%2Fwp-content%2Fuploads%2F2020%2F09%2FDOK-munkaterv_20_21.pdf||target:%20_blank|&#8221;][vc_separator style=&#8221;shadow&#8221;][\/vc_column][vc_column width=&#8221;1\/3&#8243; css=&#8221;.vc_custom_1453816969213{background-color: #f4f4f4 !important;}&#8221;][vc_widget_sidebar sidebar_id=&#8221;default&#8221;][\/vc_column][\/vc_row]<\/p>\n","protected":false},"excerpt":{"rendered":"<p>[vc_row][vc_column width=&#8221;2\/3&#8243; css=&#8221;.vc_custom_1453296853365{background-color: #f4ecde !important;}&#8221;][vc_separator style=&#8221;shadow&#8221;][vc_btn title=&#8221;D\u00d6K munkaterv, 2025-2026. tan\u00e9v&#8221; color=&#8221;warning&#8221; align=&#8221;center&#8221; i_type=&#8221;material&#8221; i_icon_material=&#8221;vc-material vc-material-sentiment_satisfied&#8221; add_icon=&#8221;true&#8221; link=&#8221;url:https%3A%2F%2Fwww.tiszaparti.hu%2Fwp-content%2Fuploads%2F2025%2F09%2FDOK2025-26terv.pdf||target:%20_blank|&#8221;][vc_separator style=&#8221;shadow&#8221;][vc_btn title=&#8221;D\u00d6K munkaterv, 2024-2025. tan\u00e9v&#8221; color=&#8221;turquoise&#8221; align=&#8221;center&#8221; i_type=&#8221;material&#8221; i_icon_material=&#8221;vc-material vc-material-sentiment_satisfied&#8221; add_icon=&#8221;true&#8221; link=&#8221;url:https%3A%2F%2Fwww.tiszaparti.hu%2Fwp-content%2Fuploads%2F2024%2F09%2FDOK2024-25terv.pdf||target:%20_blank|&#8221;][vc_separator style=&#8221;shadow&#8221;][vc_btn title=&#8221;D\u00d6K munkaterv, 2023-2024. tan\u00e9v&#8221; color=&#8221;success&#8221; align=&#8221;center&#8221; i_type=&#8221;material&#8221; i_icon_material=&#8221;vc-material vc-material-sentiment_satisfied&#8221; add_icon=&#8221;true&#8221; link=&#8221;url:https%3A%2F%2Fwww.tiszaparti.hu%2Fwp-content%2Fuploads%2F2023%2F09%2FDOK2023-24terv.pdf||target:%20_blank|&#8221;][vc_separator style=&#8221;shadow&#8221;][vc_btn title=&#8221;D\u00d6K munkaterv, 2022-2023. tan\u00e9v&#8221; color=&#8221;primary&#8221; align=&#8221;center&#8221; i_type=&#8221;material&#8221; i_icon_material=&#8221;vc-material vc-material-sentiment_satisfied&#8221; add_icon=&#8221;true&#8221; link=&#8221;url:http%3A%2F%2Fwww.tiszaparti.hu%2Fwp-content%2Fuploads%2F2022%2F09%2FA-diakonkormanyzat-munkaterve-a.pdf||target:%20_blank|&#8221;][vc_separator style=&#8221;shadow&#8221;][vc_btn title=&#8221;D\u00d6K [&hellip;]<\/p>\n","protected":false},"author":1,"featured_media":0,"parent":1574,"menu_order":0,"comment_status":"closed","ping_status":"closed","template":"","meta":{"footnotes":""},"class_list":["post-1913","page","type-page","status-publish","hentry"],"_links":{"self":[{"href":"https:\/\/www.tiszaparti.hu\/index.php\/wp-json\/wp\/v2\/pages\/1913","targetHints":{"allow":["GET"]}}],"collection":[{"href":"https:\/\/www.tiszaparti.hu\/index.php\/wp-json\/wp\/v2\/pages"}],"about":[{"href":"https:\/\/www.tiszaparti.hu\/index.php\/wp-json\/wp\/v2\/types\/page"}],"author":[{"embeddable":true,"href":"https:\/\/www.tiszaparti.hu\/index.php\/wp-json\/wp\/v2\/users\/1"}],"replies":[{"embeddable":true,"href":"https:\/\/www.tiszaparti.hu\/index.php\/wp-json\/wp\/v2\/comments?post=1913"}],"version-history":[{"count":2,"href":"https:\/\/www.tiszaparti.hu\/index.php\/wp-json\/wp\/v2\/pages\/1913\/revisions"}],"predecessor-version":[{"id":25031,"href":"https:\/\/www.tiszaparti.hu\/index.php\/wp-json\/wp\/v2\/pages\/1913\/revisions\/25031"}],"up":[{"embeddable":true,"href":"https:\/\/www.tiszaparti.hu\/index.php\/wp-json\/wp\/v2\/pages\/1574"}],"wp:attachment":[{"href":"https:\/\/www.tiszaparti.hu\/index.php\/wp-json\/wp\/v2\/media?parent=1913"}],"curies":[{"name":"wp","href":"https:\/\/api.w.org\/{rel}","templated":true}]}}