{"id":1943,"date":"2015-12-14T14:04:40","date_gmt":"2015-12-14T14:04:40","guid":{"rendered":"http:\/\/new.tiszaparti.hu\/?page_id=1943"},"modified":"2025-09-10T10:42:27","modified_gmt":"2025-09-10T09:42:27","slug":"osztalykepek","status":"publish","type":"page","link":"https:\/\/www.tiszaparti.hu\/index.php\/galeriamedia\/osztalykepek\/","title":{"rendered":"Oszt\u00e1lyk\u00e9pek"},"content":{"rendered":"<p>[vc_row][vc_column width=&#8221;2\/3&#8243; css=&#8221;.vc_custom_1467975860332{background-color: #f4ecde !important;}&#8221;][vc_separator style=&#8221;shadow&#8221;][vc_btn title=&#8221;2024\/2025. tan\u00e9v kiv\u00e1l\u00f3s\u00e1gai&#8221; color=&#8221;orange&#8221; align=&#8221;center&#8221; link=&#8221;url:https%3A%2F%2Fwww.tiszaparti.hu%2Findex.php%2F2025%2F07%2F01%2Fkivalosagaink2024-2025%2F|||&#8221;][vc_separator style=&#8221;shadow&#8221;][vc_btn title=&#8221;2023\/2024. tan\u00e9v kiv\u00e1l\u00f3s\u00e1gai&#8221; color=&#8221;primary&#8221; align=&#8221;center&#8221; link=&#8221;url:https%3A%2F%2Fwww.tiszaparti.hu%2Findex.php%2F2024%2F06%2F26%2Fkivalosagaink2023-2024%2F|||&#8221;][vc_separator style=&#8221;shadow&#8221;][vc_btn title=&#8221;2022\/2023. tan\u00e9v kiv\u00e1l\u00f3s\u00e1gai&#8221; color=&#8221;sandy-brown&#8221; align=&#8221;center&#8221; link=&#8221;url:https%3A%2F%2Fwww.tiszaparti.hu%2Findex.php%2F2023%2F06%2F28%2Fkivalosagok2023%2F|||&#8221;][vc_separator style=&#8221;shadow&#8221;][vc_btn title=&#8221;2021\/2022. tan\u00e9v kiv\u00e1l\u00f3s\u00e1gai&#8221; color=&#8221;chino&#8221; align=&#8221;center&#8221; link=&#8221;url:https%3A%2F%2Fwww.tiszaparti.hu%2Findex.php%2F2022%2F07%2F01%2Fkivalosagok2022%2F|||&#8221;][vc_separator style=&#8221;shadow&#8221;][vc_btn title=&#8221;2020\/2021. tan\u00e9v kiv\u00e1l\u00f3s\u00e1gai&#8221; color=&#8221;warning&#8221; align=&#8221;center&#8221; link=&#8221;url:http%3A%2F%2Fwww.tiszaparti.hu%2Findex.php%2F2021%2F06%2F25%2Fkivalosagok2021%2F|||&#8221;][vc_separator style=&#8221;shadow&#8221;][vc_btn title=&#8221;2018\/2019. tan\u00e9v kiv\u00e1l\u00f3s\u00e1gai&#8221; color=&#8221;success&#8221; align=&#8221;center&#8221; link=&#8221;url:http%3A%2F%2Fwww.tiszaparti.hu%2Findex.php%2F2019%2F06%2F28%2Fkivalosagok2019%2F|||&#8221;][vc_separator style=&#8221;shadow&#8221;][vc_btn title=&#8221;2017\/2018. tan\u00e9v kiv\u00e1l\u00f3s\u00e1gai&#8221; color=&#8221;pink&#8221; align=&#8221;center&#8221; link=&#8221;url:http%3A%2F%2Fwww.tiszaparti.hu%2Findex.php%2F2018%2F06%2F22%2F201718kivalosag%2F|||&#8221;][vc_separator style=&#8221;shadow&#8221;][vc_btn title=&#8221;2016\/2017. tan\u00e9v kiv\u00e1l\u00f3s\u00e1gai&#8221; color=&#8221;peacoc&#8221; align=&#8221;center&#8221; link=&#8221;url:http%3A%2F%2Fwww.tiszaparti.hu%2Findex.php%2Fgaleriamedia%2Fosztalykepek%2Fkivalo-tanulok-2016-2017%2F|||&#8221;][vc_separator style=&#8221;shadow&#8221;][vc_btn title=&#8221;OSZT\u00c1LYK\u00c9PEK &#8211; 2016.&#8221; color=&#8221;success&#8221; align=&#8221;center&#8221; link=&#8221;url:http%3A%2F%2Fwww.tiszaparti.hu%2Findex.php%2Fosztalykepek-2016-tanev%2F|||&#8221;][vc_separator style=&#8221;shadow&#8221;][vc_btn title=&#8221;2015\/2016. tan\u00e9v kiv\u00e1l\u00f3s\u00e1gai&#8221; color=&#8221;inverse&#8221; align=&#8221;center&#8221; link=&#8221;url:http%3A%2F%2Fwww.tiszaparti.hu%2Findex.php%2F2016%2F06%2F30%2Fa-20152016-tanev-kivalosagai%2F||&#8221;][vc_separator style=&#8221;shadow&#8221;][\/vc_column][vc_column width=&#8221;1\/3&#8243; css=&#8221;.vc_custom_1467975875133{background-color: #f4f4f4 !important;}&#8221;][vc_widget_sidebar sidebar_id=&#8221;default&#8221;][\/vc_column][\/vc_row]<\/p>\n","protected":false},"excerpt":{"rendered":"<p>[vc_row][vc_column width=&#8221;2\/3&#8243; css=&#8221;.vc_custom_1467975860332{background-color: #f4ecde !important;}&#8221;][vc_separator style=&#8221;shadow&#8221;][vc_btn title=&#8221;2024\/2025. tan\u00e9v kiv\u00e1l\u00f3s\u00e1gai&#8221; color=&#8221;orange&#8221; align=&#8221;center&#8221; link=&#8221;url:https%3A%2F%2Fwww.tiszaparti.hu%2Findex.php%2F2025%2F07%2F01%2Fkivalosagaink2024-2025%2F|||&#8221;][vc_separator style=&#8221;shadow&#8221;][vc_btn title=&#8221;2023\/2024. tan\u00e9v kiv\u00e1l\u00f3s\u00e1gai&#8221; color=&#8221;primary&#8221; align=&#8221;center&#8221; link=&#8221;url:https%3A%2F%2Fwww.tiszaparti.hu%2Findex.php%2F2024%2F06%2F26%2Fkivalosagaink2023-2024%2F|||&#8221;][vc_separator style=&#8221;shadow&#8221;][vc_btn title=&#8221;2022\/2023. tan\u00e9v kiv\u00e1l\u00f3s\u00e1gai&#8221; color=&#8221;sandy-brown&#8221; align=&#8221;center&#8221; link=&#8221;url:https%3A%2F%2Fwww.tiszaparti.hu%2Findex.php%2F2023%2F06%2F28%2Fkivalosagok2023%2F|||&#8221;][vc_separator style=&#8221;shadow&#8221;][vc_btn title=&#8221;2021\/2022. tan\u00e9v kiv\u00e1l\u00f3s\u00e1gai&#8221; color=&#8221;chino&#8221; align=&#8221;center&#8221; link=&#8221;url:https%3A%2F%2Fwww.tiszaparti.hu%2Findex.php%2F2022%2F07%2F01%2Fkivalosagok2022%2F|||&#8221;][vc_separator style=&#8221;shadow&#8221;][vc_btn title=&#8221;2020\/2021. tan\u00e9v kiv\u00e1l\u00f3s\u00e1gai&#8221; color=&#8221;warning&#8221; align=&#8221;center&#8221; link=&#8221;url:http%3A%2F%2Fwww.tiszaparti.hu%2Findex.php%2F2021%2F06%2F25%2Fkivalosagok2021%2F|||&#8221;][vc_separator style=&#8221;shadow&#8221;][vc_btn title=&#8221;2018\/2019. tan\u00e9v kiv\u00e1l\u00f3s\u00e1gai&#8221; color=&#8221;success&#8221; align=&#8221;center&#8221; link=&#8221;url:http%3A%2F%2Fwww.tiszaparti.hu%2Findex.php%2F2019%2F06%2F28%2Fkivalosagok2019%2F|||&#8221;][vc_separator style=&#8221;shadow&#8221;][vc_btn title=&#8221;2017\/2018. tan\u00e9v kiv\u00e1l\u00f3s\u00e1gai&#8221; color=&#8221;pink&#8221; align=&#8221;center&#8221; link=&#8221;url:http%3A%2F%2Fwww.tiszaparti.hu%2Findex.php%2F2018%2F06%2F22%2F201718kivalosag%2F|||&#8221;][vc_separator style=&#8221;shadow&#8221;][vc_btn [&hellip;]<\/p>\n","protected":false},"author":1,"featured_media":0,"parent":1579,"menu_order":0,"comment_status":"closed","ping_status":"closed","template":"","meta":{"footnotes":""},"class_list":["post-1943","page","type-page","status-publish","hentry"],"_links":{"self":[{"href":"https:\/\/www.tiszaparti.hu\/index.php\/wp-json\/wp\/v2\/pages\/1943","targetHints":{"allow":["GET"]}}],"collection":[{"href":"https:\/\/www.tiszaparti.hu\/index.php\/wp-json\/wp\/v2\/pages"}],"about":[{"href":"https:\/\/www.tiszaparti.hu\/index.php\/wp-json\/wp\/v2\/types\/page"}],"author":[{"embeddable":true,"href":"https:\/\/www.tiszaparti.hu\/index.php\/wp-json\/wp\/v2\/users\/1"}],"replies":[{"embeddable":true,"href":"https:\/\/www.tiszaparti.hu\/index.php\/wp-json\/wp\/v2\/comments?post=1943"}],"version-history":[{"count":1,"href":"https:\/\/www.tiszaparti.hu\/index.php\/wp-json\/wp\/v2\/pages\/1943\/revisions"}],"predecessor-version":[{"id":24998,"href":"https:\/\/www.tiszaparti.hu\/index.php\/wp-json\/wp\/v2\/pages\/1943\/revisions\/24998"}],"up":[{"embeddable":true,"href":"https:\/\/www.tiszaparti.hu\/index.php\/wp-json\/wp\/v2\/pages\/1579"}],"wp:attachment":[{"href":"https:\/\/www.tiszaparti.hu\/index.php\/wp-json\/wp\/v2\/media?parent=1943"}],"curies":[{"name":"wp","href":"https:\/\/api.w.org\/{rel}","templated":true}]}}