{"id":1961,"date":"2015-12-14T14:18:27","date_gmt":"2015-12-14T14:18:27","guid":{"rendered":"http:\/\/new.tiszaparti.hu\/?page_id=1961"},"modified":"2025-09-10T10:31:29","modified_gmt":"2025-09-10T09:31:29","slug":"etkezes","status":"publish","type":"page","link":"https:\/\/www.tiszaparti.hu\/index.php\/szuloi-informaciokszulok-figyelmebe\/etkezes\/","title":{"rendered":"\u00c9tkez\u00e9s"},"content":{"rendered":"<p>[vc_row][vc_column width=&#8221;2\/3&#8243; css=&#8221;.vc_custom_1454055670522{background-color: #f4ecde !important;}&#8221;][vc_separator style=&#8221;shadow&#8221;][vc_column_text]<\/p>\n<p style=\"text-align: center;\"><a href=\"https:\/\/ngsz.hu\/befizetesi-napok\/\" target=\"_blank\" rel=\"noopener\"><span style=\"color: #000080;\"><strong>\u00c9tkez\u00e9si t\u00e9r\u00edt\u00e9si d\u00edj k\u00e9szp\u00e9nzes befizet\u00e9si napjai<\/strong><\/span><\/a><\/p>\n<p>[\/vc_column_text][vc_separator style=&#8221;shadow&#8221;][vc_column_text]<\/p>\n<p style=\"text-align: center;\"><a href=\"https:\/\/ngsz.hu\/tajekoztatok\/\" target=\"_blank\" rel=\"noopener noreferrer\"><span style=\"color: #000080;\"><strong>\u00c9TKEZ\u00c9SI T\u00c9R\u00cdT\u00c9SI D\u00cdJAK<\/strong><\/span><\/a><\/p>\n<p>[\/vc_column_text][vc_separator style=&#8221;shadow&#8221;][vc_column_text]<\/p>\n<p style=\"text-align: center;\">K\u00f6z\u00e9tkeztet\u00e9ssel kapcsolatos t\u00e1j\u00e9koztat\u00e1sok, nyilatkozatok el\u00e9rhet\u0151ek az <strong><span style=\"color: #0000ff;\"><a style=\"color: #0000ff;\" href=\"http:\/\/www.ngsz.hu\/\" target=\"_blank\" rel=\"noopener noreferrer\">NGSZ<\/a><\/span><\/strong> honlapj\u00e1n.<\/p>\n<p>[\/vc_column_text][vc_separator style=&#8221;shadow&#8221;][vc_btn title=&#8221;\u00c9 T L A P&#8221; style=&#8221;3d&#8221; color=&#8221;pink&#8221; size=&#8221;lg&#8221; align=&#8221;center&#8221; i_icon_fontawesome=&#8221;fa fa-cutlery&#8221; css_animation=&#8221;none&#8221; add_icon=&#8221;true&#8221; link=&#8221;url:http%3A%2F%2Fsuli-host.hu%2F||target:%20_blank|&#8221;][vc_separator style=&#8221;shadow&#8221;][\/vc_column][vc_column width=&#8221;1\/3&#8243;][vc_widget_sidebar sidebar_id=&#8221;default&#8221;][\/vc_column][\/vc_row]<\/p>\n","protected":false},"excerpt":{"rendered":"<p>[vc_row][vc_column width=&#8221;2\/3&#8243; css=&#8221;.vc_custom_1454055670522{background-color: #f4ecde !important;}&#8221;][vc_separator style=&#8221;shadow&#8221;][vc_column_text] \u00c9tkez\u00e9si t\u00e9r\u00edt\u00e9si d\u00edj k\u00e9szp\u00e9nzes befizet\u00e9si napjai [\/vc_column_text][vc_separator style=&#8221;shadow&#8221;][vc_column_text] \u00c9TKEZ\u00c9SI T\u00c9R\u00cdT\u00c9SI D\u00cdJAK [\/vc_column_text][vc_separator style=&#8221;shadow&#8221;][vc_column_text] K\u00f6z\u00e9tkeztet\u00e9ssel kapcsolatos t\u00e1j\u00e9koztat\u00e1sok, nyilatkozatok el\u00e9rhet\u0151ek az NGSZ honlapj\u00e1n. [\/vc_column_text][vc_separator style=&#8221;shadow&#8221;][vc_btn title=&#8221;\u00c9 T L A P&#8221; style=&#8221;3d&#8221; color=&#8221;pink&#8221; size=&#8221;lg&#8221; align=&#8221;center&#8221; i_icon_fontawesome=&#8221;fa fa-cutlery&#8221; css_animation=&#8221;none&#8221; add_icon=&#8221;true&#8221; link=&#8221;url:http%3A%2F%2Fsuli-host.hu%2F||target:%20_blank|&#8221;][vc_separator style=&#8221;shadow&#8221;][\/vc_column][vc_column width=&#8221;1\/3&#8243;][vc_widget_sidebar sidebar_id=&#8221;default&#8221;][\/vc_column][\/vc_row]<\/p>\n","protected":false},"author":1,"featured_media":0,"parent":1576,"menu_order":0,"comment_status":"closed","ping_status":"closed","template":"","meta":{"footnotes":""},"class_list":["post-1961","page","type-page","status-publish","hentry"],"_links":{"self":[{"href":"https:\/\/www.tiszaparti.hu\/index.php\/wp-json\/wp\/v2\/pages\/1961","targetHints":{"allow":["GET"]}}],"collection":[{"href":"https:\/\/www.tiszaparti.hu\/index.php\/wp-json\/wp\/v2\/pages"}],"about":[{"href":"https:\/\/www.tiszaparti.hu\/index.php\/wp-json\/wp\/v2\/types\/page"}],"author":[{"embeddable":true,"href":"https:\/\/www.tiszaparti.hu\/index.php\/wp-json\/wp\/v2\/users\/1"}],"replies":[{"embeddable":true,"href":"https:\/\/www.tiszaparti.hu\/index.php\/wp-json\/wp\/v2\/comments?post=1961"}],"version-history":[{"count":1,"href":"https:\/\/www.tiszaparti.hu\/index.php\/wp-json\/wp\/v2\/pages\/1961\/revisions"}],"predecessor-version":[{"id":24995,"href":"https:\/\/www.tiszaparti.hu\/index.php\/wp-json\/wp\/v2\/pages\/1961\/revisions\/24995"}],"up":[{"embeddable":true,"href":"https:\/\/www.tiszaparti.hu\/index.php\/wp-json\/wp\/v2\/pages\/1576"}],"wp:attachment":[{"href":"https:\/\/www.tiszaparti.hu\/index.php\/wp-json\/wp\/v2\/media?parent=1961"}],"curies":[{"name":"wp","href":"https:\/\/api.w.org\/{rel}","templated":true}]}}