{"id":2947,"date":"2016-02-10T10:50:29","date_gmt":"2016-02-10T10:50:29","guid":{"rendered":"http:\/\/www.tiszaparti.hu\/?page_id=2947"},"modified":"2025-09-11T12:23:16","modified_gmt":"2025-09-11T11:23:16","slug":"iskolai-sportelet","status":"publish","type":"page","link":"https:\/\/www.tiszaparti.hu\/index.php\/diakelet\/sport\/iskolai-sportelet\/","title":{"rendered":"Iskolai sport\u00e9let"},"content":{"rendered":"<p>[vc_row][vc_column width=&#8221;2\/3&#8243; css=&#8221;.vc_custom_1455101067594{background-color: #f4ecde !important;}&#8221;][vc_separator style=&#8221;shadow&#8221;][vc_column_text]<\/p>\n<h2 style=\"text-align: center;\">T\u00f6megsport a Tisza-parti \u00c1ltal\u00e1nos Iskol\u00e1ban<\/h2>\n<p>&nbsp;<\/p>\n<h3 style=\"text-align: justify;\">Labdar\u00fag\u00e1s<\/h3>\n<p style=\"text-align: justify;\">Labdar\u00fag\u00e1s t\u00f6megsport \u00f3r\u00e1k indulnak f\u0151k\u00e9nt als\u00f3s fi\u00fak sz\u00e1m\u00e1ra, akik az iskol\u00e1n bel\u00fcl szeretn\u00e9nek ismerkedni ezzel a sport\u00e1ggal.<br \/>\nA tanul\u00f3ink foglalkoztat\u00f3 edz\u00e9sen vehetnek r\u00e9szt koroszt\u00e1lynak megfelel\u0151 beoszt\u00e1ssal.<\/p>\n<p style=\"text-align: justify;\">Az edz\u00e9seket vezeti:\u00a0<strong>Kanalas D\u00e1vid<\/strong><\/p>\n<h3 style=\"text-align: justify;\">Kos\u00e1rlabda<\/h3>\n<p style=\"text-align: justify;\">Tov\u00e1bbra is kos\u00e1rlabda el\u0151k\u00e9sz\u00edt\u0151 foglalkoz\u00e1sokat tartunk 1-4. oszt\u00e1lyosok sz\u00e1m\u00e1ra. Heti k\u00e9t alkalommal ismerkedhetnek meg a labd\u00e1z\u00e1s rejtelmeivel. A gyerekek a SZEDE\u00c1K sportegyes\u00fclet \u00e1ltal ir\u00e1ny\u00edtott szakemberek edzik \u00e9s versenyeztetik k\u00fcl\u00f6nb\u00f6z\u0151 ut\u00e1np\u00f3tl\u00e1s versenyeken. Az MKOSZ szervez\u00e9s\u00e9ben ind\u00edtott Pal\u00e1nta Program r\u00e9szesei vagyunk \u00e9s \u00fcgyess\u00e9gi jamboree-kon vesz\u00fcnk r\u00e9szt.<\/p>\n<p style=\"text-align: justify;\">Az edz\u00e9seket vezeti: <strong>Szil\u00e1gyi N\u00f3ra<\/strong><\/p>\n<p>[\/vc_column_text][vc_separator style=&#8221;shadow&#8221;][\/vc_column][vc_column width=&#8221;1\/3&#8243; css=&#8221;.vc_custom_1455101083253{background-color: #f4f4f4 !important;}&#8221;][vc_widget_sidebar sidebar_id=&#8221;default&#8221;][\/vc_column][\/vc_row]<\/p>\n","protected":false},"excerpt":{"rendered":"<p>[vc_row][vc_column width=&#8221;2\/3&#8243; css=&#8221;.vc_custom_1455101067594{background-color: #f4ecde !important;}&#8221;][vc_separator style=&#8221;shadow&#8221;][vc_column_text] T\u00f6megsport a Tisza-parti \u00c1ltal\u00e1nos Iskol\u00e1ban &nbsp; Labdar\u00fag\u00e1s Labdar\u00fag\u00e1s t\u00f6megsport \u00f3r\u00e1k indulnak f\u0151k\u00e9nt als\u00f3s fi\u00fak sz\u00e1m\u00e1ra, akik az iskol\u00e1n bel\u00fcl szeretn\u00e9nek ismerkedni ezzel a sport\u00e1ggal. A tanul\u00f3ink foglalkoztat\u00f3 edz\u00e9sen vehetnek r\u00e9szt koroszt\u00e1lynak megfelel\u0151 beoszt\u00e1ssal. Az edz\u00e9seket vezeti:\u00a0Kanalas D\u00e1vid Kos\u00e1rlabda Tov\u00e1bbra is kos\u00e1rlabda el\u0151k\u00e9sz\u00edt\u0151 foglalkoz\u00e1sokat tartunk 1-4. oszt\u00e1lyosok sz\u00e1m\u00e1ra. Heti k\u00e9t [&hellip;]<\/p>\n","protected":false},"author":1,"featured_media":0,"parent":1904,"menu_order":0,"comment_status":"closed","ping_status":"closed","template":"","meta":{"footnotes":""},"class_list":["post-2947","page","type-page","status-publish","hentry"],"_links":{"self":[{"href":"https:\/\/www.tiszaparti.hu\/index.php\/wp-json\/wp\/v2\/pages\/2947","targetHints":{"allow":["GET"]}}],"collection":[{"href":"https:\/\/www.tiszaparti.hu\/index.php\/wp-json\/wp\/v2\/pages"}],"about":[{"href":"https:\/\/www.tiszaparti.hu\/index.php\/wp-json\/wp\/v2\/types\/page"}],"author":[{"embeddable":true,"href":"https:\/\/www.tiszaparti.hu\/index.php\/wp-json\/wp\/v2\/users\/1"}],"replies":[{"embeddable":true,"href":"https:\/\/www.tiszaparti.hu\/index.php\/wp-json\/wp\/v2\/comments?post=2947"}],"version-history":[{"count":1,"href":"https:\/\/www.tiszaparti.hu\/index.php\/wp-json\/wp\/v2\/pages\/2947\/revisions"}],"predecessor-version":[{"id":25028,"href":"https:\/\/www.tiszaparti.hu\/index.php\/wp-json\/wp\/v2\/pages\/2947\/revisions\/25028"}],"up":[{"embeddable":true,"href":"https:\/\/www.tiszaparti.hu\/index.php\/wp-json\/wp\/v2\/pages\/1904"}],"wp:attachment":[{"href":"https:\/\/www.tiszaparti.hu\/index.php\/wp-json\/wp\/v2\/media?parent=2947"}],"curies":[{"name":"wp","href":"https:\/\/api.w.org\/{rel}","templated":true}]}}