{"id":2977,"date":"2016-02-10T14:11:21","date_gmt":"2016-02-10T14:11:21","guid":{"rendered":"http:\/\/www.tiszaparti.hu\/?page_id=2977"},"modified":"2024-09-19T07:35:32","modified_gmt":"2024-09-19T07:35:32","slug":"a-het-verse","status":"publish","type":"page","link":"https:\/\/www.tiszaparti.hu\/index.php\/diakelet\/iskolai-konyvtar\/a-het-verse\/","title":{"rendered":"A h\u00e9t verse"},"content":{"rendered":"<p>[vc_row][vc_column width=&#8221;3\/4&#8243; css=&#8221;.vc_custom_1455113428072{background-color: #f4ecde !important;}&#8221;][vc_separator style=&#8221;shadow&#8221;][vc_column_text]<\/p>\n<h2><span style=\"text-decoration: underline;\"><strong>K\u00c1NY\u00c1DI S\u00c1NDOR<\/strong><\/span><\/h2>\n<p>[\/vc_column_text][vc_column_text]<strong>J\u00f6n az \u0151sz<\/strong><\/p>\n<p>J\u00f6n imm\u00e1r az ismer\u0151s<br \/>\nSz\u00e9l l\u00e1b\u00fa deres \u0151sz.<br \/>\nSepreget, kotor\u00e1sz,<br \/>\nMeg-meg\u00e1ll, lombot r\u00e1z.<\/p>\n<p>Lombot r\u00e1z, di\u00f3t ver,<br \/>\nKrumplit \u00e1s, sz\u00fcretel.<br \/>\nS\u00f3hajtoz nagyokat,<br \/>\nS harapja, kurt\u00edtja a hossz\u00fa napokat.<\/p>\n<p>&nbsp;<\/p>\n<p><strong>Fa az \u00e1g\u00e1t f\u00f6ldre hajtja<\/strong><\/p>\n<p>Fa az \u00e1g\u00e1t f\u00f6ldre hajtja,<br \/>\nk\u00edn\u00e1lja mag\u00e1t az alma.<\/p>\n<p>S\u00e1rg\u00e1n nevet r\u00e1d a k\u00f6rte,<br \/>\nlepottyan, ha nem ny\u00falsz \u00e9rte.<\/p>\n<p>\u00c1s\u00f3t, kap\u00e1t fogj marokra:<br \/>\nlesz\u00e1radt a krumpli bokra.<\/p>\n<p>Ha nem \u00fcgyelsz, reggel, este,<br \/>\ndi\u00f3 koppan a fejedre.<\/p>\n<p>Foszl\u00f3 kertjei az \u0151sznek,<br \/>\n\u00f6k\u00f6rny\u00e1lak kerget\u0151znek.<\/p>\n<p>Virradatt\u00f3l napnyugt\u00e1ig<br \/>\ndombok h\u00e1t\u00e1n traktor m\u00e1szik,<\/p>\n<p>f\u00fcst\u00f6t is vet, csoda-k\u00e9ket,<br \/>\ns h\u00faz vagy h\u00e1rom vet\u0151g\u00e9pet.<\/p>\n<p>&nbsp;<\/p>\n<p><strong>Valami k\u00e9sz\u00fcl<\/strong><\/p>\n<p>Elsz\u00e1llt a fecske,<br \/>\n\u00fcres a f\u00e9szke,<br \/>\nde mintha most is<br \/>\nitt ficser\u00e9szne,<br \/>\n\u00fagy k\u00e9l a nap, \u00e9s<br \/>\n\u00fagy j\u00f6n az este,<br \/>\nmintha m\u00e9g n\u00e1lunk<br \/>\nvolna a fecske.<br \/>\nM\u00e9g egyel\u0151re<br \/>\nminden a r\u00e9gi,<br \/>\nb\u00e1r a sz\u00fanyog m\u00e1r<br \/>\nb\u0151r\u00e9t nem f\u00e9lti,<br \/>\n\u00e9s a szell\u0151 is<br \/>\nbe-be\u00e1ll sz\u00e9lnek,<br \/>\nf\u00e1kon a lombok<br \/>\nremegnek, f\u00e9lnek.<br \/>\nValami titkon,<br \/>\nvalami k\u00e9sz\u00fcl:<br \/>\nitt-ott a dombon<br \/>\nm\u00e1r egy-egy cs\u0151sz \u00fcl:<br \/>\nN\u00e9zd csak a t\u00e1jat,<br \/>\nde sz\u00e9pen \u0151sz\u00fcl.[\/vc_column_text][vc_separator style=&#8221;shadow&#8221;][\/vc_column][vc_column width=&#8221;1\/4&#8243; css=&#8221;.vc_custom_1455113445396{background-color: #f4f4f4 !important;}&#8221;][vc_widget_sidebar sidebar_id=&#8221;default&#8221;][\/vc_column][\/vc_row]<\/p>\n","protected":false},"excerpt":{"rendered":"<p>[vc_row][vc_column width=&#8221;3\/4&#8243; css=&#8221;.vc_custom_1455113428072{background-color: #f4ecde !important;}&#8221;][vc_separator style=&#8221;shadow&#8221;][vc_column_text] K\u00c1NY\u00c1DI S\u00c1NDOR [\/vc_column_text][vc_column_text]J\u00f6n az \u0151sz J\u00f6n imm\u00e1r az ismer\u0151s Sz\u00e9l l\u00e1b\u00fa deres \u0151sz. Sepreget, kotor\u00e1sz, Meg-meg\u00e1ll, lombot r\u00e1z. Lombot r\u00e1z, di\u00f3t ver, Krumplit \u00e1s, sz\u00fcretel. S\u00f3hajtoz nagyokat, S harapja, kurt\u00edtja a hossz\u00fa napokat. &nbsp; Fa az \u00e1g\u00e1t f\u00f6ldre hajtja Fa az \u00e1g\u00e1t f\u00f6ldre hajtja, k\u00edn\u00e1lja mag\u00e1t az alma. S\u00e1rg\u00e1n [&hellip;]<\/p>\n","protected":false},"author":1,"featured_media":0,"parent":1919,"menu_order":0,"comment_status":"closed","ping_status":"closed","template":"","meta":{"footnotes":""},"class_list":["post-2977","page","type-page","status-publish","hentry"],"_links":{"self":[{"href":"https:\/\/www.tiszaparti.hu\/index.php\/wp-json\/wp\/v2\/pages\/2977","targetHints":{"allow":["GET"]}}],"collection":[{"href":"https:\/\/www.tiszaparti.hu\/index.php\/wp-json\/wp\/v2\/pages"}],"about":[{"href":"https:\/\/www.tiszaparti.hu\/index.php\/wp-json\/wp\/v2\/types\/page"}],"author":[{"embeddable":true,"href":"https:\/\/www.tiszaparti.hu\/index.php\/wp-json\/wp\/v2\/users\/1"}],"replies":[{"embeddable":true,"href":"https:\/\/www.tiszaparti.hu\/index.php\/wp-json\/wp\/v2\/comments?post=2977"}],"version-history":[{"count":0,"href":"https:\/\/www.tiszaparti.hu\/index.php\/wp-json\/wp\/v2\/pages\/2977\/revisions"}],"up":[{"embeddable":true,"href":"https:\/\/www.tiszaparti.hu\/index.php\/wp-json\/wp\/v2\/pages\/1919"}],"wp:attachment":[{"href":"https:\/\/www.tiszaparti.hu\/index.php\/wp-json\/wp\/v2\/media?parent=2977"}],"curies":[{"name":"wp","href":"https:\/\/api.w.org\/{rel}","templated":true}]}}