{"id":2982,"date":"2016-02-10T14:21:14","date_gmt":"2016-02-10T14:21:14","guid":{"rendered":"http:\/\/www.tiszaparti.hu\/?page_id=2982"},"modified":"2025-09-25T07:26:26","modified_gmt":"2025-09-25T06:26:26","slug":"konyvajanlo","status":"publish","type":"page","link":"https:\/\/www.tiszaparti.hu\/index.php\/diakelet\/iskolai-konyvtar\/konyvajanlo\/","title":{"rendered":"K\u00f6nyvaj\u00e1nl\u00f3"},"content":{"rendered":"<p>[vc_row][vc_column width=&#8221;2\/3&#8243; css=&#8221;.vc_custom_1455114009784{background-color: #f4ecde !important;}&#8221;][vc_column_text]<img decoding=\"async\" class=\"size-medium wp-image-25163 alignleft lazyload\" data-src=\"https:\/\/www.tiszaparti.hu\/wp-content\/uploads\/2025\/09\/konvyajanlo25_001-zipp-225x300.jpg\" alt=\"\" width=\"225\" height=\"300\" data-srcset=\"https:\/\/www.tiszaparti.hu\/wp-content\/uploads\/2025\/09\/konvyajanlo25_001-zipp-225x300.jpg 225w, https:\/\/www.tiszaparti.hu\/wp-content\/uploads\/2025\/09\/konvyajanlo25_001-zipp-768x1024.jpg 768w, https:\/\/www.tiszaparti.hu\/wp-content\/uploads\/2025\/09\/konvyajanlo25_001-zipp.jpg 1024w\" data-sizes=\"(max-width: 225px) 100vw, 225px\" src=\"data:image\/svg+xml;base64,PHN2ZyB3aWR0aD0iMSIgaGVpZ2h0PSIxIiB4bWxucz0iaHR0cDovL3d3dy53My5vcmcvMjAwMC9zdmciPjwvc3ZnPg==\" style=\"--smush-placeholder-width: 225px; --smush-placeholder-aspect-ratio: 225\/300;\" \/><img decoding=\"async\" class=\"size-medium wp-image-25164 alignleft lazyload\" data-src=\"https:\/\/www.tiszaparti.hu\/wp-content\/uploads\/2025\/09\/konvyajanlo25_002-zipp-225x300.jpg\" alt=\"\" width=\"225\" height=\"300\" data-srcset=\"https:\/\/www.tiszaparti.hu\/wp-content\/uploads\/2025\/09\/konvyajanlo25_002-zipp-225x300.jpg 225w, https:\/\/www.tiszaparti.hu\/wp-content\/uploads\/2025\/09\/konvyajanlo25_002-zipp-768x1024.jpg 768w, https:\/\/www.tiszaparti.hu\/wp-content\/uploads\/2025\/09\/konvyajanlo25_002-zipp.jpg 1024w\" data-sizes=\"(max-width: 225px) 100vw, 225px\" src=\"data:image\/svg+xml;base64,PHN2ZyB3aWR0aD0iMSIgaGVpZ2h0PSIxIiB4bWxucz0iaHR0cDovL3d3dy53My5vcmcvMjAwMC9zdmciPjwvc3ZnPg==\" style=\"--smush-placeholder-width: 225px; --smush-placeholder-aspect-ratio: 225\/300;\" \/><img decoding=\"async\" class=\"size-medium wp-image-25165 alignleft lazyload\" data-src=\"https:\/\/www.tiszaparti.hu\/wp-content\/uploads\/2025\/09\/konvyajanlo25_003-zipp-225x300.jpg\" alt=\"\" width=\"225\" height=\"300\" data-srcset=\"https:\/\/www.tiszaparti.hu\/wp-content\/uploads\/2025\/09\/konvyajanlo25_003-zipp-225x300.jpg 225w, https:\/\/www.tiszaparti.hu\/wp-content\/uploads\/2025\/09\/konvyajanlo25_003-zipp-768x1024.jpg 768w, https:\/\/www.tiszaparti.hu\/wp-content\/uploads\/2025\/09\/konvyajanlo25_003-zipp.jpg 1024w\" data-sizes=\"(max-width: 225px) 100vw, 225px\" src=\"data:image\/svg+xml;base64,PHN2ZyB3aWR0aD0iMSIgaGVpZ2h0PSIxIiB4bWxucz0iaHR0cDovL3d3dy53My5vcmcvMjAwMC9zdmciPjwvc3ZnPg==\" style=\"--smush-placeholder-width: 225px; --smush-placeholder-aspect-ratio: 225\/300;\" \/><img decoding=\"async\" class=\"size-medium wp-image-25166 alignleft lazyload\" data-src=\"https:\/\/www.tiszaparti.hu\/wp-content\/uploads\/2025\/09\/konvyajanlo25_004-zipp-225x300.jpg\" alt=\"\" width=\"225\" height=\"300\" data-srcset=\"https:\/\/www.tiszaparti.hu\/wp-content\/uploads\/2025\/09\/konvyajanlo25_004-zipp-225x300.jpg 225w, https:\/\/www.tiszaparti.hu\/wp-content\/uploads\/2025\/09\/konvyajanlo25_004-zipp-768x1024.jpg 768w, https:\/\/www.tiszaparti.hu\/wp-content\/uploads\/2025\/09\/konvyajanlo25_004-zipp.jpg 1024w\" data-sizes=\"(max-width: 225px) 100vw, 225px\" src=\"data:image\/svg+xml;base64,PHN2ZyB3aWR0aD0iMSIgaGVpZ2h0PSIxIiB4bWxucz0iaHR0cDovL3d3dy53My5vcmcvMjAwMC9zdmciPjwvc3ZnPg==\" style=\"--smush-placeholder-width: 225px; --smush-placeholder-aspect-ratio: 225\/300;\" \/><img decoding=\"async\" class=\"size-medium wp-image-25167 alignleft lazyload\" data-src=\"https:\/\/www.tiszaparti.hu\/wp-content\/uploads\/2025\/09\/konvyajanlo25_005-zipp-225x300.jpg\" alt=\"\" width=\"225\" height=\"300\" data-srcset=\"https:\/\/www.tiszaparti.hu\/wp-content\/uploads\/2025\/09\/konvyajanlo25_005-zipp-225x300.jpg 225w, https:\/\/www.tiszaparti.hu\/wp-content\/uploads\/2025\/09\/konvyajanlo25_005-zipp-768x1024.jpg 768w, https:\/\/www.tiszaparti.hu\/wp-content\/uploads\/2025\/09\/konvyajanlo25_005-zipp.jpg 1024w\" data-sizes=\"(max-width: 225px) 100vw, 225px\" src=\"data:image\/svg+xml;base64,PHN2ZyB3aWR0aD0iMSIgaGVpZ2h0PSIxIiB4bWxucz0iaHR0cDovL3d3dy53My5vcmcvMjAwMC9zdmciPjwvc3ZnPg==\" style=\"--smush-placeholder-width: 225px; --smush-placeholder-aspect-ratio: 225\/300;\" \/><img decoding=\"async\" class=\"size-medium wp-image-25168 alignleft lazyload\" data-src=\"https:\/\/www.tiszaparti.hu\/wp-content\/uploads\/2025\/09\/konvyajanlo25_006-zipp-225x300.jpg\" alt=\"\" width=\"225\" height=\"300\" data-srcset=\"https:\/\/www.tiszaparti.hu\/wp-content\/uploads\/2025\/09\/konvyajanlo25_006-zipp-225x300.jpg 225w, https:\/\/www.tiszaparti.hu\/wp-content\/uploads\/2025\/09\/konvyajanlo25_006-zipp-768x1024.jpg 768w, https:\/\/www.tiszaparti.hu\/wp-content\/uploads\/2025\/09\/konvyajanlo25_006-zipp.jpg 1024w\" data-sizes=\"(max-width: 225px) 100vw, 225px\" src=\"data:image\/svg+xml;base64,PHN2ZyB3aWR0aD0iMSIgaGVpZ2h0PSIxIiB4bWxucz0iaHR0cDovL3d3dy53My5vcmcvMjAwMC9zdmciPjwvc3ZnPg==\" style=\"--smush-placeholder-width: 225px; --smush-placeholder-aspect-ratio: 225\/300;\" \/><img decoding=\"async\" class=\"size-medium wp-image-25169 alignleft lazyload\" data-src=\"https:\/\/www.tiszaparti.hu\/wp-content\/uploads\/2025\/09\/konvyajanlo25_007-zipp-225x300.jpg\" alt=\"\" width=\"225\" height=\"300\" data-srcset=\"https:\/\/www.tiszaparti.hu\/wp-content\/uploads\/2025\/09\/konvyajanlo25_007-zipp-225x300.jpg 225w, https:\/\/www.tiszaparti.hu\/wp-content\/uploads\/2025\/09\/konvyajanlo25_007-zipp-768x1024.jpg 768w, https:\/\/www.tiszaparti.hu\/wp-content\/uploads\/2025\/09\/konvyajanlo25_007-zipp.jpg 1024w\" data-sizes=\"(max-width: 225px) 100vw, 225px\" src=\"data:image\/svg+xml;base64,PHN2ZyB3aWR0aD0iMSIgaGVpZ2h0PSIxIiB4bWxucz0iaHR0cDovL3d3dy53My5vcmcvMjAwMC9zdmciPjwvc3ZnPg==\" style=\"--smush-placeholder-width: 225px; --smush-placeholder-aspect-ratio: 225\/300;\" \/><img decoding=\"async\" class=\"size-medium wp-image-25170 alignleft lazyload\" data-src=\"https:\/\/www.tiszaparti.hu\/wp-content\/uploads\/2025\/09\/konvyajanlo25_008-zipp-225x300.jpg\" alt=\"\" width=\"225\" height=\"300\" data-srcset=\"https:\/\/www.tiszaparti.hu\/wp-content\/uploads\/2025\/09\/konvyajanlo25_008-zipp-225x300.jpg 225w, https:\/\/www.tiszaparti.hu\/wp-content\/uploads\/2025\/09\/konvyajanlo25_008-zipp-768x1024.jpg 768w, https:\/\/www.tiszaparti.hu\/wp-content\/uploads\/2025\/09\/konvyajanlo25_008-zipp.jpg 1024w\" data-sizes=\"(max-width: 225px) 100vw, 225px\" src=\"data:image\/svg+xml;base64,PHN2ZyB3aWR0aD0iMSIgaGVpZ2h0PSIxIiB4bWxucz0iaHR0cDovL3d3dy53My5vcmcvMjAwMC9zdmciPjwvc3ZnPg==\" style=\"--smush-placeholder-width: 225px; --smush-placeholder-aspect-ratio: 225\/300;\" \/><img decoding=\"async\" class=\"size-medium wp-image-25171 alignleft lazyload\" data-src=\"https:\/\/www.tiszaparti.hu\/wp-content\/uploads\/2025\/09\/konvyajanlo25_009-zipp-225x300.jpg\" alt=\"\" width=\"225\" height=\"300\" data-srcset=\"https:\/\/www.tiszaparti.hu\/wp-content\/uploads\/2025\/09\/konvyajanlo25_009-zipp-225x300.jpg 225w, https:\/\/www.tiszaparti.hu\/wp-content\/uploads\/2025\/09\/konvyajanlo25_009-zipp-768x1024.jpg 768w, https:\/\/www.tiszaparti.hu\/wp-content\/uploads\/2025\/09\/konvyajanlo25_009-zipp.jpg 1024w\" data-sizes=\"(max-width: 225px) 100vw, 225px\" src=\"data:image\/svg+xml;base64,PHN2ZyB3aWR0aD0iMSIgaGVpZ2h0PSIxIiB4bWxucz0iaHR0cDovL3d3dy53My5vcmcvMjAwMC9zdmciPjwvc3ZnPg==\" style=\"--smush-placeholder-width: 225px; --smush-placeholder-aspect-ratio: 225\/300;\" \/><img decoding=\"async\" class=\"size-medium wp-image-25172 alignleft lazyload\" data-src=\"https:\/\/www.tiszaparti.hu\/wp-content\/uploads\/2025\/09\/konvyajanlo25_010-zipp-225x300.jpg\" alt=\"\" width=\"225\" height=\"300\" data-srcset=\"https:\/\/www.tiszaparti.hu\/wp-content\/uploads\/2025\/09\/konvyajanlo25_010-zipp-225x300.jpg 225w, https:\/\/www.tiszaparti.hu\/wp-content\/uploads\/2025\/09\/konvyajanlo25_010-zipp-768x1024.jpg 768w, https:\/\/www.tiszaparti.hu\/wp-content\/uploads\/2025\/09\/konvyajanlo25_010-zipp.jpg 1024w\" data-sizes=\"(max-width: 225px) 100vw, 225px\" src=\"data:image\/svg+xml;base64,PHN2ZyB3aWR0aD0iMSIgaGVpZ2h0PSIxIiB4bWxucz0iaHR0cDovL3d3dy53My5vcmcvMjAwMC9zdmciPjwvc3ZnPg==\" style=\"--smush-placeholder-width: 225px; --smush-placeholder-aspect-ratio: 225\/300;\" \/><img decoding=\"async\" class=\"size-medium wp-image-25173 alignleft lazyload\" data-src=\"https:\/\/www.tiszaparti.hu\/wp-content\/uploads\/2025\/09\/konvyajanlo25_011-zipp-300x225.jpg\" alt=\"\" width=\"300\" height=\"225\" data-srcset=\"https:\/\/www.tiszaparti.hu\/wp-content\/uploads\/2025\/09\/konvyajanlo25_011-zipp-300x225.jpg 300w, https:\/\/www.tiszaparti.hu\/wp-content\/uploads\/2025\/09\/konvyajanlo25_011-zipp-1024x768.jpg 1024w, https:\/\/www.tiszaparti.hu\/wp-content\/uploads\/2025\/09\/konvyajanlo25_011-zipp-768x576.jpg 768w, https:\/\/www.tiszaparti.hu\/wp-content\/uploads\/2025\/09\/konvyajanlo25_011-zipp.jpg 1365w\" data-sizes=\"(max-width: 300px) 100vw, 300px\" src=\"data:image\/svg+xml;base64,PHN2ZyB3aWR0aD0iMSIgaGVpZ2h0PSIxIiB4bWxucz0iaHR0cDovL3d3dy53My5vcmcvMjAwMC9zdmciPjwvc3ZnPg==\" style=\"--smush-placeholder-width: 300px; --smush-placeholder-aspect-ratio: 300\/225;\" \/><img decoding=\"async\" class=\"size-medium wp-image-25174 alignleft lazyload\" data-src=\"https:\/\/www.tiszaparti.hu\/wp-content\/uploads\/2025\/09\/konvyajanlo25_012-zipp-225x300.jpg\" alt=\"\" width=\"225\" height=\"300\" data-srcset=\"https:\/\/www.tiszaparti.hu\/wp-content\/uploads\/2025\/09\/konvyajanlo25_012-zipp-225x300.jpg 225w, https:\/\/www.tiszaparti.hu\/wp-content\/uploads\/2025\/09\/konvyajanlo25_012-zipp-768x1024.jpg 768w, https:\/\/www.tiszaparti.hu\/wp-content\/uploads\/2025\/09\/konvyajanlo25_012-zipp.jpg 1024w\" data-sizes=\"(max-width: 225px) 100vw, 225px\" src=\"data:image\/svg+xml;base64,PHN2ZyB3aWR0aD0iMSIgaGVpZ2h0PSIxIiB4bWxucz0iaHR0cDovL3d3dy53My5vcmcvMjAwMC9zdmciPjwvc3ZnPg==\" style=\"--smush-placeholder-width: 225px; --smush-placeholder-aspect-ratio: 225\/300;\" \/><img decoding=\"async\" class=\"size-medium wp-image-25175 alignleft lazyload\" data-src=\"https:\/\/www.tiszaparti.hu\/wp-content\/uploads\/2025\/09\/konvyajanlo25_013-zipp-225x300.jpg\" alt=\"\" width=\"225\" height=\"300\" data-srcset=\"https:\/\/www.tiszaparti.hu\/wp-content\/uploads\/2025\/09\/konvyajanlo25_013-zipp-225x300.jpg 225w, https:\/\/www.tiszaparti.hu\/wp-content\/uploads\/2025\/09\/konvyajanlo25_013-zipp-768x1024.jpg 768w, https:\/\/www.tiszaparti.hu\/wp-content\/uploads\/2025\/09\/konvyajanlo25_013-zipp.jpg 1024w\" data-sizes=\"(max-width: 225px) 100vw, 225px\" src=\"data:image\/svg+xml;base64,PHN2ZyB3aWR0aD0iMSIgaGVpZ2h0PSIxIiB4bWxucz0iaHR0cDovL3d3dy53My5vcmcvMjAwMC9zdmciPjwvc3ZnPg==\" style=\"--smush-placeholder-width: 225px; --smush-placeholder-aspect-ratio: 225\/300;\" \/>[\/vc_column_text][vc_separator style=&#8221;shadow&#8221;][vc_column_text]<\/p>\n<h3><span style=\"color: #0000ff;\"><strong><a href=\"http:\/\/konyvsu-go.gvkik.hu\/\" target=\"_blank\" rel=\"noopener noreferrer\">&#8212; K\u00d6NYVS\u00da-GO &#8212;<\/a><\/strong><\/span><\/h3>\n<p>&nbsp;<\/p>\n<h3><strong>HASZNOS OLDALAK DI\u00c1KOKNAK<\/strong><\/h3>\n<p style=\"padding-left: 40px;\">Szitak\u00f6t\u0151: <a href=\"https:\/\/ligetmuhely.com\/szitakoto-folyoirat\/\" target=\"_blank\" rel=\"noopener\">https:\/\/ligetmuhely.com\/szitakoto-folyoirat\/<\/a><\/p>\n<p style=\"padding-left: 30px;\">Term\u00e9szetb\u00fav\u00e1r: <a href=\"http:\/\/tbuvar.hu\/\" target=\"_blank\" rel=\"noopener\">http:\/\/tbuvar.hu\/<\/a><\/p>\n<p style=\"padding-left: 30px;\">Magyar nemzeti parkok: <a href=\"http:\/\/magyarnemzetiparkok.hu\/\" target=\"_blank\" rel=\"noopener\">http:\/\/magyarnemzetiparkok.hu\/<\/a><\/p>\n<p style=\"padding-left: 30px;\">Rubicon: <a href=\"http:\/\/mult-kor.hu\/\" target=\"_blank\" rel=\"noopener\">http:\/\/mult-kor.hu\/<\/a><\/p>\n<p style=\"padding-left: 30px;\">A F\u00f6ldg\u00f6mb Vil\u00e1ga:\u00a0\u00a0 <a href=\"http:\/\/www.afoldgomb.hu\/\" target=\"_blank\" rel=\"noopener\">http:\/\/www.afoldgomb.hu\/<\/a><\/p>\n<p style=\"padding-left: 30px;\">National Geographic:\u00a0 <a href=\"http:\/\/natgeotv.com\/hu\" target=\"_blank\" rel=\"noopener\">http:\/\/natgeotv.com\/hu<\/a><\/p>\n<p style=\"padding-left: 30px;\">Sakkfeladatok, sakksz\u00f3t\u00e1r: <a href=\"http:\/\/sakkpalota.hu\/\" target=\"_blank\" rel=\"noopener\">http:\/\/sakkpalota.hu\/<\/a><\/p>\n<p>&nbsp;<\/p>\n<p>&nbsp;<\/p>\n<h3><strong>ELEKTRONIKUS K\u00d6NYVT\u00c1R<\/strong><\/h3>\n<p>&nbsp;<\/p>\n<p style=\"padding-left: 30px;\">Magyar Elektronikus K\u00f6nyvt\u00e1r: \u00a0<a href=\"http:\/\/mek.oszk.hu\/\" target=\"_blank\" rel=\"noopener noreferrer\">http:\/\/mek.oszk.hu\/<\/a><\/p>\n<p><strong>\u00a0<\/strong><\/p>\n<p>&nbsp;<\/p>\n<h3><strong>KATAL\u00d3GUSOK<\/strong><\/h3>\n<p>&nbsp;<\/p>\n<p style=\"padding-left: 30px;\">Somogyi-k\u00f6nyvt\u00e1r katal\u00f3gusa: <a href=\"http:\/\/corvina.sk-szeged.hu\/WebPac\/CorvinaWeb?action=advancedsearchpage\" target=\"_blank\" rel=\"noopener noreferrer\">http:\/\/www.sk-szeged.hu\/opac\/index.html<\/a><\/p>\n<p style=\"padding-left: 30px;\">SZTE Egyetemi K\u00f6nyvt\u00e1r \u2013 Katal\u00f3gusok: <a href=\"https:\/\/www.ek.szte.hu\/\" target=\"_blank\" rel=\"noopener\">https:\/\/www.ek.szte.hu\/<\/a><\/p>\n<p><strong>\u00a0<\/strong><\/p>\n<p>&nbsp;<\/p>\n<h3><strong>HELYES\u00cdR\u00c1S<\/strong><\/h3>\n<p>&nbsp;<\/p>\n<p style=\"padding-left: 30px;\">Online szab\u00e1lyzat \u00e9s sz\u00f3t\u00e1r: \u00a0<a href=\"http:\/\/helyesiras.mta.hu\" target=\"_blank\" rel=\"noopener\">http:\/\/helyesiras.mta.hu<\/a><\/p>\n<p>[\/vc_column_text][vc_separator style=&#8221;shadow&#8221;][\/vc_column][vc_column width=&#8221;1\/3&#8243; css=&#8221;.vc_custom_1455114034253{background-color: #f4f4f4 !important;}&#8221;][vc_widget_sidebar sidebar_id=&#8221;default&#8221;][\/vc_column][\/vc_row]<\/p>\n","protected":false},"excerpt":{"rendered":"<p>[vc_row][vc_column width=&#8221;2\/3&#8243; css=&#8221;.vc_custom_1455114009784{background-color: #f4ecde !important;}&#8221;][vc_column_text][\/vc_column_text][vc_separator style=&#8221;shadow&#8221;][vc_column_text] &#8212; K\u00d6NYVS\u00da-GO &#8212; &nbsp; HASZNOS OLDALAK DI\u00c1KOKNAK Szitak\u00f6t\u0151: https:\/\/ligetmuhely.com\/szitakoto-folyoirat\/ Term\u00e9szetb\u00fav\u00e1r: http:\/\/tbuvar.hu\/ Magyar nemzeti parkok: http:\/\/magyarnemzetiparkok.hu\/ Rubicon: http:\/\/mult-kor.hu\/ A F\u00f6ldg\u00f6mb Vil\u00e1ga:\u00a0\u00a0 http:\/\/www.afoldgomb.hu\/ National Geographic:\u00a0 http:\/\/natgeotv.com\/hu Sakkfeladatok, sakksz\u00f3t\u00e1r: http:\/\/sakkpalota.hu\/ &nbsp; &nbsp; ELEKTRONIKUS K\u00d6NYVT\u00c1R &nbsp; Magyar Elektronikus K\u00f6nyvt\u00e1r: \u00a0http:\/\/mek.oszk.hu\/ \u00a0 &nbsp; KATAL\u00d3GUSOK &nbsp; Somogyi-k\u00f6nyvt\u00e1r katal\u00f3gusa: http:\/\/www.sk-szeged.hu\/opac\/index.html SZTE Egyetemi K\u00f6nyvt\u00e1r \u2013 Katal\u00f3gusok: https:\/\/www.ek.szte.hu\/ [&hellip;]<\/p>\n","protected":false},"author":1,"featured_media":0,"parent":1919,"menu_order":0,"comment_status":"closed","ping_status":"closed","template":"","meta":{"footnotes":""},"class_list":["post-2982","page","type-page","status-publish","hentry"],"_links":{"self":[{"href":"https:\/\/www.tiszaparti.hu\/index.php\/wp-json\/wp\/v2\/pages\/2982","targetHints":{"allow":["GET"]}}],"collection":[{"href":"https:\/\/www.tiszaparti.hu\/index.php\/wp-json\/wp\/v2\/pages"}],"about":[{"href":"https:\/\/www.tiszaparti.hu\/index.php\/wp-json\/wp\/v2\/types\/page"}],"author":[{"embeddable":true,"href":"https:\/\/www.tiszaparti.hu\/index.php\/wp-json\/wp\/v2\/users\/1"}],"replies":[{"embeddable":true,"href":"https:\/\/www.tiszaparti.hu\/index.php\/wp-json\/wp\/v2\/comments?post=2982"}],"version-history":[{"count":3,"href":"https:\/\/www.tiszaparti.hu\/index.php\/wp-json\/wp\/v2\/pages\/2982\/revisions"}],"predecessor-version":[{"id":25176,"href":"https:\/\/www.tiszaparti.hu\/index.php\/wp-json\/wp\/v2\/pages\/2982\/revisions\/25176"}],"up":[{"embeddable":true,"href":"https:\/\/www.tiszaparti.hu\/index.php\/wp-json\/wp\/v2\/pages\/1919"}],"wp:attachment":[{"href":"https:\/\/www.tiszaparti.hu\/index.php\/wp-json\/wp\/v2\/media?parent=2982"}],"curies":[{"name":"wp","href":"https:\/\/api.w.org\/{rel}","templated":true}]}}