{"id":3068,"date":"2016-02-23T08:26:30","date_gmt":"2016-02-23T08:26:30","guid":{"rendered":"http:\/\/www.tiszaparti.hu\/?page_id=3068"},"modified":"2016-02-23T08:26:54","modified_gmt":"2016-02-23T08:26:54","slug":"europai-hulladekcsokkentesi-het","status":"publish","type":"page","link":"https:\/\/www.tiszaparti.hu\/index.php\/okoiskola-hirek\/kornyezeti-neveles\/europai-hulladekcsokkentesi-het\/","title":{"rendered":"Eur\u00f3pai Hullad\u00e9kcs\u00f6kkent\u00e9si H\u00e9t"},"content":{"rendered":"<p>[vc_row][vc_column width=&#8221;2\/3&#8243; css=&#8221;.vc_custom_1456215957505{background-color: #f4ecde !important;}&#8221;][vc_separator style=&#8221;shadow&#8221;][vc_column_text]<\/p>\n<h2 style=\"text-align: left;\"><strong>Eur\u00f3pai Hullad\u00e9kcs\u00f6kkent\u00e9si H\u00e9t<\/strong><\/h2>\n<p style=\"text-align: left;\">Az Eur\u00f3pai Hullad\u00e9kcs\u00f6kkent\u00e9si H\u00e9t minden \u00e9v november utols\u00f3 het\u00e9ben megrendez\u00e9sre ker\u00fcl\u0151 kezdem\u00e9nyez\u00e9s. Ennek c\u00e9lja t\u00f6bbek k\u00f6z\u00f6tt, hogy felh\u00edvja a figyelmet az anyagok \u00fajrahasznos\u00edt\u00e1s\u00e1nak fontoss\u00e1g\u00e1ra.<\/p>\n<p style=\"text-align: left;\">A gyerekek munk\u00e1ib\u00f3l l\u00e1tv\u00e1nyos ki\u00e1ll\u00edt\u00e1s k\u00e9sz\u00fclt.<\/p>\n<p>[\/vc_column_text][vc_gallery type=&#8221;slick_slider_2&#8243; images=&#8221;2231,2232,2233,2234,2235,2236,2237,2238,2239,2240&#8243;][vc_separator style=&#8221;shadow&#8221;][\/vc_column][vc_column width=&#8221;1\/3&#8243; css=&#8221;.vc_custom_1456215975625{background-color: #f4f4f4 !important;}&#8221;][vc_widget_sidebar sidebar_id=&#8221;default&#8221;][\/vc_column][\/vc_row]<\/p>\n","protected":false},"excerpt":{"rendered":"<p>[vc_row][vc_column width=&#8221;2\/3&#8243; css=&#8221;.vc_custom_1456215957505{background-color: #f4ecde !important;}&#8221;][vc_separator style=&#8221;shadow&#8221;][vc_column_text] Eur\u00f3pai Hullad\u00e9kcs\u00f6kkent\u00e9si H\u00e9t Az Eur\u00f3pai Hullad\u00e9kcs\u00f6kkent\u00e9si H\u00e9t minden \u00e9v november utols\u00f3 het\u00e9ben megrendez\u00e9sre ker\u00fcl\u0151 kezdem\u00e9nyez\u00e9s. Ennek c\u00e9lja t\u00f6bbek k\u00f6z\u00f6tt, hogy felh\u00edvja a figyelmet az anyagok \u00fajrahasznos\u00edt\u00e1s\u00e1nak fontoss\u00e1g\u00e1ra. A gyerekek munk\u00e1ib\u00f3l l\u00e1tv\u00e1nyos ki\u00e1ll\u00edt\u00e1s k\u00e9sz\u00fclt. [\/vc_column_text][vc_gallery type=&#8221;slick_slider_2&#8243; images=&#8221;2231,2232,2233,2234,2235,2236,2237,2238,2239,2240&#8243;][vc_separator style=&#8221;shadow&#8221;][\/vc_column][vc_column width=&#8221;1\/3&#8243; css=&#8221;.vc_custom_1456215975625{background-color: #f4f4f4 !important;}&#8221;][vc_widget_sidebar sidebar_id=&#8221;default&#8221;][\/vc_column][\/vc_row]<\/p>\n","protected":false},"author":1,"featured_media":0,"parent":1884,"menu_order":0,"comment_status":"closed","ping_status":"closed","template":"","meta":{"footnotes":""},"class_list":["post-3068","page","type-page","status-publish","hentry"],"_links":{"self":[{"href":"https:\/\/www.tiszaparti.hu\/index.php\/wp-json\/wp\/v2\/pages\/3068","targetHints":{"allow":["GET"]}}],"collection":[{"href":"https:\/\/www.tiszaparti.hu\/index.php\/wp-json\/wp\/v2\/pages"}],"about":[{"href":"https:\/\/www.tiszaparti.hu\/index.php\/wp-json\/wp\/v2\/types\/page"}],"author":[{"embeddable":true,"href":"https:\/\/www.tiszaparti.hu\/index.php\/wp-json\/wp\/v2\/users\/1"}],"replies":[{"embeddable":true,"href":"https:\/\/www.tiszaparti.hu\/index.php\/wp-json\/wp\/v2\/comments?post=3068"}],"version-history":[{"count":0,"href":"https:\/\/www.tiszaparti.hu\/index.php\/wp-json\/wp\/v2\/pages\/3068\/revisions"}],"up":[{"embeddable":true,"href":"https:\/\/www.tiszaparti.hu\/index.php\/wp-json\/wp\/v2\/pages\/1884"}],"wp:attachment":[{"href":"https:\/\/www.tiszaparti.hu\/index.php\/wp-json\/wp\/v2\/media?parent=3068"}],"curies":[{"name":"wp","href":"https:\/\/api.w.org\/{rel}","templated":true}]}}