{"id":3193,"date":"2016-03-09T08:57:15","date_gmt":"2016-03-09T08:57:15","guid":{"rendered":"http:\/\/www.tiszaparti.hu\/?page_id=3193"},"modified":"2016-04-04T07:51:20","modified_gmt":"2016-04-04T07:51:20","slug":"a-het-verse-8-het","status":"publish","type":"page","link":"https:\/\/www.tiszaparti.hu\/index.php\/diakelet\/iskolai-konyvtar\/a-het-verse\/a-het-verse-8-het\/","title":{"rendered":"A h\u00e9t verse &#8211; 8. h\u00e9t"},"content":{"rendered":"<p>[vc_row][vc_column width=&#8221;2\/3&#8243; css=&#8221;.vc_custom_1457513810323{background-color: #f4ecde !important;}&#8221;][vc_column_text]<\/p>\n<h3 style=\"text-align: center;\">Varr\u00f3 D\u00e1niel: Metr\u00f3<\/h3>\n<p style=\"text-align: center;\">H\u00e1t elkapott ma, kiscic\u00e1m,<br \/>\naz ellen\u0151r a metr\u00f3n.<br \/>\nNem volt \u00e9rv\u00e9nyes matric\u00e1m,<br \/>\nk\u00edv\u00e1nom, b\u00e1rha lett v\u00f3n.<\/p>\n<p style=\"text-align: center;\">Lesz\u00e1ll\u00edtott \u2013 az alag\u00fat<br \/>\nmost \u00e9nel\u0151ttem \u00e1s\u00edt,<br \/>\ns eljutnom t\u00f6bb mint bonyolult<br \/>\na k\u00edv\u00e1nt \u00e1llom\u00e1sig.<\/p>\n<p style=\"text-align: center;\">S m\u00edg kattog egyre t\u00e1volabb<br \/>\nhaladva lent a metr\u00f3,<br \/>\nhalkan kattog a b\u0151r alatt<br \/>\naz ember sz\u00edve dett\u00f3.<\/p>\n<p style=\"text-align: center;\">\u00d3, b\u00e1r ne k\u00e9ne l\u00f3gnia,<br \/>\nf\u00f6ladva minden elv\u00e9t!<br \/>\nEz itt egy alleg\u00f3ria,<br \/>\nha nem t\u0171nt volna fel m\u00e9g.<\/p>\n<p style=\"text-align: center;\">Hisz l\u00e1tod, \u00e9ppen \u00edgy megyek<br \/>\nhogy f\u00f6lder\u00edtsem, \u00fagy \u00e1m,<br \/>\nfelsz\u00edn alatti \u00e9nedet<br \/>\na l\u00e9lek m\u00e9lyvas\u00fatj\u00e1n.<\/p>\n<p style=\"text-align: center;\">De megv\u00edvn\u00e1m b\u00e1r \u00e9rted, \u00f3,<br \/>\n\u00e9n h\u00e9roszok tus\u00e1j\u00e1t,<br \/>\nnem jutok el hozz\u00e1d a sz\u00f3<br \/>\nsz\u0171k labirintus\u00e1n \u00e1t.<\/p>\n<p style=\"text-align: center;\">S a v\u00e1gy metr\u00f3j\u00e1n, hol az ok<br \/>\nzord ellen\u0151re sz\u00e9tcsap,<br \/>\nmint potyautas utazok,<br \/>\nazt kell hogy mondjam, \u00e9n csak.<\/p>\n<p style=\"text-align: center;\">Mert nincsen matric\u00e1m, se m\u00e1s,<br \/>\njegy, b\u00e9rlet, b\u00e1rmi \u00e9rv\u00e9ny,<br \/>\na benned rejl\u0151 \u00e1llom\u00e1st<br \/>\nhogy egyszer is el\u00e9rn\u00e9m.<\/p>\n<p style=\"text-align: center;\">S meglelve benned messzi, t\u00e1g,<br \/>\nm\u00e9ly \u00e1llom\u00e1sok m\u00e1s\u00e1t,<br \/>\nmeghallan\u00e1m a b\u0151r\u00f6n \u00e1t<br \/>\na sz\u00edved kattog\u00e1s\u00e1t.<\/p>\n<p>[\/vc_column_text][\/vc_column][vc_column width=&#8221;1\/3&#8243; css=&#8221;.vc_custom_1457513822482{background-color: #f4f4f4 !important;}&#8221;][vc_widget_sidebar sidebar_id=&#8221;default&#8221;][\/vc_column][\/vc_row]<\/p>\n","protected":false},"excerpt":{"rendered":"<p>[vc_row][vc_column width=&#8221;2\/3&#8243; css=&#8221;.vc_custom_1457513810323{background-color: #f4ecde !important;}&#8221;][vc_column_text] Varr\u00f3 D\u00e1niel: Metr\u00f3 H\u00e1t elkapott ma, kiscic\u00e1m, az ellen\u0151r a metr\u00f3n. Nem volt \u00e9rv\u00e9nyes matric\u00e1m, k\u00edv\u00e1nom, b\u00e1rha lett v\u00f3n. Lesz\u00e1ll\u00edtott \u2013 az alag\u00fat most \u00e9nel\u0151ttem \u00e1s\u00edt, s eljutnom t\u00f6bb mint bonyolult a k\u00edv\u00e1nt \u00e1llom\u00e1sig. S m\u00edg kattog egyre t\u00e1volabb haladva lent a metr\u00f3, halkan kattog a b\u0151r alatt az ember [&hellip;]<\/p>\n","protected":false},"author":1,"featured_media":0,"parent":2977,"menu_order":0,"comment_status":"closed","ping_status":"closed","template":"","meta":{"footnotes":""},"class_list":["post-3193","page","type-page","status-publish","hentry"],"_links":{"self":[{"href":"https:\/\/www.tiszaparti.hu\/index.php\/wp-json\/wp\/v2\/pages\/3193","targetHints":{"allow":["GET"]}}],"collection":[{"href":"https:\/\/www.tiszaparti.hu\/index.php\/wp-json\/wp\/v2\/pages"}],"about":[{"href":"https:\/\/www.tiszaparti.hu\/index.php\/wp-json\/wp\/v2\/types\/page"}],"author":[{"embeddable":true,"href":"https:\/\/www.tiszaparti.hu\/index.php\/wp-json\/wp\/v2\/users\/1"}],"replies":[{"embeddable":true,"href":"https:\/\/www.tiszaparti.hu\/index.php\/wp-json\/wp\/v2\/comments?post=3193"}],"version-history":[{"count":0,"href":"https:\/\/www.tiszaparti.hu\/index.php\/wp-json\/wp\/v2\/pages\/3193\/revisions"}],"up":[{"embeddable":true,"href":"https:\/\/www.tiszaparti.hu\/index.php\/wp-json\/wp\/v2\/pages\/2977"}],"wp:attachment":[{"href":"https:\/\/www.tiszaparti.hu\/index.php\/wp-json\/wp\/v2\/media?parent=3193"}],"curies":[{"name":"wp","href":"https:\/\/api.w.org\/{rel}","templated":true}]}}