{"id":3363,"date":"2016-04-15T09:31:12","date_gmt":"2016-04-15T09:31:12","guid":{"rendered":"http:\/\/www.tiszaparti.hu\/?page_id=3363"},"modified":"2016-04-15T09:31:12","modified_gmt":"2016-04-15T09:31:12","slug":"simonyi-zsigmond-helyesirasi-verseny-2016-marcius-19","status":"publish","type":"page","link":"https:\/\/www.tiszaparti.hu\/index.php\/simonyi-zsigmond-helyesirasi-verseny-2016-marcius-19\/","title":{"rendered":"Simonyi Zsigmond helyes\u00edr\u00e1si verseny, 2016. m\u00e1rcius 19."},"content":{"rendered":"<p>[vc_row][vc_column width=&#8221;2\/3&#8243; css=&#8221;.vc_custom_1460712507848{background-color: #f4ecde !important;}&#8221;][vc_separator style=&#8221;shadow&#8221;][vc_column_text]<strong>SIMONYI ZSIGMOND helyes\u00edr\u00e1si verseny<\/strong><\/p>\n<p>2016. m\u00e1rcius 19.<\/p>\n<p><strong>\u00a0<\/strong><strong>Megyei fordul\u00f3<\/strong><\/p>\n<ol>\n<li><em>helyez\u00e9s:<\/em><\/li>\n<\/ol>\n<p style=\"padding-left: 30px;\"><em>\u00a0<\/em><strong><em><img loading=\"lazy\" decoding=\"async\" class=\"size-medium wp-image-3351 alignnone\" src=\"https:\/\/www.tiszaparti.hu\/wp-content\/uploads\/2016\/04\/simonyi2-225x300.jpg\" alt=\"simonyi2\" width=\"225\" height=\"300\" srcset=\"https:\/\/www.tiszaparti.hu\/wp-content\/uploads\/2016\/04\/simonyi2-225x300.jpg 225w, https:\/\/www.tiszaparti.hu\/wp-content\/uploads\/2016\/04\/simonyi2-768x1024.jpg 768w, https:\/\/www.tiszaparti.hu\/wp-content\/uploads\/2016\/04\/simonyi2.jpg 1944w\" sizes=\"auto, (max-width: 225px) 100vw, 225px\" \/>\u00a0\u00a0\u00a0\u00a0\u00a0\u00a0\u00a0\u00a0\u00a0\u00a0\u00a0\u00a0\u00a0\u00a0\u00a0\u00a0\u00a0\u00a0\u00a0 <\/em><\/strong><\/p>\n<p style=\"padding-left: 30px;\"><strong><em>Kutas Gr\u00e9ta, 5b. <\/em><\/strong><\/p>\n<p><strong><em>\u00a0\u00a0\u00a0\u00a0\u00a0\u00a0\u00a0\u00a0\u00a0\u00a0\u00a0\u00a0\u00a0\u00a0\u00a0\u00a0\u00a0\u00a0\u00a0 <\/em><\/strong><\/p>\n<p style=\"padding-left: 30px;\"><img loading=\"lazy\" decoding=\"async\" class=\"size-medium wp-image-3350 alignnone\" src=\"https:\/\/www.tiszaparti.hu\/wp-content\/uploads\/2016\/04\/simonyi-225x300.jpg\" alt=\"simonyi\" width=\"225\" height=\"300\" srcset=\"https:\/\/www.tiszaparti.hu\/wp-content\/uploads\/2016\/04\/simonyi-225x300.jpg 225w, https:\/\/www.tiszaparti.hu\/wp-content\/uploads\/2016\/04\/simonyi-768x1024.jpg 768w, https:\/\/www.tiszaparti.hu\/wp-content\/uploads\/2016\/04\/simonyi.jpg 1944w\" sizes=\"auto, (max-width: 225px) 100vw, 225px\" \/><\/p>\n<p style=\"padding-left: 30px;\"><strong><em>Kelemen Luca Lilla, 8a.<\/em><\/strong><\/p>\n<p>[\/vc_column_text][vc_separator style=&#8221;shadow&#8221;][\/vc_column][vc_column width=&#8221;1\/3&#8243; css=&#8221;.vc_custom_1460712519502{background-color: #f4f4f4 !important;}&#8221;][vc_widget_sidebar sidebar_id=&#8221;default&#8221;][\/vc_column][\/vc_row]<\/p>\n","protected":false},"excerpt":{"rendered":"<p>[vc_row][vc_column width=&#8221;2\/3&#8243; css=&#8221;.vc_custom_1460712507848{background-color: #f4ecde !important;}&#8221;][vc_separator style=&#8221;shadow&#8221;][vc_column_text]SIMONYI ZSIGMOND helyes\u00edr\u00e1si verseny 2016. m\u00e1rcius 19. \u00a0Megyei fordul\u00f3 helyez\u00e9s: \u00a0\u00a0\u00a0\u00a0\u00a0\u00a0\u00a0\u00a0\u00a0\u00a0\u00a0\u00a0\u00a0\u00a0\u00a0\u00a0\u00a0\u00a0\u00a0\u00a0 Kutas Gr\u00e9ta, 5b. \u00a0\u00a0\u00a0\u00a0\u00a0\u00a0\u00a0\u00a0\u00a0\u00a0\u00a0\u00a0\u00a0\u00a0\u00a0\u00a0\u00a0\u00a0\u00a0 Kelemen Luca Lilla, 8a. [\/vc_column_text][vc_separator style=&#8221;shadow&#8221;][\/vc_column][vc_column width=&#8221;1\/3&#8243; css=&#8221;.vc_custom_1460712519502{background-color: #f4f4f4 !important;}&#8221;][vc_widget_sidebar sidebar_id=&#8221;default&#8221;][\/vc_column][\/vc_row]<\/p>\n","protected":false},"author":1,"featured_media":0,"parent":0,"menu_order":0,"comment_status":"closed","ping_status":"closed","template":"","meta":{"footnotes":""},"class_list":["post-3363","page","type-page","status-publish","hentry"],"_links":{"self":[{"href":"https:\/\/www.tiszaparti.hu\/index.php\/wp-json\/wp\/v2\/pages\/3363","targetHints":{"allow":["GET"]}}],"collection":[{"href":"https:\/\/www.tiszaparti.hu\/index.php\/wp-json\/wp\/v2\/pages"}],"about":[{"href":"https:\/\/www.tiszaparti.hu\/index.php\/wp-json\/wp\/v2\/types\/page"}],"author":[{"embeddable":true,"href":"https:\/\/www.tiszaparti.hu\/index.php\/wp-json\/wp\/v2\/users\/1"}],"replies":[{"embeddable":true,"href":"https:\/\/www.tiszaparti.hu\/index.php\/wp-json\/wp\/v2\/comments?post=3363"}],"version-history":[{"count":0,"href":"https:\/\/www.tiszaparti.hu\/index.php\/wp-json\/wp\/v2\/pages\/3363\/revisions"}],"wp:attachment":[{"href":"https:\/\/www.tiszaparti.hu\/index.php\/wp-json\/wp\/v2\/media?parent=3363"}],"curies":[{"name":"wp","href":"https:\/\/api.w.org\/{rel}","templated":true}]}}