{"id":3373,"date":"2016-04-15T09:50:38","date_gmt":"2016-04-15T09:50:38","guid":{"rendered":"http:\/\/www.tiszaparti.hu\/?page_id=3373"},"modified":"2016-04-15T09:50:38","modified_gmt":"2016-04-15T09:50:38","slug":"iskolai-tortenelemverseny-2016-marcius","status":"publish","type":"page","link":"https:\/\/www.tiszaparti.hu\/index.php\/iskolai-tortenelemverseny-2016-marcius\/","title":{"rendered":"Iskolai t\u00f6rt\u00e9nelemverseny, 2016. m\u00e1rcius"},"content":{"rendered":"<p>[vc_row][vc_column width=&#8221;2\/3&#8243; css=&#8221;.vc_custom_1460713696363{background-color: #f4ecde !important;}&#8221;][vc_separator style=&#8221;shadow&#8221;][vc_column_text]<\/p>\n<p style=\"text-align: justify;\">A Tisza-parti \u00c1ltal\u00e1nos Iskola imm\u00e1r hagyom\u00e1nyos t\u00f6rt\u00e9nelemverseny\u00e9n 62 di\u00e1kunk adott sz\u00e1mot a tan\u00e9v sor\u00e1n megszerzett tud\u00e1s\u00e1r\u00f3l. A tanul\u00f3k \u00e9vfolyamonk\u00e9nti verseny\u00e9n az al\u00e1bbi eredm\u00e9nyek sz\u00fclettek:<\/p>\n<p>&nbsp;<\/p>\n<p style=\"padding-left: 30px;\"><strong>5. \u00e9vf.: <\/strong><\/p>\n<ol>\n<li>Vojn\u00e1r P\u00e9ter 5.b,<\/li>\n<li>Vir\u00e1ghalmi Lili 5.b,<\/li>\n<li>T\u00f6mb\u00f6ly \u00c1bel 5.b,<\/li>\n<li>B\u00f3di Kamilla 5.b,<\/li>\n<li>Kothencz Laura 5.b<\/li>\n<li>Mik\u00f3 Vir\u00e1g 5.b<\/li>\n<\/ol>\n<p>&nbsp;<\/p>\n<p style=\"padding-left: 30px;\"><strong>6. \u00e9vf.: <\/strong><\/p>\n<ol>\n<li>Lakatos Soma 6.b,<\/li>\n<li>Ternai Ad\u00e9l 6.c,<\/li>\n<li>Koszta Benedek 6.b,<\/li>\n<li>Ungi Dalma 6.c,<\/li>\n<li>Kredics Levente 6.b,<\/li>\n<li>Riesing Eszter 6.a<\/li>\n<\/ol>\n<p>&nbsp;<\/p>\n<p style=\"padding-left: 30px;\"><strong>7. \u00e9vf.: <\/strong><\/p>\n<ol>\n<li>Fajka Lilla 7.a,<\/li>\n<li>Moln\u00e1r Petra 7.a,<\/li>\n<li>K\u00f6vecs D\u00e1vid 7.b,<\/li>\n<li>Antal Csongor 7.a,<\/li>\n<li>Pet\u00e9nyi Tam\u00e1s 7.a,<\/li>\n<li>Nagy M\u00edna 7.b<\/li>\n<\/ol>\n<p>&nbsp;<\/p>\n<p style=\"padding-left: 30px;\"><strong>8. \u00e9vf.: <\/strong><\/p>\n<ol>\n<li>Volford M\u00e1rton 8.a,<\/li>\n<li>Tr\u00e1ser N\u00e1ndor 8.b,<\/li>\n<li>Kiss Rebeka 8.a,<\/li>\n<li>Szkalisity Andr\u00e1s 8.b,<\/li>\n<li>Osk\u00f3 Hunor 8.b,<\/li>\n<li>Varga Szilvia 8.a<\/li>\n<\/ol>\n<p>[\/vc_column_text][vc_gallery type=&#8221;slick_slider&#8221; images=&#8221;3360,3361,3362&#8243;][vc_separator style=&#8221;shadow&#8221;][\/vc_column][vc_column width=&#8221;1\/3&#8243; css=&#8221;.vc_custom_1460713705943{background-color: #f4f4f4 !important;}&#8221;][vc_widget_sidebar sidebar_id=&#8221;default&#8221;][\/vc_column][\/vc_row]<\/p>\n","protected":false},"excerpt":{"rendered":"<p>[vc_row][vc_column width=&#8221;2\/3&#8243; css=&#8221;.vc_custom_1460713696363{background-color: #f4ecde !important;}&#8221;][vc_separator style=&#8221;shadow&#8221;][vc_column_text] A Tisza-parti \u00c1ltal\u00e1nos Iskola imm\u00e1r hagyom\u00e1nyos t\u00f6rt\u00e9nelemverseny\u00e9n 62 di\u00e1kunk adott sz\u00e1mot a tan\u00e9v sor\u00e1n megszerzett tud\u00e1s\u00e1r\u00f3l. A tanul\u00f3k \u00e9vfolyamonk\u00e9nti verseny\u00e9n az al\u00e1bbi eredm\u00e9nyek sz\u00fclettek: &nbsp; 5. \u00e9vf.: Vojn\u00e1r P\u00e9ter 5.b, Vir\u00e1ghalmi Lili 5.b, T\u00f6mb\u00f6ly \u00c1bel 5.b, B\u00f3di Kamilla 5.b, Kothencz Laura 5.b Mik\u00f3 Vir\u00e1g 5.b &nbsp; 6. \u00e9vf.: Lakatos [&hellip;]<\/p>\n","protected":false},"author":1,"featured_media":0,"parent":0,"menu_order":0,"comment_status":"closed","ping_status":"closed","template":"","meta":{"footnotes":""},"class_list":["post-3373","page","type-page","status-publish","hentry"],"_links":{"self":[{"href":"https:\/\/www.tiszaparti.hu\/index.php\/wp-json\/wp\/v2\/pages\/3373","targetHints":{"allow":["GET"]}}],"collection":[{"href":"https:\/\/www.tiszaparti.hu\/index.php\/wp-json\/wp\/v2\/pages"}],"about":[{"href":"https:\/\/www.tiszaparti.hu\/index.php\/wp-json\/wp\/v2\/types\/page"}],"author":[{"embeddable":true,"href":"https:\/\/www.tiszaparti.hu\/index.php\/wp-json\/wp\/v2\/users\/1"}],"replies":[{"embeddable":true,"href":"https:\/\/www.tiszaparti.hu\/index.php\/wp-json\/wp\/v2\/comments?post=3373"}],"version-history":[{"count":0,"href":"https:\/\/www.tiszaparti.hu\/index.php\/wp-json\/wp\/v2\/pages\/3373\/revisions"}],"wp:attachment":[{"href":"https:\/\/www.tiszaparti.hu\/index.php\/wp-json\/wp\/v2\/media?parent=3373"}],"curies":[{"name":"wp","href":"https:\/\/api.w.org\/{rel}","templated":true}]}}