{"id":3437,"date":"2016-05-05T12:42:32","date_gmt":"2016-05-05T12:42:32","guid":{"rendered":"http:\/\/www.tiszaparti.hu\/?page_id=3437"},"modified":"2016-05-05T12:53:12","modified_gmt":"2016-05-05T12:53:12","slug":"kemia-versenyeredmenyek-2016","status":"publish","type":"page","link":"https:\/\/www.tiszaparti.hu\/index.php\/hirek\/versenyeredmenyeink\/kemia-versenyeredmenyek-2016\/","title":{"rendered":"K\u00e9mia versenyeredm\u00e9nyek 2016."},"content":{"rendered":"<p>[vc_row][vc_column width=&#8221;2\/3&#8243; css=&#8221;.vc_custom_1462452135258{background-color: #f4ecde !important;}&#8221;][vc_separator style=&#8221;shadow&#8221;][vc_column_text]<\/p>\n<h3><strong><em>Meleg Istv\u00e1n K\u00e9miaverseny<\/em><\/strong><\/h3>\n<p>&nbsp;<\/p>\n<p style=\"padding-left: 30px;\">Region\u00e1lis el\u0151d\u00f6nt\u0151, 7. \u00e9vf.<\/p>\n<p style=\"padding-left: 30px;\"><strong>1.helyez\u00e9s: Fajka Lilla, 7.a<\/strong><\/p>\n<p style=\"padding-left: 30px;\"><strong style=\"line-height: 1.5;\">9.helyez\u00e9s: Nagy M\u00edna, 7.b<\/strong><\/p>\n<p>&nbsp;<\/p>\n<p style=\"padding-left: 30px;\">Region\u00e1lis el\u0151d\u00f6nt\u0151, 8.\u00e9vf.<\/p>\n<p style=\"padding-left: 30px;\"><strong style=\"line-height: 1.5;\">12.helyez\u00e9s: Tr\u00e1ser N\u00e1ndor Zolt\u00e1n, 8.b<\/strong><\/p>\n<p>&nbsp;<\/p>\n<p style=\"padding-left: 30px;\">Region\u00e1lis D\u00d6NT\u0150, 7.\u00e9vf.<\/p>\n<p style=\"padding-left: 30px;\"><strong style=\"line-height: 1.5;\">7.helyez\u00e9s: Fajka Lilla, 7.a<\/strong><\/p>\n<p>&nbsp;<\/p>\n<p style=\"padding-left: 30px;\">Region\u00e1lis D\u00d6NT\u0150, 8.\u00e9vf.<\/p>\n<p style=\"padding-left: 30px;\"><strong>13.helyez\u00e9s: Tr\u00e1ser N\u00e1ndor Zolt\u00e1n, 8.b<\/strong><\/p>\n<p>[\/vc_column_text][vc_separator style=&#8221;shadow&#8221; el_width=&#8221;60&#8243;][vc_column_text]<\/p>\n<h3><strong><em>Hevesy Gy\u00f6rgy K\u00e9miaverseny<\/em><\/strong><\/h3>\n<p>&nbsp;<\/p>\n<p>Ter\u00fcleti D\u00d6NT\u0150<\/p>\n<p style=\"padding-left: 30px;\"><strong style=\"line-height: 1.5;\">3.helyez\u00e9s: Nagy M\u00edna, 7.b<\/strong><\/p>\n<p style=\"padding-left: 30px;\"><strong style=\"line-height: 1.5;\">8.helyez\u00e9s: Fajka Lilla, 7.a<\/strong><\/p>\n<p>&nbsp;<\/p>\n<p>Megyei D\u00d6NT\u0150<\/p>\n<p style=\"padding-left: 30px;\"><strong style=\"line-height: 1.5;\">3.helyez\u00e9s: Fajka Lilla, 7.a \u2013 <u>ORSZ\u00c1GOS D\u00d6NT\u0150BE JUTOTT!<\/u><\/strong><\/p>\n<p style=\"padding-left: 30px;\"><strong style=\"line-height: 1.5;\">8.helyez\u00e9s: Nagy M\u00edna, 7.b<\/strong><\/p>\n<p>[\/vc_column_text][vc_separator style=&#8221;shadow&#8221;][\/vc_column][vc_column width=&#8221;1\/3&#8243; css=&#8221;.vc_custom_1462452145540{background-color: #f4f4f4 !important;}&#8221;][vc_widget_sidebar sidebar_id=&#8221;default&#8221;][\/vc_column][\/vc_row]<\/p>\n","protected":false},"excerpt":{"rendered":"<p>[vc_row][vc_column width=&#8221;2\/3&#8243; css=&#8221;.vc_custom_1462452135258{background-color: #f4ecde !important;}&#8221;][vc_separator style=&#8221;shadow&#8221;][vc_column_text] Meleg Istv\u00e1n K\u00e9miaverseny &nbsp; Region\u00e1lis el\u0151d\u00f6nt\u0151, 7. \u00e9vf. 1.helyez\u00e9s: Fajka Lilla, 7.a 9.helyez\u00e9s: Nagy M\u00edna, 7.b &nbsp; Region\u00e1lis el\u0151d\u00f6nt\u0151, 8.\u00e9vf. 12.helyez\u00e9s: Tr\u00e1ser N\u00e1ndor Zolt\u00e1n, 8.b &nbsp; Region\u00e1lis D\u00d6NT\u0150, 7.\u00e9vf. 7.helyez\u00e9s: Fajka Lilla, 7.a &nbsp; Region\u00e1lis D\u00d6NT\u0150, 8.\u00e9vf. 13.helyez\u00e9s: Tr\u00e1ser N\u00e1ndor Zolt\u00e1n, 8.b [\/vc_column_text][vc_separator style=&#8221;shadow&#8221; el_width=&#8221;60&#8243;][vc_column_text] Hevesy Gy\u00f6rgy K\u00e9miaverseny &nbsp; [&hellip;]<\/p>\n","protected":false},"author":1,"featured_media":0,"parent":1873,"menu_order":0,"comment_status":"closed","ping_status":"closed","template":"","meta":{"footnotes":""},"class_list":["post-3437","page","type-page","status-publish","hentry"],"_links":{"self":[{"href":"https:\/\/www.tiszaparti.hu\/index.php\/wp-json\/wp\/v2\/pages\/3437","targetHints":{"allow":["GET"]}}],"collection":[{"href":"https:\/\/www.tiszaparti.hu\/index.php\/wp-json\/wp\/v2\/pages"}],"about":[{"href":"https:\/\/www.tiszaparti.hu\/index.php\/wp-json\/wp\/v2\/types\/page"}],"author":[{"embeddable":true,"href":"https:\/\/www.tiszaparti.hu\/index.php\/wp-json\/wp\/v2\/users\/1"}],"replies":[{"embeddable":true,"href":"https:\/\/www.tiszaparti.hu\/index.php\/wp-json\/wp\/v2\/comments?post=3437"}],"version-history":[{"count":0,"href":"https:\/\/www.tiszaparti.hu\/index.php\/wp-json\/wp\/v2\/pages\/3437\/revisions"}],"up":[{"embeddable":true,"href":"https:\/\/www.tiszaparti.hu\/index.php\/wp-json\/wp\/v2\/pages\/1873"}],"wp:attachment":[{"href":"https:\/\/www.tiszaparti.hu\/index.php\/wp-json\/wp\/v2\/media?parent=3437"}],"curies":[{"name":"wp","href":"https:\/\/api.w.org\/{rel}","templated":true}]}}