{"id":3583,"date":"2016-05-27T12:15:50","date_gmt":"2016-05-27T12:15:50","guid":{"rendered":"http:\/\/www.tiszaparti.hu\/?page_id=3583"},"modified":"2016-05-27T12:15:50","modified_gmt":"2016-05-27T12:15:50","slug":"urkutatasi-diakpalyazat","status":"publish","type":"page","link":"https:\/\/www.tiszaparti.hu\/index.php\/urkutatasi-diakpalyazat\/","title":{"rendered":"\u0170rkutat\u00e1si di\u00e1kp\u00e1ly\u00e1zat"},"content":{"rendered":"<p>[vc_row][vc_column width=&#8221;2\/3&#8243; css=&#8221;.vc_custom_1464351311332{background-color: #f4ecde !important;}&#8221;][vc_separator style=&#8221;shadow&#8221;][vc_column_text]A Magyar Asztronautikai T\u00e1rsas\u00e1g \u00e1ltal az &#8222;A MARSON T\u00daL&#8221; c\u00edmmel ki\u00edrt \u0171rkutat\u00e1si di\u00e1kp\u00e1ly\u00e1zaton <strong>BONY\u00c1K BENCE 6.B oszt\u00e1lyos tanul\u00f3 II. helyez\u00e9st \u00e9rt el<\/strong> a 11-14 \u00e9ves korcsoportban, egy\u00e9ni kateg\u00f3ri\u00e1ban.<\/p>\n<p>Gratul\u00e1lunk![\/vc_column_text][vc_single_image image=&#8221;3584&#8243; img_size=&#8221;medium&#8221; onclick=&#8221;link_image&#8221;][vc_separator style=&#8221;shadow&#8221;][\/vc_column][vc_column width=&#8221;1\/3&#8243; css=&#8221;.vc_custom_1464351326192{background-color: #f4f4f4 !important;}&#8221;][vc_widget_sidebar sidebar_id=&#8221;default&#8221;][\/vc_column][\/vc_row]<\/p>\n","protected":false},"excerpt":{"rendered":"<p>[vc_row][vc_column width=&#8221;2\/3&#8243; css=&#8221;.vc_custom_1464351311332{background-color: #f4ecde !important;}&#8221;][vc_separator style=&#8221;shadow&#8221;][vc_column_text]A Magyar Asztronautikai T\u00e1rsas\u00e1g \u00e1ltal az &#8222;A MARSON T\u00daL&#8221; c\u00edmmel ki\u00edrt \u0171rkutat\u00e1si di\u00e1kp\u00e1ly\u00e1zaton BONY\u00c1K BENCE 6.B oszt\u00e1lyos tanul\u00f3 II. helyez\u00e9st \u00e9rt el a 11-14 \u00e9ves korcsoportban, egy\u00e9ni kateg\u00f3ri\u00e1ban. Gratul\u00e1lunk![\/vc_column_text][vc_single_image image=&#8221;3584&#8243; img_size=&#8221;medium&#8221; onclick=&#8221;link_image&#8221;][vc_separator style=&#8221;shadow&#8221;][\/vc_column][vc_column width=&#8221;1\/3&#8243; css=&#8221;.vc_custom_1464351326192{background-color: #f4f4f4 !important;}&#8221;][vc_widget_sidebar sidebar_id=&#8221;default&#8221;][\/vc_column][\/vc_row]<\/p>\n","protected":false},"author":1,"featured_media":0,"parent":0,"menu_order":0,"comment_status":"closed","ping_status":"closed","template":"","meta":{"footnotes":""},"class_list":["post-3583","page","type-page","status-publish","hentry"],"_links":{"self":[{"href":"https:\/\/www.tiszaparti.hu\/index.php\/wp-json\/wp\/v2\/pages\/3583","targetHints":{"allow":["GET"]}}],"collection":[{"href":"https:\/\/www.tiszaparti.hu\/index.php\/wp-json\/wp\/v2\/pages"}],"about":[{"href":"https:\/\/www.tiszaparti.hu\/index.php\/wp-json\/wp\/v2\/types\/page"}],"author":[{"embeddable":true,"href":"https:\/\/www.tiszaparti.hu\/index.php\/wp-json\/wp\/v2\/users\/1"}],"replies":[{"embeddable":true,"href":"https:\/\/www.tiszaparti.hu\/index.php\/wp-json\/wp\/v2\/comments?post=3583"}],"version-history":[{"count":0,"href":"https:\/\/www.tiszaparti.hu\/index.php\/wp-json\/wp\/v2\/pages\/3583\/revisions"}],"wp:attachment":[{"href":"https:\/\/www.tiszaparti.hu\/index.php\/wp-json\/wp\/v2\/media?parent=3583"}],"curies":[{"name":"wp","href":"https:\/\/api.w.org\/{rel}","templated":true}]}}