{"id":3713,"date":"2016-06-21T09:34:01","date_gmt":"2016-06-21T09:34:01","guid":{"rendered":"http:\/\/www.tiszaparti.hu\/?page_id=3713"},"modified":"2025-03-04T14:28:02","modified_gmt":"2025-03-04T13:28:02","slug":"versenyeink-eredmenye","status":"publish","type":"page","link":"https:\/\/www.tiszaparti.hu\/index.php\/versenyeink-eredmenye\/","title":{"rendered":"Versenyeink eredm\u00e9nye"},"content":{"rendered":"<p>[vc_row][vc_column width=&#8221;2\/3&#8243; css=&#8221;.vc_custom_1466501452641{background-color: #f4ecde !important;}&#8221;][vc_separator style=&#8221;shadow&#8221;][vc_btn title=&#8221;Tisza-parti angol v\u00e1rosi verseny 2025.&#8221; color=&#8221;peacoc&#8221; align=&#8221;center&#8221; link=&#8221;url:https%3A%2F%2Fwww.tiszaparti.hu%2Findex.php%2F2025%2F03%2F04%2Ftisza-partivarosiangolverseny2025%2F|||&#8221;][vc_separator style=&#8221;shadow&#8221;][vc_btn title=&#8221;Tisza-parti helyes\u00edr\u00e1si v\u00e1rosi verseny 2024.&#8221; color=&#8221;warning&#8221; align=&#8221;center&#8221; link=&#8221;url:https%3A%2F%2Fwww.tiszaparti.hu%2Findex.php%2F2024%2F04%2F23%2Fhelyesirasiversenyeredmenyhirdetes%2F|||&#8221;][vc_separator style=&#8221;shadow&#8221;][vc_btn title=&#8221;Tisza-parti angol v\u00e1rosi verseny 2024.&#8221; color=&#8221;peacoc&#8221; align=&#8221;center&#8221; link=&#8221;url:https%3A%2F%2Fwww.tiszaparti.hu%2Findex.php%2F2024%2F02%2F09%2Ftisza-partivarosiangolverseny%2F|||&#8221;][vc_separator style=&#8221;shadow&#8221;][vc_btn title=&#8221;Tisza-parti angol v\u00e1rosi verseny 2023.&#8221; color=&#8221;peacoc&#8221; align=&#8221;center&#8221; link=&#8221;url:https%3A%2F%2Fwww.tiszaparti.hu%2Findex.php%2F2023%2F02%2F23%2Fvarosiangolverseny%2F|||&#8221;][vc_separator style=&#8221;shadow&#8221;][vc_btn title=&#8221;Tisza-parti angol v\u00e1rosi verseny 2019.&#8221; color=&#8221;peacoc&#8221; align=&#8221;center&#8221; link=&#8221;url:http%3A%2F%2Fwww.tiszaparti.hu%2Findex.php%2F2019%2F02%2F25%2Fvarosiangol2019%2F|||&#8221;][vc_separator style=&#8221;shadow&#8221;][vc_btn title=&#8221;Tisza-parti angol v\u00e1rosi verseny 2018.&#8221; color=&#8221;peacoc&#8221; align=&#8221;center&#8221; link=&#8221;url:http%3A%2F%2Fwww.tiszaparti.hu%2Findex.php%2F2018%2F02%2F19%2Ftiszapartiangolverseny%2F|||&#8221;][vc_separator style=&#8221;shadow&#8221;][vc_btn title=&#8221;Tisza-parti angol v\u00e1rosi verseny 2017.&#8221; color=&#8221;peacoc&#8221; align=&#8221;center&#8221; link=&#8221;url:http%3A%2F%2Fwww.tiszaparti.hu%2Findex.php%2F2017%2F03%2F08%2Fangol-verseny-a-tisza-partiban-vegeredmeny%2F|||&#8221;][vc_separator style=&#8221;shadow&#8221;][vc_btn title=&#8221;G\u00f6rgey Art\u00far T\u00f6rt\u00e9nelmi Csapatverseny &#8211; 2016.&#8221; color=&#8221;peacoc&#8221; align=&#8221;center&#8221; link=&#8221;url:http%3A%2F%2Fwww.tiszaparti.hu%2Findex.php%2F2016%2F11%2F10%2Fgorgey-artur-tortenelmi-csapatverseny%2F|||&#8221;][vc_separator style=&#8221;shadow&#8221;][vc_btn title=&#8221;Tisza-parti angol v\u00e1rosi verseny 2016.&#8221; color=&#8221;peacoc&#8221; align=&#8221;center&#8221; link=&#8221;url:http%3A%2F%2Fwww.tiszaparti.hu%2Fwp-content%2Fuploads%2F2016%2F06%2FV%25C3%25A1rosi-angol-versenyeredm%25C3%25A9ny-2016-honlapra.pdf||target:%20_blank|&#8221;][vc_separator style=&#8221;shadow&#8221;][\/vc_column][vc_column width=&#8221;1\/3&#8243; css=&#8221;.vc_custom_1466501465230{background-color: #f4f4f4 !important;}&#8221;][vc_widget_sidebar sidebar_id=&#8221;default&#8221;][\/vc_column][\/vc_row]<\/p>\n","protected":false},"excerpt":{"rendered":"<p>[vc_row][vc_column width=&#8221;2\/3&#8243; css=&#8221;.vc_custom_1466501452641{background-color: #f4ecde !important;}&#8221;][vc_separator style=&#8221;shadow&#8221;][vc_btn title=&#8221;Tisza-parti angol v\u00e1rosi verseny 2025.&#8221; color=&#8221;peacoc&#8221; align=&#8221;center&#8221; link=&#8221;url:https%3A%2F%2Fwww.tiszaparti.hu%2Findex.php%2F2025%2F03%2F04%2Ftisza-partivarosiangolverseny2025%2F|||&#8221;][vc_separator style=&#8221;shadow&#8221;][vc_btn title=&#8221;Tisza-parti helyes\u00edr\u00e1si v\u00e1rosi verseny 2024.&#8221; color=&#8221;warning&#8221; align=&#8221;center&#8221; link=&#8221;url:https%3A%2F%2Fwww.tiszaparti.hu%2Findex.php%2F2024%2F04%2F23%2Fhelyesirasiversenyeredmenyhirdetes%2F|||&#8221;][vc_separator style=&#8221;shadow&#8221;][vc_btn title=&#8221;Tisza-parti angol v\u00e1rosi verseny 2024.&#8221; color=&#8221;peacoc&#8221; align=&#8221;center&#8221; link=&#8221;url:https%3A%2F%2Fwww.tiszaparti.hu%2Findex.php%2F2024%2F02%2F09%2Ftisza-partivarosiangolverseny%2F|||&#8221;][vc_separator style=&#8221;shadow&#8221;][vc_btn title=&#8221;Tisza-parti angol v\u00e1rosi verseny 2023.&#8221; color=&#8221;peacoc&#8221; align=&#8221;center&#8221; link=&#8221;url:https%3A%2F%2Fwww.tiszaparti.hu%2Findex.php%2F2023%2F02%2F23%2Fvarosiangolverseny%2F|||&#8221;][vc_separator style=&#8221;shadow&#8221;][vc_btn title=&#8221;Tisza-parti angol v\u00e1rosi verseny 2019.&#8221; color=&#8221;peacoc&#8221; align=&#8221;center&#8221; link=&#8221;url:http%3A%2F%2Fwww.tiszaparti.hu%2Findex.php%2F2019%2F02%2F25%2Fvarosiangol2019%2F|||&#8221;][vc_separator style=&#8221;shadow&#8221;][vc_btn title=&#8221;Tisza-parti angol v\u00e1rosi verseny [&hellip;]<\/p>\n","protected":false},"author":1,"featured_media":0,"parent":0,"menu_order":0,"comment_status":"closed","ping_status":"closed","template":"","meta":{"footnotes":""},"class_list":["post-3713","page","type-page","status-publish","hentry"],"_links":{"self":[{"href":"https:\/\/www.tiszaparti.hu\/index.php\/wp-json\/wp\/v2\/pages\/3713","targetHints":{"allow":["GET"]}}],"collection":[{"href":"https:\/\/www.tiszaparti.hu\/index.php\/wp-json\/wp\/v2\/pages"}],"about":[{"href":"https:\/\/www.tiszaparti.hu\/index.php\/wp-json\/wp\/v2\/types\/page"}],"author":[{"embeddable":true,"href":"https:\/\/www.tiszaparti.hu\/index.php\/wp-json\/wp\/v2\/users\/1"}],"replies":[{"embeddable":true,"href":"https:\/\/www.tiszaparti.hu\/index.php\/wp-json\/wp\/v2\/comments?post=3713"}],"version-history":[{"count":2,"href":"https:\/\/www.tiszaparti.hu\/index.php\/wp-json\/wp\/v2\/pages\/3713\/revisions"}],"predecessor-version":[{"id":24373,"href":"https:\/\/www.tiszaparti.hu\/index.php\/wp-json\/wp\/v2\/pages\/3713\/revisions\/24373"}],"wp:attachment":[{"href":"https:\/\/www.tiszaparti.hu\/index.php\/wp-json\/wp\/v2\/media?parent=3713"}],"curies":[{"name":"wp","href":"https:\/\/api.w.org\/{rel}","templated":true}]}}