{"id":4585,"date":"2016-11-08T10:41:29","date_gmt":"2016-11-08T10:41:29","guid":{"rendered":"http:\/\/www.tiszaparti.hu\/?page_id=4585"},"modified":"2016-11-08T10:41:29","modified_gmt":"2016-11-08T10:41:29","slug":"latogatas-az-idosek-napkozi-otthonaban","status":"publish","type":"page","link":"https:\/\/www.tiszaparti.hu\/index.php\/latogatas-az-idosek-napkozi-otthonaban\/","title":{"rendered":"L\u00e1togat\u00e1s az Id\u0151sek Napk\u00f6zi Otthon\u00e1ban"},"content":{"rendered":"<p>[vc_row][vc_column width=&#8221;2\/3&#8243; css=&#8221;.vc_custom_1467981708391{background-color: #f4ecde !important;}&#8221;][vc_separator style=&#8221;shadow&#8221;][vc_column_text]<\/p>\n<p>[\/vc_column_text][vc_gallery type=&#8221;slick_slider&#8221; images=&#8221;4373,4374,4375,4376,4377,4378&#8243;][vc_separator style=&#8221;shadow&#8221;][\/vc_column][vc_column width=&#8221;1\/3&#8243; css=&#8221;.vc_custom_1460460438641{background-color: #f4f4f4 !important;}&#8221;][vc_widget_sidebar sidebar_id=&#8221;default&#8221;][\/vc_column][\/vc_row]<\/p>\n","protected":false},"excerpt":{"rendered":"<p>[vc_row][vc_column width=&#8221;2\/3&#8243; css=&#8221;.vc_custom_1467981708391{background-color: #f4ecde !important;}&#8221;][vc_separator style=&#8221;shadow&#8221;][vc_column_text] [\/vc_column_text][vc_gallery type=&#8221;slick_slider&#8221; images=&#8221;4373,4374,4375,4376,4377,4378&#8243;][vc_separator style=&#8221;shadow&#8221;][\/vc_column][vc_column width=&#8221;1\/3&#8243; css=&#8221;.vc_custom_1460460438641{background-color: #f4f4f4 !important;}&#8221;][vc_widget_sidebar sidebar_id=&#8221;default&#8221;][\/vc_column][\/vc_row]<\/p>\n","protected":false},"author":2,"featured_media":0,"parent":0,"menu_order":0,"comment_status":"closed","ping_status":"closed","template":"","meta":{"footnotes":""},"class_list":["post-4585","page","type-page","status-publish","hentry"],"_links":{"self":[{"href":"https:\/\/www.tiszaparti.hu\/index.php\/wp-json\/wp\/v2\/pages\/4585","targetHints":{"allow":["GET"]}}],"collection":[{"href":"https:\/\/www.tiszaparti.hu\/index.php\/wp-json\/wp\/v2\/pages"}],"about":[{"href":"https:\/\/www.tiszaparti.hu\/index.php\/wp-json\/wp\/v2\/types\/page"}],"author":[{"embeddable":true,"href":"https:\/\/www.tiszaparti.hu\/index.php\/wp-json\/wp\/v2\/users\/2"}],"replies":[{"embeddable":true,"href":"https:\/\/www.tiszaparti.hu\/index.php\/wp-json\/wp\/v2\/comments?post=4585"}],"version-history":[{"count":0,"href":"https:\/\/www.tiszaparti.hu\/index.php\/wp-json\/wp\/v2\/pages\/4585\/revisions"}],"wp:attachment":[{"href":"https:\/\/www.tiszaparti.hu\/index.php\/wp-json\/wp\/v2\/media?parent=4585"}],"curies":[{"name":"wp","href":"https:\/\/api.w.org\/{rel}","templated":true}]}}