{"id":5118,"date":"2016-12-09T14:27:15","date_gmt":"2016-12-09T14:27:15","guid":{"rendered":"http:\/\/www.tiszaparti.hu\/?page_id=5118"},"modified":"2016-12-09T14:27:15","modified_gmt":"2016-12-09T14:27:15","slug":"osztalykepek-2016-tanev","status":"publish","type":"page","link":"https:\/\/www.tiszaparti.hu\/index.php\/osztalykepek-2016-tanev\/","title":{"rendered":"OSZT\u00c1LYK\u00c9PEK &#8211; 2016. tan\u00e9v"},"content":{"rendered":"<p>[vc_row][vc_column width=&#8221;2\/3&#8243; css=&#8221;.vc_custom_1481293720285{background-color: #f4ecde !important;}&#8221;][vc_separator style=&#8221;shadow&#8221;][vc_gallery type=&#8221;slick_slider_2&#8243; images=&#8221;5098,5099,5100,5101,5102,5103,5104,5105,5106,5107,5108,5109,5110,5111,5112,5113,5114,5115,5116&#8243; img_size=&#8221;full&#8221; css_animation=&#8221;none&#8221;][vc_separator style=&#8221;shadow&#8221;][\/vc_column][vc_column width=&#8221;1\/3&#8243; css=&#8221;.vc_custom_1481293729984{background-color: #f4f4f4 !important;}&#8221;][vc_widget_sidebar sidebar_id=&#8221;default&#8221;][\/vc_column][\/vc_row]<\/p>\n","protected":false},"excerpt":{"rendered":"<p>[vc_row][vc_column width=&#8221;2\/3&#8243; css=&#8221;.vc_custom_1481293720285{background-color: #f4ecde !important;}&#8221;][vc_separator style=&#8221;shadow&#8221;][vc_gallery type=&#8221;slick_slider_2&#8243; images=&#8221;5098,5099,5100,5101,5102,5103,5104,5105,5106,5107,5108,5109,5110,5111,5112,5113,5114,5115,5116&#8243; img_size=&#8221;full&#8221; css_animation=&#8221;none&#8221;][vc_separator style=&#8221;shadow&#8221;][\/vc_column][vc_column width=&#8221;1\/3&#8243; css=&#8221;.vc_custom_1481293729984{background-color: #f4f4f4 !important;}&#8221;][vc_widget_sidebar sidebar_id=&#8221;default&#8221;][\/vc_column][\/vc_row]<\/p>\n","protected":false},"author":2,"featured_media":0,"parent":0,"menu_order":0,"comment_status":"closed","ping_status":"closed","template":"","meta":{"footnotes":""},"class_list":["post-5118","page","type-page","status-publish","hentry"],"_links":{"self":[{"href":"https:\/\/www.tiszaparti.hu\/index.php\/wp-json\/wp\/v2\/pages\/5118","targetHints":{"allow":["GET"]}}],"collection":[{"href":"https:\/\/www.tiszaparti.hu\/index.php\/wp-json\/wp\/v2\/pages"}],"about":[{"href":"https:\/\/www.tiszaparti.hu\/index.php\/wp-json\/wp\/v2\/types\/page"}],"author":[{"embeddable":true,"href":"https:\/\/www.tiszaparti.hu\/index.php\/wp-json\/wp\/v2\/users\/2"}],"replies":[{"embeddable":true,"href":"https:\/\/www.tiszaparti.hu\/index.php\/wp-json\/wp\/v2\/comments?post=5118"}],"version-history":[{"count":0,"href":"https:\/\/www.tiszaparti.hu\/index.php\/wp-json\/wp\/v2\/pages\/5118\/revisions"}],"wp:attachment":[{"href":"https:\/\/www.tiszaparti.hu\/index.php\/wp-json\/wp\/v2\/media?parent=5118"}],"curies":[{"name":"wp","href":"https:\/\/api.w.org\/{rel}","templated":true}]}}