{"id":5839,"date":"2017-03-17T10:12:07","date_gmt":"2017-03-17T10:12:07","guid":{"rendered":"http:\/\/www.tiszaparti.hu\/?page_id=5839"},"modified":"2017-03-17T10:12:07","modified_gmt":"2017-03-17T10:12:07","slug":"okohet-2017-marcius","status":"publish","type":"page","link":"https:\/\/www.tiszaparti.hu\/index.php\/galeriamedia\/fotok-videok\/okohet-2017-marcius\/","title":{"rendered":"\u00d6koh\u00e9t (2017. m\u00e1rcius)"},"content":{"rendered":"<p>[vc_row][vc_column width=&#8221;2\/3&#8243; css=&#8221;.vc_custom_1489745480423{background-color: #f4ecde !important;}&#8221;][vc_separator style=&#8221;shadow&#8221;][vc_gallery type=&#8221;slick_slider&#8221; images=&#8221;5841,5842,5843,5844,5845,5846,5847&#8243;][vc_separator style=&#8221;shadow&#8221;][\/vc_column][vc_column width=&#8221;1\/3&#8243; css=&#8221;.vc_custom_1489745491427{background-color: #f4f4f4 !important;}&#8221;][vc_widget_sidebar sidebar_id=&#8221;default&#8221;][\/vc_column][\/vc_row]<\/p>\n","protected":false},"excerpt":{"rendered":"<p>[vc_row][vc_column width=&#8221;2\/3&#8243; css=&#8221;.vc_custom_1489745480423{background-color: #f4ecde !important;}&#8221;][vc_separator style=&#8221;shadow&#8221;][vc_gallery type=&#8221;slick_slider&#8221; images=&#8221;5841,5842,5843,5844,5845,5846,5847&#8243;][vc_separator style=&#8221;shadow&#8221;][\/vc_column][vc_column width=&#8221;1\/3&#8243; css=&#8221;.vc_custom_1489745491427{background-color: #f4f4f4 !important;}&#8221;][vc_widget_sidebar sidebar_id=&#8221;default&#8221;][\/vc_column][\/vc_row]<\/p>\n","protected":false},"author":2,"featured_media":0,"parent":1941,"menu_order":0,"comment_status":"closed","ping_status":"closed","template":"","meta":{"footnotes":""},"class_list":["post-5839","page","type-page","status-publish","hentry"],"_links":{"self":[{"href":"https:\/\/www.tiszaparti.hu\/index.php\/wp-json\/wp\/v2\/pages\/5839","targetHints":{"allow":["GET"]}}],"collection":[{"href":"https:\/\/www.tiszaparti.hu\/index.php\/wp-json\/wp\/v2\/pages"}],"about":[{"href":"https:\/\/www.tiszaparti.hu\/index.php\/wp-json\/wp\/v2\/types\/page"}],"author":[{"embeddable":true,"href":"https:\/\/www.tiszaparti.hu\/index.php\/wp-json\/wp\/v2\/users\/2"}],"replies":[{"embeddable":true,"href":"https:\/\/www.tiszaparti.hu\/index.php\/wp-json\/wp\/v2\/comments?post=5839"}],"version-history":[{"count":0,"href":"https:\/\/www.tiszaparti.hu\/index.php\/wp-json\/wp\/v2\/pages\/5839\/revisions"}],"up":[{"embeddable":true,"href":"https:\/\/www.tiszaparti.hu\/index.php\/wp-json\/wp\/v2\/pages\/1941"}],"wp:attachment":[{"href":"https:\/\/www.tiszaparti.hu\/index.php\/wp-json\/wp\/v2\/media?parent=5839"}],"curies":[{"name":"wp","href":"https:\/\/api.w.org\/{rel}","templated":true}]}}