{"id":5850,"date":"2017-03-17T10:16:31","date_gmt":"2017-03-17T10:16:31","guid":{"rendered":"http:\/\/www.tiszaparti.hu\/?page_id=5850"},"modified":"2017-03-17T10:16:31","modified_gmt":"2017-03-17T10:16:31","slug":"roplabda-diakolimpia-2017-marcius","status":"publish","type":"page","link":"https:\/\/www.tiszaparti.hu\/index.php\/galeriamedia\/fotok-videok\/roplabda-diakolimpia-2017-marcius\/","title":{"rendered":"R\u00f6plabda di\u00e1kolimpia (2017. m\u00e1rcius)"},"content":{"rendered":"<p>[vc_row][vc_column width=&#8221;2\/3&#8243; css=&#8221;.vc_custom_1489745712244{background-color: #f4ecde !important;}&#8221;][vc_separator style=&#8221;shadow&#8221;][vc_gallery type=&#8221;slick_slider&#8221; images=&#8221;5852,5853,5854,5855,5856,5857,5859,5861,5863,5864,5865,5866,5867,5868,5870,5871,5873,5874,5875,5876,5877,5879,5880,5881,5882,5883,5884,5885,5886&#8243;][vc_separator style=&#8221;shadow&#8221;][\/vc_column][vc_column width=&#8221;1\/3&#8243; css=&#8221;.vc_custom_1489745724359{background-color: #f4f4f4 !important;}&#8221;][vc_widget_sidebar sidebar_id=&#8221;default&#8221;][\/vc_column][\/vc_row]<\/p>\n","protected":false},"excerpt":{"rendered":"<p>[vc_row][vc_column width=&#8221;2\/3&#8243; css=&#8221;.vc_custom_1489745712244{background-color: #f4ecde !important;}&#8221;][vc_separator style=&#8221;shadow&#8221;][vc_gallery type=&#8221;slick_slider&#8221; images=&#8221;5852,5853,5854,5855,5856,5857,5859,5861,5863,5864,5865,5866,5867,5868,5870,5871,5873,5874,5875,5876,5877,5879,5880,5881,5882,5883,5884,5885,5886&#8243;][vc_separator style=&#8221;shadow&#8221;][\/vc_column][vc_column width=&#8221;1\/3&#8243; css=&#8221;.vc_custom_1489745724359{background-color: #f4f4f4 !important;}&#8221;][vc_widget_sidebar sidebar_id=&#8221;default&#8221;][\/vc_column][\/vc_row]<\/p>\n","protected":false},"author":2,"featured_media":0,"parent":1941,"menu_order":0,"comment_status":"closed","ping_status":"closed","template":"","meta":{"footnotes":""},"class_list":["post-5850","page","type-page","status-publish","hentry"],"_links":{"self":[{"href":"https:\/\/www.tiszaparti.hu\/index.php\/wp-json\/wp\/v2\/pages\/5850","targetHints":{"allow":["GET"]}}],"collection":[{"href":"https:\/\/www.tiszaparti.hu\/index.php\/wp-json\/wp\/v2\/pages"}],"about":[{"href":"https:\/\/www.tiszaparti.hu\/index.php\/wp-json\/wp\/v2\/types\/page"}],"author":[{"embeddable":true,"href":"https:\/\/www.tiszaparti.hu\/index.php\/wp-json\/wp\/v2\/users\/2"}],"replies":[{"embeddable":true,"href":"https:\/\/www.tiszaparti.hu\/index.php\/wp-json\/wp\/v2\/comments?post=5850"}],"version-history":[{"count":0,"href":"https:\/\/www.tiszaparti.hu\/index.php\/wp-json\/wp\/v2\/pages\/5850\/revisions"}],"up":[{"embeddable":true,"href":"https:\/\/www.tiszaparti.hu\/index.php\/wp-json\/wp\/v2\/pages\/1941"}],"wp:attachment":[{"href":"https:\/\/www.tiszaparti.hu\/index.php\/wp-json\/wp\/v2\/media?parent=5850"}],"curies":[{"name":"wp","href":"https:\/\/api.w.org\/{rel}","templated":true}]}}