{"id":8747,"date":"2018-02-13T13:38:09","date_gmt":"2018-02-13T13:38:09","guid":{"rendered":"http:\/\/www.tiszaparti.hu\/?page_id=8747"},"modified":"2018-03-27T12:53:58","modified_gmt":"2018-03-27T12:53:58","slug":"kistermeszettudosokklubja","status":"publish","type":"page","link":"https:\/\/www.tiszaparti.hu\/index.php\/kistermeszettudosokklubja\/","title":{"rendered":"Kis Term\u00e9szettudos\u00f3k Klubja"},"content":{"rendered":"<p>[vc_row][vc_column width=&#8221;2\/3&#8243; css=&#8221;.vc_custom_1467981708391{background-color: #f4ecde !important;}&#8221;][vc_separator style=&#8221;shadow&#8221;][vc_column_text]<\/p>\n<p style=\"text-align: justify;\">Kedves Gyerekek!<\/p>\n<p style=\"text-align: justify;\">\u00d6r\u00f6mmel tapasztaltuk, hogy az elm\u00falt \u00e9vben sz\u00edvesen v\u00e9geztetek otthon is term\u00e9szettudom\u00e1nyos\u00a0k\u00eds\u00e9rleteket, megfigyel\u00e9seket \u00e9s prezent\u00e1ci\u00f3kat. Ezek rendk\u00edv\u00fcl n\u00e9pszer\u0171ek oszt\u00e1lyt\u00e1rsaitok k\u00f6r\u00e9ben.<\/p>\n<p style=\"text-align: justify;\">Megalak\u00edtottuk a <strong>Kis Term\u00e9szettud\u00f3sok Klubj\u00e1t<\/strong>. Szeretn\u00e9nk, ha min\u00e9l t\u00f6bben bekapcsol\u00f3dn\u00e1tok ebbe\u00a0a kezdem\u00e9nyez\u00e9sbe \u00e9s v\u00e1rjuk az \u00fajabb egy\u00e9ni vagy csoportos munk\u00e1kat.<\/p>\n<p style=\"text-align: justify;\"><em>Term\u00e9szettudom\u00e1nyos munkak\u00f6z\u00f6ss\u00e9g<\/em><\/p>\n<p>[\/vc_column_text][vc_separator style=&#8221;shadow&#8221;][vc_column_text]<span style=\"color: #0000ff;\"><a style=\"color: #0000ff;\" href=\"https:\/\/www.tiszaparti.hu\/index.php\/elektromosallapot\/\"><strong>Elektromos \u00e1llapot<\/strong><\/a><\/span><br \/>\n<em>Csonka Izabella 8.a<\/em>[\/vc_column_text][vc_column_text]<span style=\"color: #0000ff;\"><a style=\"color: #0000ff;\" href=\"https:\/\/www.tiszaparti.hu\/index.php\/otthonikiserlet\/\"><strong>Segner ker\u00e9k<\/strong><\/a><\/span><br \/>\n<em>B\u00f3di Kamilla 7.b<\/em>[\/vc_column_text][vc_column_text]<a href=\"https:\/\/www.tiszaparti.hu\/index.php\/kistermeszettudosokklubja\/katedralis\/\"><span style=\"color: #0000ff;\"><strong>Katedr\u00e1lis<\/strong><\/span><\/a><br \/>\n<em>Sahin-T\u00f3th G\u00e1bor 5.a<\/em><br \/>\n<em>Szab\u00f3 Konr\u00e1d 5.a<\/em><br \/>\n<em>T\u00f3th P\u00e9ter \u00c1kos 5.a<\/em>[\/vc_column_text][vc_separator style=&#8221;shadow&#8221;][\/vc_column][vc_column width=&#8221;1\/3&#8243; css=&#8221;.vc_custom_1460460438641{background-color: #f4f4f4 !important;}&#8221;][vc_widget_sidebar sidebar_id=&#8221;default&#8221;][\/vc_column][\/vc_row]<\/p>\n","protected":false},"excerpt":{"rendered":"<p>[vc_row][vc_column width=&#8221;2\/3&#8243; css=&#8221;.vc_custom_1467981708391{background-color: #f4ecde !important;}&#8221;][vc_separator style=&#8221;shadow&#8221;][vc_column_text] Kedves Gyerekek! \u00d6r\u00f6mmel tapasztaltuk, hogy az elm\u00falt \u00e9vben sz\u00edvesen v\u00e9geztetek otthon is term\u00e9szettudom\u00e1nyos\u00a0k\u00eds\u00e9rleteket, megfigyel\u00e9seket \u00e9s prezent\u00e1ci\u00f3kat. Ezek rendk\u00edv\u00fcl n\u00e9pszer\u0171ek oszt\u00e1lyt\u00e1rsaitok k\u00f6r\u00e9ben. Megalak\u00edtottuk a Kis Term\u00e9szettud\u00f3sok Klubj\u00e1t. Szeretn\u00e9nk, ha min\u00e9l t\u00f6bben bekapcsol\u00f3dn\u00e1tok ebbe\u00a0a kezdem\u00e9nyez\u00e9sbe \u00e9s v\u00e1rjuk az \u00fajabb egy\u00e9ni vagy csoportos munk\u00e1kat. Term\u00e9szettudom\u00e1nyos munkak\u00f6z\u00f6ss\u00e9g [\/vc_column_text][vc_separator style=&#8221;shadow&#8221;][vc_column_text]Elektromos \u00e1llapot Csonka Izabella 8.a[\/vc_column_text][vc_column_text]Segner [&hellip;]<\/p>\n","protected":false},"author":2,"featured_media":0,"parent":0,"menu_order":0,"comment_status":"closed","ping_status":"closed","template":"","meta":{"footnotes":""},"class_list":["post-8747","page","type-page","status-publish","hentry"],"_links":{"self":[{"href":"https:\/\/www.tiszaparti.hu\/index.php\/wp-json\/wp\/v2\/pages\/8747","targetHints":{"allow":["GET"]}}],"collection":[{"href":"https:\/\/www.tiszaparti.hu\/index.php\/wp-json\/wp\/v2\/pages"}],"about":[{"href":"https:\/\/www.tiszaparti.hu\/index.php\/wp-json\/wp\/v2\/types\/page"}],"author":[{"embeddable":true,"href":"https:\/\/www.tiszaparti.hu\/index.php\/wp-json\/wp\/v2\/users\/2"}],"replies":[{"embeddable":true,"href":"https:\/\/www.tiszaparti.hu\/index.php\/wp-json\/wp\/v2\/comments?post=8747"}],"version-history":[{"count":0,"href":"https:\/\/www.tiszaparti.hu\/index.php\/wp-json\/wp\/v2\/pages\/8747\/revisions"}],"wp:attachment":[{"href":"https:\/\/www.tiszaparti.hu\/index.php\/wp-json\/wp\/v2\/media?parent=8747"}],"curies":[{"name":"wp","href":"https:\/\/api.w.org\/{rel}","templated":true}]}}